{"id":22888,"date":"2018-06-12T10:21:25","date_gmt":"2018-06-12T08:21:25","guid":{"rendered":"https:\/\/www.lauragallego.com\/?page_id=22888"},"modified":"2019-02-03T20:32:50","modified_gmt":"2019-02-03T18:32:50","slug":"bucher-auf-deutsch","status":"publish","type":"page","link":"https:\/\/www.lauragallego.com\/en\/books\/books-in-other-languages\/bucher-auf-deutsch\/","title":{"rendered":"B\u00fccher auf Deutsch"},"content":{"rendered":"<div class=\"wpb-content-wrapper\">[vc_row][vc_column][vc_column_text el_class=&#8221;nav-books&#8221;]\n<ul>\n<li><a href=\"https:\/\/www.lauragallego.com\/en\/books\/\">BOOKS<\/a><\/li>\n<li><a href=\"https:\/\/www.lauragallego.com\/en\/books\/books-in-english\/\">BOOKS IN ENGLISH<\/a><\/li>\n<li class=\"current\"><a href=\"https:\/\/www.lauragallego.com\/en\/books\/books-in-other-languages\/\">BOOKS IN OTHER LANGUAGES<\/a><\/li>\n<\/ul>\n[\/vc_column_text][\/vc_column][\/vc_row][vc_row el_class=&#8221;row-books margin-bottom-3x&#8221;][vc_column][vc_row_inner][vc_column_inner width=&#8221;1\/2&#8243; offset=&#8221;vc_col-md-3&#8243;][vc_single_image image=&#8221;22214&#8243; img_size=&#8221;full&#8221;][vc_column_text]<em><strong>Dieses Buch ist vergriffen und wird nicht mehr nachgedruckt<\/strong><\/em><\/p>\n<p><strong>Titel:<\/strong>\u00a0Finis Mundi oder Die drei magischen Amulette<br \/>\n<strong>Verlag:<\/strong>\u00a0DTV Junior<br \/>\n<strong>\u00dcbersetzer:<\/strong>\u00a0Ilse Layer<br \/>\n<strong>\u00dcbersicht:<br \/>\n<\/strong>Frankreich 997 n. Ch.: Der 15-j\u00e4hrige M\u00f6nch Michel rettet nach einem Klosterbrand nicht nur sein Leben, sondern auch eine geheimnisvolle Schrift. M\u00fchevoll versucht er die vergilbten Pergamentbl\u00e4tter zu entziffern und erschaudert: Die Schrift k\u00fcndigt das Ende der Welt f\u00fcr das Jahr 1000 an! Nur wenn es jemand schafft, die drei Zeitachsen \u2013 die Achse der Gegenwart, der Zukunft und der Vergangenheit \u2013 wieder zusammenzuf\u00fchren, kann sich das \u00bbRad der Zeit\u00ab weiterdrehen. Entschlossen, den Untergang der Welt zu verhindern, begeben sich Michel und Mattius in Begleitung der sch\u00f6nen Lucia auf die Suche \u2013 und damit auf eine abenteuerliche Reise: Denn noch jemand hat es auf die Macht der drei Amulette abgesehen[\/vc_column_text][\/vc_column_inner][vc_column_inner width=&#8221;1\/2&#8243; offset=&#8221;vc_col-md-3&#8243;][vc_single_image image=&#8221;22702&#8243; img_size=&#8221;full&#8221;][vc_column_text]<em><strong>Dieses Buch ist vergriffen und wird nicht mehr nachgedruckt<\/strong><\/em><\/p>\n<p><strong>Titel:<\/strong>\u00a0Das Tal der W\u00f6lfe<br \/>\n<strong>Verlag:<\/strong>\u00a0DTV Junior<br \/>\n<strong>\u00dcbersetzer:<\/strong>\u00a0Ilse Layer<br \/>\n<strong>\u00dcbersicht:<\/strong><br \/>\nDana ist ein seltsames M\u00e4dchen, die anderen im Dorf be\u00e4ugen sie argw\u00f6hnisch, Freunde hat sie nicht. Nur Kai. Der Junge ist eines Tages aufgetaucht und seitdem ihr einziger Vertrauter. Doch f\u00fcr andere ist er nicht sichtbar. Als ein Fremder kommt und den Eltern verspricht, sich um Danas Erziehung zu k\u00fcmmern, geht sie mit ihm in den Turm im Tal der W\u00f6lfe. Dort erh\u00e4lt sie eine Ausbildung in der Kunst der Magie. Doch f\u00fchrt der \u203aMeister\u2039, wie Dana ihren Lehrer nennt, nur Gutes im Schilde? Offensichtlich will er sich Danas spezielle Begabung zu Nutze machen, die damit zusammenh\u00e4ngt, dass sie Kai sehen kann\u2026[\/vc_column_text][\/vc_column_inner][vc_column_inner width=&#8221;1\/2&#8243; offset=&#8221;vc_col-md-3&#8243;][vc_single_image image=&#8221;22734&#8243; img_size=&#8221;full&#8221;][vc_column_text]<em><strong>Dieses Buch ist vergriffen und wird nicht mehr nachgedruckt<\/strong><\/em><\/p>\n<p><strong>Titel:<\/strong>\u00a0Der Fluch des Meisters<br \/>\n<strong>Verlag:<\/strong>\u00a0DTV Junior<br \/>\n<strong>\u00dcbersetzer:<\/strong>\u00a0Ilse Layer<br \/>\n<strong>\u00dcbersicht:<br \/>\n<\/strong>Dana ist die neue Turmherrin im Tal der W\u00f6lfe, nachdem sie den grausamen Meister besiegt hat. Doch der hat ihr mit seinem letzten Atemzug Rache geschworen \u2013 \u00bbschlimmer als der Tod\u00ab. Sie wird in das Labyrinth der Schatten gelockt: in eine Welt jenseits von Raum und Zeit, von Leben und Tod, in der dunkle Nebelschwaden wabern und die Insassen solange von Alptr\u00e4umen gequ\u00e4lt werden, bis sie sich in verstandslose Schatten verwandeln. W\u00e4hrenddessen setzen Danas Sch\u00fcler alles daran, ihre Lehrerin wiederzufinden. Doch Gefahr ist in Verzug: Einer von ihnen hat einen Pakt mit dem alten Meister geschlossen\u2026[\/vc_column_text][\/vc_column_inner][vc_column_inner width=&#8221;1\/2&#8243; offset=&#8221;vc_col-md-3&#8243;][vc_single_image image=&#8221;22777&#8243; img_size=&#8221;full&#8221;][vc_column_text]<em><strong>Dieses Buch ist vergriffen und wird nicht mehr nachgedruckt<\/strong><\/em><\/p>\n<p><strong>Titel:<\/strong>\u00a0Der Ruf der Toten<br \/>\n<strong>Verlag:<\/strong>\u00a0DTV Junior<br \/>\n<strong>\u00dcbersetzer:<\/strong>\u00a0Ilse Layer<br \/>\n<strong>\u00dcbersicht:<br \/>\n<\/strong>Brillanter Abschluss der Trilogie um Dana und ihre Gef\u00e4hrten nach \u203aDas Tal der W\u00f6lfe\u2039 und \u203aDer Fluch des Meisters\u2039 Dana, Meisterin des Zauberturms im Tal der W\u00f6lfe, bekommt einen neuen Sch\u00fcler: Saevin. Er ist begabter als jeder andere ihrer Lehrlinge und sie vermutet in ihm einen der seltenen \u00bbAuserw\u00e4hlten\u00ab. Daraufhin befragt sie ein Orakel und die Prophezeiung ist unheilvoll. Doch ist wirklich von Saevin die Rede?[\/vc_column_text][\/vc_column_inner][\/vc_row_inner][vc_row_inner][vc_column_inner width=&#8221;1\/2&#8243; offset=&#8221;vc_col-md-3&#8243;][vc_single_image image=&#8221;22524&#8243; img_size=&#8221;full&#8221;][vc_column_text]<em><strong>Dieses Buch ist vergriffen und wird nicht mehr nachgedruckt<\/strong><\/em><\/p>\n<p><strong>Titel:<\/strong>\u00a0Geheime Welt Idh\u00fan 1. Die Verschw\u00f6rung<br \/>\n<strong>Verlag:<\/strong>\u00a0DTV Junior<br \/>\n<strong>\u00dcbersetzer:<\/strong>\u00a0Ilse Layer<br \/>\n<strong>\u00dcbersicht:<br \/>\n<\/strong>Ein Drache und ein Einhorn \u2013 die beiden letzten ihrer Art \u2013 verstecken sich vor dem Schwarzmagier Ashran auf der Erde. Nur wer sie findet, vermag seine Macht \u00fcber den Planeten Idh\u00fan zu brechen. Eine kleine Gruppe von Rebellen macht sich auf die Suche\u2026 Der Beginn der fantastischen Trilogie um die geheime Welt Idh\u00fan.<strong><br \/>\n<\/strong>[\/vc_column_text][\/vc_column_inner][vc_column_inner width=&#8221;1\/2&#8243; offset=&#8221;vc_col-md-3&#8243;][vc_single_image image=&#8221;22569&#8243; img_size=&#8221;full&#8221;][vc_column_text]<em><strong>Dieses Buch ist vergriffen und wird nicht mehr nachgedruckt<\/strong><\/em><\/p>\n<p><strong>Titel:<\/strong>\u00a0Geheime Welt Idh\u00fan 2. Die Feuerprobe<br \/>\n<strong>Verlag:<\/strong>\u00a0DTV Junior<br \/>\n<strong>\u00dcbersetzer:<\/strong>\u00a0Ilse Layer<br \/>\n<strong>\u00dcbersicht:<br \/>\n<\/strong>Jack und Victoria reisen nach Idh\u00fan, um sich dem Schwarzmagier Ashran entgegenzustellen. Bei ihnen ist Kirtash, Ashrans Sohn, der auf der Seite der Verschw\u00f6rer k\u00e4mpft. Wird die Freundschaft der drei Gef\u00e4hrten diese Feuerprobe \u00fcberstehen? Der zweite Band der fantastischen Trilogie um die geheime Welt Idh\u00fan.[\/vc_column_text][\/vc_column_inner][vc_column_inner width=&#8221;1\/2&#8243; offset=&#8221;vc_col-md-3&#8243;][vc_single_image image=&#8221;21262&#8243; img_size=&#8221;full&#8221;][vc_column_text]<strong><em>Dieses Buch ist vergriffen und wird nicht mehr nachgedruckt<\/em><\/strong><\/p>\n<p><strong>Titel:<\/strong>\u00a0Geheime Welt Idh\u00fan 3. Der Krieg der G\u00f6tter I<br \/>\n<strong>Verlag:<\/strong>\u00a0DTV Junior<br \/>\n<strong>\u00dcbersetzer:<\/strong>\u00a0Ilse Layer<br \/>\n<strong>\u00dcbersicht:<br \/>\n<\/strong>Ashran, der Schwarzmagier, ist besiegt, die Prophezeiung hat sich erf\u00fcllt und Idh\u00fan scheint gerettet. Doch zu welchem Preis? Victoria hat ihr Horn verloren und damit ihre Einhornseele. Christian wird als Shek verfolgt und Jack verzweifelt an den B\u00fcrden als letzter Drache. Und gerade jetzt erheben die Orakel wieder ihre Stimmen. Sie k\u00fcndigen gro\u00dfes Unheil an \u2026 Der erste Teil des gro\u00dfen Finales um die geheime Welt Idh\u00fan.[\/vc_column_text][\/vc_column_inner][vc_column_inner width=&#8221;1\/2&#8243; offset=&#8221;vc_col-md-3&#8243;][vc_single_image image=&#8221;21264&#8243; img_size=&#8221;full&#8221;][vc_column_text]<em><strong>Dieses Buch ist vergriffen und wird nicht mehr nachgedruckt<\/strong><\/em><\/p>\n<p><strong>Titel:<\/strong>\u00a0Geheime Welt Idh\u00fan 3. Der Krieg der G\u00f6tter II<br \/>\n<strong>Verlag:<\/strong>\u00a0DTV Junior<br \/>\n<strong>\u00dcbersetzer:<\/strong>\u00a0Ilse Layer<br \/>\n<strong>\u00dcbersicht:<br \/>\n<\/strong>Die Natur auf Idh\u00fan spielt verr\u00fcckt, Land und Bewohner sind dem Untergang geweiht. Ein letztes Mal ist es an Victoria, Jack und Christian, ihre Welt zu retten. Doch ihre Gegenspieler sind mehr als m\u00e4chtig. Es sind die G\u00f6tter selbst. Und die scheint das Schicksal ihrer Sch\u00f6pfung nicht im Mindesten zu k\u00fcmmern\u2026 Der zweite Teil des gro\u00dfen Finales um die geheime Welt Idh\u00fan.[\/vc_column_text][\/vc_column_inner][\/vc_row_inner][vc_row_inner][vc_column_inner width=&#8221;1\/2&#8243; offset=&#8221;vc_col-md-3&#8243;][vc_single_image image=&#8221;21097&#8243; img_size=&#8221;full&#8221;][vc_column_text]<em><strong>Dieses Buch ist vergriffen und wird nicht mehr nachgedruckt<\/strong><\/em><\/p>\n<p><strong>Titel:<\/strong>\u00a0Der Teppich des Dichters<br \/>\n<strong>Verlag:<\/strong>\u00a0Gestenberg<br \/>\n<strong>\u00dcbersetzer:<\/strong>\u00a0Rosemarie Griebel-Kruip<br \/>\n<strong>\u00dcbersicht:<br \/>\n<\/strong>Der junge arabische Prinz Walid, Thronfolger des K\u00f6nigreichs Kinda, tr\u00e4umt davon, der ber\u00fchmteste Dichter seines Landes zu werden. Doch beim Dichterwettstreit wird er von einem einfachen Teppichweber aus einer entlegenen Oase besiegt. Walid ernennt den Mann zum k\u00f6niglichen Geschichtsschreiber. Damit verbunden ist die undankbare Aufgabe, das riesige Palastarchiv zu ordnen. Au\u00dferdem verlangt der Prinz von dem Mann, einen Teppich zu kn\u00fcpfen, auf dem die Geschichte der Menschheit zu sehen ist. Nach vielen Jahren ist das schier Unm\u00f6gliche vollbracht, kurz darauf stirbt der inzwischen erblindete Teppichweber v\u00f6llig entkr\u00e4ftet. Als der unheilvolle Teppich gestohlen wird, will Walid ihn unbedingt wiederhaben. Er macht sich auf eine lange Suche quer durch die W\u00fcste und lebt unter Beduinen, Kaufleuten und Gesetzlosen. Am Ende findet er nicht nur den Teppich?[\/vc_column_text][\/vc_column_inner][vc_column_inner width=&#8221;1\/2&#8243; offset=&#8221;vc_col-md-3&#8243;][vc_single_image image=&#8221;21074&#8243; img_size=&#8221;full&#8221;][vc_column_text]<em><strong>Dieses Buch ist vergriffen und wird nicht mehr nachgedruckt<\/strong><\/em><\/p>\n<p><strong>Titel:<\/strong>\u00a0Die Kaiserin des blauen Lichts<br \/>\n<strong>Verlag:<\/strong>\u00a0DTV Junior<br \/>\n<strong>\u00dcbersetzer:<\/strong>\u00a0Ilse Layer<br \/>\n<strong>\u00dcbersicht:<br \/>\n<\/strong>Bipa und Aer leben wie viele andere Familien in den H\u00f6hlen. Drau\u00dfen herrscht immer Winter, es ist neblig, kalt und ungem\u00fctlich. Nur hinter den Eisbergen, hei\u00dft es, im \u00c4therischen Reich, hat die Unwirtlichkeit ein Ende. Dort gibt es kein Leiden, Hunger und Durst existieren nicht. Bipa glaubt diesen Geschichten nicht. Doch Aer hat sich schon auf den Weg gemacht und Bipa beschlie\u00dft, ihm zu folgen.[\/vc_column_text][\/vc_column_inner][vc_column_inner width=&#8221;1\/2&#8243; offset=&#8221;vc_col-md-3&#8243;][vc_single_image image=&#8221;22194&#8243; img_size=&#8221;full&#8221;][vc_column_text]<em><strong>Dieses Buch ist vergriffen und wird nicht mehr nachgedruckt<\/strong><\/em><\/p>\n<p><strong>Titel:<\/strong>\u00a0Zwei Kerzen f\u00fcr den Teufel<br \/>\n<strong>Verlag:<\/strong>\u00a0DTV Junior<br \/>\n<strong>\u00dcbersetzer:<\/strong>\u00a0Ilse Layer<br \/>\n<strong>\u00dcbersicht:<br \/>\n<\/strong>Caterina, genannt Cat, ist die Tochter eines Engels. Trotzdem kann sie weder fliegen noch hat sie einen besonderen Draht zu Gott. Sie ist eine ganz normale 16-J\u00e4hrige, die sich nur etwas besser mit Engeln und D\u00e4monen auskennt als andere Sterbliche. Doch eines Tages wird sie tiefer in die \u00fcberirdische Welt hineingezogen, als ihr lieb ist. Ihr Vater, ein niedrigrangiger Engel, wird ermordet. Cat setzt alles daran, den M\u00f6rder zu finden, und kommt einer Verschw\u00f6rung auf die Spur, die ihre ganze Welt durcheinanderbringt. Denn offensichtlich h\u00e4ngt auch sie mit drin, in diesem Projekt, das die gesamte Menschheit bedroht\u2026[\/vc_column_text][\/vc_column_inner][vc_column_inner width=&#8221;1\/2&#8243; offset=&#8221;vc_col-md-3&#8243;][\/vc_column_inner][\/vc_row_inner][\/vc_column][\/vc_row]\n<\/div>","protected":false},"excerpt":{"rendered":"<p>[vc_row][vc_column][vc_column_text el_class=&#8221;nav-books&#8221;] BOOKS BOOKS IN ENGLISH BOOKS IN OTHER LANGUAGES [\/vc_column_text][\/vc_column][\/vc_row][vc_row el_class=&#8221;row-books margin-bottom-3x&#8221;][vc_column][vc_row_inner][vc_column_inner width=&#8221;1\/2&#8243; offset=&#8221;vc_col-md-3&#8243;][vc_single_image image=&#8221;22214&#8243; img_size=&#8221;full&#8221;][vc_column_text]Dieses Buch ist vergriffen und wird nicht mehr nachgedruckt Titel:\u00a0Finis Mundi oder Die drei magischen Amulette Verlag:\u00a0DTV Junior \u00dcbersetzer:\u00a0Ilse Layer \u00dcbersicht: Frankreich 997 n. Ch.: Der 15-j\u00e4hrige M\u00f6nch Michel rettet nach einem Klosterbrand nicht nur sein Leben, sondern auch eine geheimnisvolle Schrift. M\u00fchevoll versucht er die vergilbten Pergamentbl\u00e4tter zu entziffern und erschaudert: Die Schrift k\u00fcndigt das Ende der Welt f\u00fcr das Jahr 1000 an!&#8230;<\/p>\n","protected":false},"author":2,"featured_media":0,"parent":22726,"menu_order":0,"comment_status":"closed","ping_status":"closed","template":"","meta":{"_acf_changed":false,"footnotes":""},"class_list":["post-22888","page","type-page","status-publish","hentry"],"acf":[],"yoast_head":"<!-- This site is optimized with the Yoast SEO plugin v27.4 - https:\/\/yoast.com\/product\/yoast-seo-wordpress\/ -->\n<title>B\u00fccher auf Deutsch - Laura Gallego - Oficial<\/title>\n<meta name=\"robots\" content=\"index, follow, max-snippet:-1, max-image-preview:large, max-video-preview:-1\" \/>\n<link rel=\"canonical\" href=\"https:\/\/www.lauragallego.com\/en\/books\/books-in-other-languages\/bucher-auf-deutsch\/\" \/>\n<meta property=\"og:locale\" content=\"en_US\" \/>\n<meta property=\"og:type\" content=\"article\" \/>\n<meta property=\"og:title\" content=\"B\u00fccher auf Deutsch - Laura Gallego - Oficial\" \/>\n<meta property=\"og:description\" content=\"[vc_row][vc_column][vc_column_text el_class=&#8221;nav-books&#8221;] BOOKS BOOKS IN ENGLISH BOOKS IN OTHER LANGUAGES [\/vc_column_text][\/vc_column][\/vc_row][vc_row el_class=&#8221;row-books margin-bottom-3x&#8221;][vc_column][vc_row_inner][vc_column_inner width=&#8221;1\/2&#8243; offset=&#8221;vc_col-md-3&#8243;][vc_single_image image=&#8221;22214&#8243; img_size=&#8221;full&#8221;][vc_column_text]Dieses Buch ist vergriffen und wird nicht mehr nachgedruckt Titel:\u00a0Finis Mundi oder Die drei magischen Amulette Verlag:\u00a0DTV Junior \u00dcbersetzer:\u00a0Ilse Layer \u00dcbersicht: Frankreich 997 n. Ch.: Der 15-j\u00e4hrige M\u00f6nch Michel rettet nach einem Klosterbrand nicht nur sein Leben, sondern auch eine geheimnisvolle Schrift. M\u00fchevoll versucht er die vergilbten Pergamentbl\u00e4tter zu entziffern und erschaudert: Die Schrift k\u00fcndigt das Ende der Welt f\u00fcr das Jahr 1000 an!...\" \/>\n<meta property=\"og:url\" content=\"https:\/\/www.lauragallego.com\/en\/books\/books-in-other-languages\/bucher-auf-deutsch\/\" \/>\n<meta property=\"og:site_name\" content=\"Laura Gallego - Oficial\" \/>\n<meta property=\"article:publisher\" content=\"https:\/\/www.facebook.com\/lauragallegooficial\" \/>\n<meta property=\"article:modified_time\" content=\"2019-02-03T18:32:50+00:00\" \/>\n<meta name=\"twitter:card\" content=\"summary_large_image\" \/>\n<meta name=\"twitter:site\" content=\"@_LauraGallego\" \/>\n<meta name=\"twitter:label1\" content=\"Est. reading time\" \/>\n\t<meta name=\"twitter:data1\" content=\"8 minutes\" \/>\n<script type=\"application\/ld+json\" class=\"yoast-schema-graph\">{\"@context\":\"https:\\\/\\\/schema.org\",\"@graph\":[{\"@type\":\"WebPage\",\"@id\":\"https:\\\/\\\/www.lauragallego.com\\\/en\\\/books\\\/books-in-other-languages\\\/bucher-auf-deutsch\\\/\",\"url\":\"https:\\\/\\\/www.lauragallego.com\\\/en\\\/books\\\/books-in-other-languages\\\/bucher-auf-deutsch\\\/\",\"name\":\"B\u00fccher auf Deutsch - Laura Gallego - Oficial\",\"isPartOf\":{\"@id\":\"https:\\\/\\\/www.lauragallego.com\\\/#website\"},\"datePublished\":\"2018-06-12T08:21:25+00:00\",\"dateModified\":\"2019-02-03T18:32:50+00:00\",\"breadcrumb\":{\"@id\":\"https:\\\/\\\/www.lauragallego.com\\\/en\\\/books\\\/books-in-other-languages\\\/bucher-auf-deutsch\\\/#breadcrumb\"},\"inLanguage\":\"en-US\",\"potentialAction\":[{\"@type\":\"ReadAction\",\"target\":[\"https:\\\/\\\/www.lauragallego.com\\\/en\\\/books\\\/books-in-other-languages\\\/bucher-auf-deutsch\\\/\"]}]},{\"@type\":\"BreadcrumbList\",\"@id\":\"https:\\\/\\\/www.lauragallego.com\\\/en\\\/books\\\/books-in-other-languages\\\/bucher-auf-deutsch\\\/#breadcrumb\",\"itemListElement\":[{\"@type\":\"ListItem\",\"position\":1,\"name\":\"Home\",\"item\":\"https:\\\/\\\/www.lauragallego.com\\\/en\\\/\"},{\"@type\":\"ListItem\",\"position\":2,\"name\":\"Books\",\"item\":\"https:\\\/\\\/www.lauragallego.com\\\/en\\\/books\\\/\"},{\"@type\":\"ListItem\",\"position\":3,\"name\":\"Books in other languages\",\"item\":\"https:\\\/\\\/www.lauragallego.com\\\/en\\\/books\\\/books-in-other-languages\\\/\"},{\"@type\":\"ListItem\",\"position\":4,\"name\":\"B\u00fccher auf Deutsch\"}]},{\"@type\":\"WebSite\",\"@id\":\"https:\\\/\\\/www.lauragallego.com\\\/#website\",\"url\":\"https:\\\/\\\/www.lauragallego.com\\\/\",\"name\":\"Laura Gallego - Oficial\",\"description\":\"\",\"publisher\":{\"@id\":\"https:\\\/\\\/www.lauragallego.com\\\/#organization\"},\"potentialAction\":[{\"@type\":\"SearchAction\",\"target\":{\"@type\":\"EntryPoint\",\"urlTemplate\":\"https:\\\/\\\/www.lauragallego.com\\\/?s={search_term_string}\"},\"query-input\":{\"@type\":\"PropertyValueSpecification\",\"valueRequired\":true,\"valueName\":\"search_term_string\"}}],\"inLanguage\":\"en-US\"},{\"@type\":\"Organization\",\"@id\":\"https:\\\/\\\/www.lauragallego.com\\\/#organization\",\"name\":\"Laura Gallego - Oficial\",\"url\":\"https:\\\/\\\/www.lauragallego.com\\\/\",\"logo\":{\"@type\":\"ImageObject\",\"inLanguage\":\"en-US\",\"@id\":\"https:\\\/\\\/www.lauragallego.com\\\/#\\\/schema\\\/logo\\\/image\\\/\",\"url\":\"https:\\\/\\\/www.lauragallego.com\\\/wp-content\\\/uploads\\\/2020\\\/07\\\/lechuza1.jpg\",\"contentUrl\":\"https:\\\/\\\/www.lauragallego.com\\\/wp-content\\\/uploads\\\/2020\\\/07\\\/lechuza1.jpg\",\"width\":1471,\"height\":1362,\"caption\":\"Laura Gallego - Oficial\"},\"image\":{\"@id\":\"https:\\\/\\\/www.lauragallego.com\\\/#\\\/schema\\\/logo\\\/image\\\/\"},\"sameAs\":[\"https:\\\/\\\/www.facebook.com\\\/lauragallegooficial\",\"https:\\\/\\\/x.com\\\/_LauraGallego\",\"https:\\\/\\\/www.instagram.com\\\/lauragallegooficial\\\/\",\"https:\\\/\\\/www.youtube.com\\\/channel\\\/UCYTcZ0cTkbbFolGJUp6Wqrw\\\/feed\"]}]}<\/script>\n<!-- \/ Yoast SEO plugin. -->","yoast_head_json":{"title":"B\u00fccher auf Deutsch - Laura Gallego - Oficial","robots":{"index":"index","follow":"follow","max-snippet":"max-snippet:-1","max-image-preview":"max-image-preview:large","max-video-preview":"max-video-preview:-1"},"canonical":"https:\/\/www.lauragallego.com\/en\/books\/books-in-other-languages\/bucher-auf-deutsch\/","og_locale":"en_US","og_type":"article","og_title":"B\u00fccher auf Deutsch - Laura Gallego - Oficial","og_description":"[vc_row][vc_column][vc_column_text el_class=&#8221;nav-books&#8221;] BOOKS BOOKS IN ENGLISH BOOKS IN OTHER LANGUAGES [\/vc_column_text][\/vc_column][\/vc_row][vc_row el_class=&#8221;row-books margin-bottom-3x&#8221;][vc_column][vc_row_inner][vc_column_inner width=&#8221;1\/2&#8243; offset=&#8221;vc_col-md-3&#8243;][vc_single_image image=&#8221;22214&#8243; img_size=&#8221;full&#8221;][vc_column_text]Dieses Buch ist vergriffen und wird nicht mehr nachgedruckt Titel:\u00a0Finis Mundi oder Die drei magischen Amulette Verlag:\u00a0DTV Junior \u00dcbersetzer:\u00a0Ilse Layer \u00dcbersicht: Frankreich 997 n. Ch.: Der 15-j\u00e4hrige M\u00f6nch Michel rettet nach einem Klosterbrand nicht nur sein Leben, sondern auch eine geheimnisvolle Schrift. M\u00fchevoll versucht er die vergilbten Pergamentbl\u00e4tter zu entziffern und erschaudert: Die Schrift k\u00fcndigt das Ende der Welt f\u00fcr das Jahr 1000 an!...","og_url":"https:\/\/www.lauragallego.com\/en\/books\/books-in-other-languages\/bucher-auf-deutsch\/","og_site_name":"Laura Gallego - Oficial","article_publisher":"https:\/\/www.facebook.com\/lauragallegooficial","article_modified_time":"2019-02-03T18:32:50+00:00","twitter_card":"summary_large_image","twitter_site":"@_LauraGallego","twitter_misc":{"Est. reading time":"8 minutes"},"schema":{"@context":"https:\/\/schema.org","@graph":[{"@type":"WebPage","@id":"https:\/\/www.lauragallego.com\/en\/books\/books-in-other-languages\/bucher-auf-deutsch\/","url":"https:\/\/www.lauragallego.com\/en\/books\/books-in-other-languages\/bucher-auf-deutsch\/","name":"B\u00fccher auf Deutsch - Laura Gallego - Oficial","isPartOf":{"@id":"https:\/\/www.lauragallego.com\/#website"},"datePublished":"2018-06-12T08:21:25+00:00","dateModified":"2019-02-03T18:32:50+00:00","breadcrumb":{"@id":"https:\/\/www.lauragallego.com\/en\/books\/books-in-other-languages\/bucher-auf-deutsch\/#breadcrumb"},"inLanguage":"en-US","potentialAction":[{"@type":"ReadAction","target":["https:\/\/www.lauragallego.com\/en\/books\/books-in-other-languages\/bucher-auf-deutsch\/"]}]},{"@type":"BreadcrumbList","@id":"https:\/\/www.lauragallego.com\/en\/books\/books-in-other-languages\/bucher-auf-deutsch\/#breadcrumb","itemListElement":[{"@type":"ListItem","position":1,"name":"Home","item":"https:\/\/www.lauragallego.com\/en\/"},{"@type":"ListItem","position":2,"name":"Books","item":"https:\/\/www.lauragallego.com\/en\/books\/"},{"@type":"ListItem","position":3,"name":"Books in other languages","item":"https:\/\/www.lauragallego.com\/en\/books\/books-in-other-languages\/"},{"@type":"ListItem","position":4,"name":"B\u00fccher auf Deutsch"}]},{"@type":"WebSite","@id":"https:\/\/www.lauragallego.com\/#website","url":"https:\/\/www.lauragallego.com\/","name":"Laura Gallego - Oficial","description":"","publisher":{"@id":"https:\/\/www.lauragallego.com\/#organization"},"potentialAction":[{"@type":"SearchAction","target":{"@type":"EntryPoint","urlTemplate":"https:\/\/www.lauragallego.com\/?s={search_term_string}"},"query-input":{"@type":"PropertyValueSpecification","valueRequired":true,"valueName":"search_term_string"}}],"inLanguage":"en-US"},{"@type":"Organization","@id":"https:\/\/www.lauragallego.com\/#organization","name":"Laura Gallego - Oficial","url":"https:\/\/www.lauragallego.com\/","logo":{"@type":"ImageObject","inLanguage":"en-US","@id":"https:\/\/www.lauragallego.com\/#\/schema\/logo\/image\/","url":"https:\/\/www.lauragallego.com\/wp-content\/uploads\/2020\/07\/lechuza1.jpg","contentUrl":"https:\/\/www.lauragallego.com\/wp-content\/uploads\/2020\/07\/lechuza1.jpg","width":1471,"height":1362,"caption":"Laura Gallego - Oficial"},"image":{"@id":"https:\/\/www.lauragallego.com\/#\/schema\/logo\/image\/"},"sameAs":["https:\/\/www.facebook.com\/lauragallegooficial","https:\/\/x.com\/_LauraGallego","https:\/\/www.instagram.com\/lauragallegooficial\/","https:\/\/www.youtube.com\/channel\/UCYTcZ0cTkbbFolGJUp6Wqrw\/feed"]}]}},"_links":{"self":[{"href":"https:\/\/www.lauragallego.com\/en\/wp-json\/wp\/v2\/pages\/22888","targetHints":{"allow":["GET"]}}],"collection":[{"href":"https:\/\/www.lauragallego.com\/en\/wp-json\/wp\/v2\/pages"}],"about":[{"href":"https:\/\/www.lauragallego.com\/en\/wp-json\/wp\/v2\/types\/page"}],"author":[{"embeddable":true,"href":"https:\/\/www.lauragallego.com\/en\/wp-json\/wp\/v2\/users\/2"}],"replies":[{"embeddable":true,"href":"https:\/\/www.lauragallego.com\/en\/wp-json\/wp\/v2\/comments?post=22888"}],"version-history":[{"count":0,"href":"https:\/\/www.lauragallego.com\/en\/wp-json\/wp\/v2\/pages\/22888\/revisions"}],"up":[{"embeddable":true,"href":"https:\/\/www.lauragallego.com\/en\/wp-json\/wp\/v2\/pages\/22726"}],"wp:attachment":[{"href":"https:\/\/www.lauragallego.com\/en\/wp-json\/wp\/v2\/media?parent=22888"}],"curies":[{"name":"wp","href":"https:\/\/api.w.org\/{rel}","templated":true}]}}