{"id":22889,"date":"2018-06-12T10:21:35","date_gmt":"2018-06-12T08:21:35","guid":{"rendered":"https:\/\/www.lauragallego.com\/?page_id=22889"},"modified":"2022-09-18T12:35:56","modified_gmt":"2022-09-18T10:35:56","slug":"books-in-italian","status":"publish","type":"page","link":"https:\/\/www.lauragallego.com\/en\/books\/books-in-other-languages\/books-in-italian\/","title":{"rendered":"Books in Italian"},"content":{"rendered":"<div class=\"wpb-content-wrapper\">[vc_row][vc_column][vc_column_text el_class=&#8221;nav-books&#8221;]\n<ul>\n<li><a href=\"\/lauragweb?page_id=22683\">BOOKS<\/a><\/li>\n<li><a href=\"\/lauragweb?page_id=22724\">BOOKS IN ENGLISH<\/a><\/li>\n<li class=\"current\"><a href=\"https:\/\/www.lauragallego.com\/en\/books\/books-in-other-languages\/\">BOOKS IN OTHER LANGUAGES<\/a><\/li>\n<\/ul>\n[\/vc_column_text][\/vc_column][\/vc_row][vc_row el_class=&#8221;row-books margin-bottom-3x&#8221;][vc_column][vc_row_inner][vc_column_inner width=&#8221;1\/2&#8243; offset=&#8221;vc_col-md-3&#8243;][vc_single_image image=&#8221;22136&#8243; img_size=&#8221;full&#8221;][vc_column_text]<strong>Title:<\/strong>\u00a0L\u00ec dove cantano gli alberi<br \/>\n<strong>Publisher:<\/strong>\u00a0<a href=\"http:\/\/www.salani.it\/\" target=\"_blank\" rel=\"noopener\">Salani<\/a><br \/>\n<strong>Translator:<\/strong>\u00a0A.C. Cappi<br \/>\n<strong>Synopsis:<\/strong><br \/>\nViana di Rocagr\u00eds ha solo sedici anni quando il regno di Nortia governato da suo padre, viene invaso dai barbari del Nord, capeggiati dal crudele e invincibile re Harak. Il mondo come Viana lo conosce, fatto di banchetti e trepida attesa di sposare il ragazzo che ama, \u00e8 crollato, ma la giovane e timida principessa trova in s\u00e9 una forza che mai avrebbe immaginato di avere. Impulsiva ma piena di risorse, astuta e coraggiosa, Viana fugge dal castello e affronta un viaggio irto di pericoli nel Grande Bosco, l\u00ec dove cantano gli alberi e dove si cela un mistero che nessuno ha mai osato svelare\u2026 La ragazza piena di sogni e illusioni diventer\u00e0 una donna capace di affrontare le sfide pi\u00f9 grandi e nelle difficolt\u00e0 incontrer\u00e0 anche un nuovo, vero amore. Il regno di Nortia non sar\u00e0 mai pi\u00f9 lo stesso, proprio come il cuore di Viana.[\/vc_column_text][\/vc_column_inner][vc_column_inner width=&#8221;1\/2&#8243; offset=&#8221;vc_col-md-3&#8243;][vc_single_image image=&#8221;22192&#8243; img_size=&#8221;full&#8221;][vc_column_text]<strong>Title:<\/strong>\u00a0Due candele per il diavolo<br \/>\n<strong>Publisher:<\/strong>\u00a0<a href=\"http:\/\/www.salani.it\/\" target=\"_blank\" rel=\"noopener\">Salani<\/a><br \/>\n<strong>Translator:<\/strong>\u00a0Elena Rolla<br \/>\n<strong>Synopsis:<\/strong><br \/>\nCat \u00e8 figlia di un angelo, e ha fatto un giuramento. Scoprire cosa \u00e8 successo a suo padre. Il suo unico aiuto, un affascinante demone di nome Angel. Il mondo finora si \u00e8 retto sull\u2019equilibrio tra bene e male, tra angeli e diavoli:un ecosistema che qualcuno sta tentando di distruggere. Arriver\u00e0 un\u2019altra peste e sar\u00e0 la fine di tutto? Valencia, Berlino, Firenze, fino alle piramidi Maya: il viaggio senza fine di Cat alla scoperta della verit\u00e0, fino alla Battaglia Finale. Perch\u00e9 se non tutti i demoni sono malvagi, neanche tutti gli angeli sono buoni\u2026<br \/>\n[\/vc_column_text][\/vc_column_inner][vc_column_inner width=&#8221;1\/2&#8243; offset=&#8221;vc_col-md-3&#8243;][vc_single_image image=&#8221;22526&#8243; img_size=&#8221;full&#8221;][vc_column_text]<strong>Title:<\/strong>\u00a0Memorie di Idh\u00fan. La Resistenza<br \/>\n<strong>Publisher:<\/strong>\u00a0Fabbri<br \/>\n<strong>Translator:<\/strong>\u00a0Beatrice Gatti<br \/>\n<strong>Synopsis:<\/strong><br \/>\nNel giorno in cui a Idhun si verific\u00f2 la congiunzione dei tre soli e delle trelune, quando Ashran il Negromante si ribell\u00f2 al potere su quel pianeta lontanoe misterioso, nel nostro mondo un guerriero e un mago in esilio da Idhunformarono la Resistenza. A loro si unirono Jack e Victoria, due adolescentiterrestri. Il quartetto ora si trova alle prese con uno spietato assassino,Kirtash, mandato da Ashran sulla Terra per sventare i loro progetti\u2026<br \/>\n<a href=\"https:\/\/www.lauragallego.com\/wp-content\/uploads\/2018\/06\/FABBRIidhun5chiaro-1.mpg\" target=\"_blank\" rel=\"noopener\">TV Booktrailer<\/a>[\/vc_column_text][\/vc_column_inner][vc_column_inner width=&#8221;1\/2&#8243; offset=&#8221;vc_col-md-3&#8243;][vc_single_image image=&#8221;21381&#8243; img_size=&#8221;full&#8221;][vc_column_text]<strong>Title:<\/strong>\u00a0La leggenda del Re Errante<br \/>\n<strong>Publisher:<\/strong>\u00a0Piemme Junior<br \/>\n<strong>Translator:<\/strong>\u00a0Francesca Lazzarato<br \/>\n<strong>Synopsis:<\/strong><br \/>\nL\u2019ambizioso principe Walid ha un sogno: vincere la pi\u00f9 prestigiosa competizione poetica di tutta l\u2019Arabia. Per ben tre volte, per\u00f2, viene sconfitto da Hammad, un umile tessitore di tappeti. Furioso, Walid escogita un modo crudele per punire il suo avversario: Hammad dovr\u00e0 tessere per lui un tappeto\u2026 che racchiuda tutta la storia dell\u2019umanit\u00e0.[\/vc_column_text][\/vc_column_inner][\/vc_row_inner][vc_row_inner][vc_column_inner width=&#8221;1\/2&#8243; offset=&#8221;vc_col-md-3&#8243;][vc_single_image image=&#8221;22845&#8243; img_size=&#8221;full&#8221;][vc_column_text]<strong>Title:<\/strong>\u00a0Ali di fuoco<br \/>\n<strong>Publisher:<\/strong>\u00a0Fanucci<br \/>\n<strong>Translator:<\/strong>\u00a0Laura Miccoli<br \/>\n<strong>Synopsis:<\/strong><br \/>\nA Karishia, territorio fantastico dominato dalla magia e regno della giovane regina Marla, la millenaria pace tra angeli e uomini sta per essere rotta da una congiura che vede come protagonisti la stessa Marla e membri corrotti della sua corte. A farne le spese sar\u00e0 soprattutto la bellissima Ahriel, angelo protettore dall\u2019armatura d\u2019oro e dalle splendide ali bianche, che da sempre veglia sulle scelte della regina affinch\u00e9 la pace e la giustizia non vengano sopraffatte dall\u2019odio e dalla volont\u00e0 di rivalsa sui regni confinanti. Ma improvvisamente qualcosa si rompe e Ahriel si trover\u00e0 ad attraversare l\u2019inospitale territorio di Gorlian, una prigione senza celle n\u00e9 sbarre in cui Marla, ormai affiliata alle forze del Male, decide di relegare i propri nemici e chi, come l\u2019angelo, potrebbe ostacolare i suoi piani. E in un viaggio che la porter\u00e0 ad affrontare continue prove, scontri con creature mostruose e sconcertanti scoperte, Ahriel comprender\u00e0 la sua vera natura e cercher\u00e0 di rompere il perverso incantesimo che si cela dietro il mistero di Gorlian[\/vc_column_text][\/vc_column_inner][vc_column_inner width=&#8221;1\/2&#8243; offset=&#8221;vc_col-md-3&#8243;][vc_single_image image=&#8221;25611&#8243; img_size=&#8221;full&#8221;][vc_column_text]<strong>Title:<\/strong> Finis Mundi<br \/>\n<strong>Publisher:<\/strong> Europa Edizioni<br \/>\n<strong>Translator:<\/strong> Alessia Venditti<br \/>\n<strong>Synopsis:<\/strong><br \/>\nFrancia, anno 997.\u00a0 Secondo l\u2019antica profezia dell\u2019eremita Bernardo di Turingia, la fine del mondo \u00e8 vicina. C\u2019\u00e8 solo un modo per salvare l\u2019umanit\u00e0: trovare l\u2019Occhio del Presente, l\u2019Occhio del Passato e l\u2019Occhio del Futuro, le tre Pietre del Tempo. Dove saranno nascoste? Nessuno lo sa. Michel, un giovane monaco cluniacense, insieme al menestrello Mattius e a Luc\u00eda, una ragazza esperta di arti magiche, parte per un avventuroso viaggio attraverso l\u2019Europa alla ricerca dei tre amuleti\u2026[\/vc_column_text][\/vc_column_inner][vc_column_inner width=&#8221;1\/2&#8243; offset=&#8221;vc_col-md-3&#8243;][vc_single_image image=&#8221;22383&#8243; img_size=&#8221;full&#8221;][vc_column_text]<strong>Title:<\/strong>\u00a0La figlia della notte<br \/>\n<strong>Publisher:<\/strong>\u00a0Societ\u00e0 Editrice Internazionale<br \/>\n<strong>Translator:<\/strong>\u00a0Giovanna Massimetti<br \/>\n<strong>Synopsis:<\/strong><br \/>\nLa vita tranquilla e pettegola di Beaufort, piccolo paese della provincia francese, viene scossa dal ritorno della giovane ed enigmatica Isabelle: partita senza una lira in tasca, ora compra l\u2019antica e abbandonata villa Grisard, dove si stabilisce con un mastodontico domestico muto. Poco dopo, avviene un fatto inspiegabile: il contadino Henry Morillon trova morta una delle sue vacche, completamente dissanguata. Poi, un urlo nella notte. Il mistero che circonda questi fatti si va complicando, e gli abitanti del paese sono sempre pi\u00f9 impauriti e sospettosi. Il gendarme del paese, Max, comincia ad investigare. Ma \u00e8 il giovane Jer\u00f4me, un ragazzino, che intuisce gli intrecci che tengono insieme gli ambigui segreti della storia. Un romanzo di avventura e mistero per un pubblico di giovani e adulti, dove la paura si unisce al fascino degli ambienti e dei personaggi, dove l\u2019ironia e la sensibilit\u00e0 psicologica coinvolgono quanto le atmosfere da thriller.[\/vc_column_text][\/vc_column_inner][vc_column_inner width=&#8221;1\/2&#8243; offset=&#8221;vc_col-md-3&#8243;][\/vc_column_inner][\/vc_row_inner][\/vc_column][\/vc_row]\n<\/div>","protected":false},"excerpt":{"rendered":"<p>[vc_row][vc_column][vc_column_text el_class=&#8221;nav-books&#8221;] BOOKS BOOKS IN ENGLISH BOOKS IN OTHER LANGUAGES [\/vc_column_text][\/vc_column][\/vc_row][vc_row el_class=&#8221;row-books margin-bottom-3x&#8221;][vc_column][vc_row_inner][vc_column_inner width=&#8221;1\/2&#8243; offset=&#8221;vc_col-md-3&#8243;][vc_single_image image=&#8221;22136&#8243; img_size=&#8221;full&#8221;][vc_column_text]Title:\u00a0L\u00ec dove cantano gli alberi Publisher:\u00a0Salani Translator:\u00a0A.C. Cappi Synopsis: Viana di Rocagr\u00eds ha solo sedici anni quando il regno di Nortia governato da suo padre, viene invaso dai barbari del Nord, capeggiati dal crudele e invincibile re Harak. Il mondo come Viana lo conosce, fatto di banchetti e trepida attesa di sposare il ragazzo che ama, \u00e8 crollato, ma la giovane e timida principessa&#8230;<\/p>\n","protected":false},"author":2,"featured_media":25608,"parent":22726,"menu_order":0,"comment_status":"closed","ping_status":"closed","template":"","meta":{"_acf_changed":false,"footnotes":""},"class_list":["post-22889","page","type-page","status-publish","hentry"],"acf":[],"yoast_head":"<!-- This site is optimized with the Yoast SEO plugin v27.4 - https:\/\/yoast.com\/product\/yoast-seo-wordpress\/ -->\n<title>Books in Italian - Laura Gallego - Oficial<\/title>\n<meta name=\"robots\" content=\"index, follow, max-snippet:-1, max-image-preview:large, max-video-preview:-1\" \/>\n<link rel=\"canonical\" href=\"https:\/\/www.lauragallego.com\/en\/books\/books-in-other-languages\/books-in-italian\/\" \/>\n<meta property=\"og:locale\" content=\"en_US\" \/>\n<meta property=\"og:type\" content=\"article\" \/>\n<meta property=\"og:title\" content=\"Books in Italian - Laura Gallego - Oficial\" \/>\n<meta property=\"og:description\" content=\"[vc_row][vc_column][vc_column_text el_class=&#8221;nav-books&#8221;] BOOKS BOOKS IN ENGLISH BOOKS IN OTHER LANGUAGES [\/vc_column_text][\/vc_column][\/vc_row][vc_row el_class=&#8221;row-books margin-bottom-3x&#8221;][vc_column][vc_row_inner][vc_column_inner width=&#8221;1\/2&#8243; offset=&#8221;vc_col-md-3&#8243;][vc_single_image image=&#8221;22136&#8243; img_size=&#8221;full&#8221;][vc_column_text]Title:\u00a0L\u00ec dove cantano gli alberi Publisher:\u00a0Salani Translator:\u00a0A.C. Cappi Synopsis: Viana di Rocagr\u00eds ha solo sedici anni quando il regno di Nortia governato da suo padre, viene invaso dai barbari del Nord, capeggiati dal crudele e invincibile re Harak. Il mondo come Viana lo conosce, fatto di banchetti e trepida attesa di sposare il ragazzo che ama, \u00e8 crollato, ma la giovane e timida principessa...\" \/>\n<meta property=\"og:url\" content=\"https:\/\/www.lauragallego.com\/en\/books\/books-in-other-languages\/books-in-italian\/\" \/>\n<meta property=\"og:site_name\" content=\"Laura Gallego - Oficial\" \/>\n<meta property=\"article:publisher\" content=\"https:\/\/www.facebook.com\/lauragallegooficial\" \/>\n<meta property=\"article:modified_time\" content=\"2022-09-18T10:35:56+00:00\" \/>\n<meta property=\"og:image\" content=\"https:\/\/www.lauragallego.com\/wp-content\/uploads\/2018\/06\/FMIt_pq.jpg\" \/>\n\t<meta property=\"og:image:width\" content=\"200\" \/>\n\t<meta property=\"og:image:height\" content=\"300\" \/>\n\t<meta property=\"og:image:type\" content=\"image\/jpeg\" \/>\n<meta name=\"twitter:card\" content=\"summary_large_image\" \/>\n<meta name=\"twitter:site\" content=\"@_LauraGallego\" \/>\n<meta name=\"twitter:label1\" content=\"Est. reading time\" \/>\n\t<meta name=\"twitter:data1\" content=\"5 minutes\" \/>\n<script type=\"application\/ld+json\" class=\"yoast-schema-graph\">{\"@context\":\"https:\\\/\\\/schema.org\",\"@graph\":[{\"@type\":\"WebPage\",\"@id\":\"https:\\\/\\\/www.lauragallego.com\\\/en\\\/books\\\/books-in-other-languages\\\/books-in-italian\\\/\",\"url\":\"https:\\\/\\\/www.lauragallego.com\\\/en\\\/books\\\/books-in-other-languages\\\/books-in-italian\\\/\",\"name\":\"Books in Italian - Laura Gallego - Oficial\",\"isPartOf\":{\"@id\":\"https:\\\/\\\/www.lauragallego.com\\\/#website\"},\"primaryImageOfPage\":{\"@id\":\"https:\\\/\\\/www.lauragallego.com\\\/en\\\/books\\\/books-in-other-languages\\\/books-in-italian\\\/#primaryimage\"},\"image\":{\"@id\":\"https:\\\/\\\/www.lauragallego.com\\\/en\\\/books\\\/books-in-other-languages\\\/books-in-italian\\\/#primaryimage\"},\"thumbnailUrl\":\"https:\\\/\\\/www.lauragallego.com\\\/wp-content\\\/uploads\\\/2018\\\/06\\\/FMIt_pq.jpg\",\"datePublished\":\"2018-06-12T08:21:35+00:00\",\"dateModified\":\"2022-09-18T10:35:56+00:00\",\"breadcrumb\":{\"@id\":\"https:\\\/\\\/www.lauragallego.com\\\/en\\\/books\\\/books-in-other-languages\\\/books-in-italian\\\/#breadcrumb\"},\"inLanguage\":\"en-US\",\"potentialAction\":[{\"@type\":\"ReadAction\",\"target\":[\"https:\\\/\\\/www.lauragallego.com\\\/en\\\/books\\\/books-in-other-languages\\\/books-in-italian\\\/\"]}]},{\"@type\":\"ImageObject\",\"inLanguage\":\"en-US\",\"@id\":\"https:\\\/\\\/www.lauragallego.com\\\/en\\\/books\\\/books-in-other-languages\\\/books-in-italian\\\/#primaryimage\",\"url\":\"https:\\\/\\\/www.lauragallego.com\\\/wp-content\\\/uploads\\\/2018\\\/06\\\/FMIt_pq.jpg\",\"contentUrl\":\"https:\\\/\\\/www.lauragallego.com\\\/wp-content\\\/uploads\\\/2018\\\/06\\\/FMIt_pq.jpg\",\"width\":200,\"height\":300},{\"@type\":\"BreadcrumbList\",\"@id\":\"https:\\\/\\\/www.lauragallego.com\\\/en\\\/books\\\/books-in-other-languages\\\/books-in-italian\\\/#breadcrumb\",\"itemListElement\":[{\"@type\":\"ListItem\",\"position\":1,\"name\":\"Home\",\"item\":\"https:\\\/\\\/www.lauragallego.com\\\/en\\\/\"},{\"@type\":\"ListItem\",\"position\":2,\"name\":\"Books\",\"item\":\"https:\\\/\\\/www.lauragallego.com\\\/en\\\/books\\\/\"},{\"@type\":\"ListItem\",\"position\":3,\"name\":\"Books in other languages\",\"item\":\"https:\\\/\\\/www.lauragallego.com\\\/en\\\/books\\\/books-in-other-languages\\\/\"},{\"@type\":\"ListItem\",\"position\":4,\"name\":\"Books in Italian\"}]},{\"@type\":\"WebSite\",\"@id\":\"https:\\\/\\\/www.lauragallego.com\\\/#website\",\"url\":\"https:\\\/\\\/www.lauragallego.com\\\/\",\"name\":\"Laura Gallego - Oficial\",\"description\":\"\",\"publisher\":{\"@id\":\"https:\\\/\\\/www.lauragallego.com\\\/#organization\"},\"potentialAction\":[{\"@type\":\"SearchAction\",\"target\":{\"@type\":\"EntryPoint\",\"urlTemplate\":\"https:\\\/\\\/www.lauragallego.com\\\/?s={search_term_string}\"},\"query-input\":{\"@type\":\"PropertyValueSpecification\",\"valueRequired\":true,\"valueName\":\"search_term_string\"}}],\"inLanguage\":\"en-US\"},{\"@type\":\"Organization\",\"@id\":\"https:\\\/\\\/www.lauragallego.com\\\/#organization\",\"name\":\"Laura Gallego - Oficial\",\"url\":\"https:\\\/\\\/www.lauragallego.com\\\/\",\"logo\":{\"@type\":\"ImageObject\",\"inLanguage\":\"en-US\",\"@id\":\"https:\\\/\\\/www.lauragallego.com\\\/#\\\/schema\\\/logo\\\/image\\\/\",\"url\":\"https:\\\/\\\/www.lauragallego.com\\\/wp-content\\\/uploads\\\/2020\\\/07\\\/lechuza1.jpg\",\"contentUrl\":\"https:\\\/\\\/www.lauragallego.com\\\/wp-content\\\/uploads\\\/2020\\\/07\\\/lechuza1.jpg\",\"width\":1471,\"height\":1362,\"caption\":\"Laura Gallego - Oficial\"},\"image\":{\"@id\":\"https:\\\/\\\/www.lauragallego.com\\\/#\\\/schema\\\/logo\\\/image\\\/\"},\"sameAs\":[\"https:\\\/\\\/www.facebook.com\\\/lauragallegooficial\",\"https:\\\/\\\/x.com\\\/_LauraGallego\",\"https:\\\/\\\/www.instagram.com\\\/lauragallegooficial\\\/\",\"https:\\\/\\\/www.youtube.com\\\/channel\\\/UCYTcZ0cTkbbFolGJUp6Wqrw\\\/feed\"]}]}<\/script>\n<!-- \/ Yoast SEO plugin. -->","yoast_head_json":{"title":"Books in Italian - Laura Gallego - Oficial","robots":{"index":"index","follow":"follow","max-snippet":"max-snippet:-1","max-image-preview":"max-image-preview:large","max-video-preview":"max-video-preview:-1"},"canonical":"https:\/\/www.lauragallego.com\/en\/books\/books-in-other-languages\/books-in-italian\/","og_locale":"en_US","og_type":"article","og_title":"Books in Italian - Laura Gallego - Oficial","og_description":"[vc_row][vc_column][vc_column_text el_class=&#8221;nav-books&#8221;] BOOKS BOOKS IN ENGLISH BOOKS IN OTHER LANGUAGES [\/vc_column_text][\/vc_column][\/vc_row][vc_row el_class=&#8221;row-books margin-bottom-3x&#8221;][vc_column][vc_row_inner][vc_column_inner width=&#8221;1\/2&#8243; offset=&#8221;vc_col-md-3&#8243;][vc_single_image image=&#8221;22136&#8243; img_size=&#8221;full&#8221;][vc_column_text]Title:\u00a0L\u00ec dove cantano gli alberi Publisher:\u00a0Salani Translator:\u00a0A.C. Cappi Synopsis: Viana di Rocagr\u00eds ha solo sedici anni quando il regno di Nortia governato da suo padre, viene invaso dai barbari del Nord, capeggiati dal crudele e invincibile re Harak. Il mondo come Viana lo conosce, fatto di banchetti e trepida attesa di sposare il ragazzo che ama, \u00e8 crollato, ma la giovane e timida principessa...","og_url":"https:\/\/www.lauragallego.com\/en\/books\/books-in-other-languages\/books-in-italian\/","og_site_name":"Laura Gallego - Oficial","article_publisher":"https:\/\/www.facebook.com\/lauragallegooficial","article_modified_time":"2022-09-18T10:35:56+00:00","og_image":[{"width":200,"height":300,"url":"https:\/\/www.lauragallego.com\/wp-content\/uploads\/2018\/06\/FMIt_pq.jpg","type":"image\/jpeg"}],"twitter_card":"summary_large_image","twitter_site":"@_LauraGallego","twitter_misc":{"Est. reading time":"5 minutes"},"schema":{"@context":"https:\/\/schema.org","@graph":[{"@type":"WebPage","@id":"https:\/\/www.lauragallego.com\/en\/books\/books-in-other-languages\/books-in-italian\/","url":"https:\/\/www.lauragallego.com\/en\/books\/books-in-other-languages\/books-in-italian\/","name":"Books in Italian - Laura Gallego - Oficial","isPartOf":{"@id":"https:\/\/www.lauragallego.com\/#website"},"primaryImageOfPage":{"@id":"https:\/\/www.lauragallego.com\/en\/books\/books-in-other-languages\/books-in-italian\/#primaryimage"},"image":{"@id":"https:\/\/www.lauragallego.com\/en\/books\/books-in-other-languages\/books-in-italian\/#primaryimage"},"thumbnailUrl":"https:\/\/www.lauragallego.com\/wp-content\/uploads\/2018\/06\/FMIt_pq.jpg","datePublished":"2018-06-12T08:21:35+00:00","dateModified":"2022-09-18T10:35:56+00:00","breadcrumb":{"@id":"https:\/\/www.lauragallego.com\/en\/books\/books-in-other-languages\/books-in-italian\/#breadcrumb"},"inLanguage":"en-US","potentialAction":[{"@type":"ReadAction","target":["https:\/\/www.lauragallego.com\/en\/books\/books-in-other-languages\/books-in-italian\/"]}]},{"@type":"ImageObject","inLanguage":"en-US","@id":"https:\/\/www.lauragallego.com\/en\/books\/books-in-other-languages\/books-in-italian\/#primaryimage","url":"https:\/\/www.lauragallego.com\/wp-content\/uploads\/2018\/06\/FMIt_pq.jpg","contentUrl":"https:\/\/www.lauragallego.com\/wp-content\/uploads\/2018\/06\/FMIt_pq.jpg","width":200,"height":300},{"@type":"BreadcrumbList","@id":"https:\/\/www.lauragallego.com\/en\/books\/books-in-other-languages\/books-in-italian\/#breadcrumb","itemListElement":[{"@type":"ListItem","position":1,"name":"Home","item":"https:\/\/www.lauragallego.com\/en\/"},{"@type":"ListItem","position":2,"name":"Books","item":"https:\/\/www.lauragallego.com\/en\/books\/"},{"@type":"ListItem","position":3,"name":"Books in other languages","item":"https:\/\/www.lauragallego.com\/en\/books\/books-in-other-languages\/"},{"@type":"ListItem","position":4,"name":"Books in Italian"}]},{"@type":"WebSite","@id":"https:\/\/www.lauragallego.com\/#website","url":"https:\/\/www.lauragallego.com\/","name":"Laura Gallego - Oficial","description":"","publisher":{"@id":"https:\/\/www.lauragallego.com\/#organization"},"potentialAction":[{"@type":"SearchAction","target":{"@type":"EntryPoint","urlTemplate":"https:\/\/www.lauragallego.com\/?s={search_term_string}"},"query-input":{"@type":"PropertyValueSpecification","valueRequired":true,"valueName":"search_term_string"}}],"inLanguage":"en-US"},{"@type":"Organization","@id":"https:\/\/www.lauragallego.com\/#organization","name":"Laura Gallego - Oficial","url":"https:\/\/www.lauragallego.com\/","logo":{"@type":"ImageObject","inLanguage":"en-US","@id":"https:\/\/www.lauragallego.com\/#\/schema\/logo\/image\/","url":"https:\/\/www.lauragallego.com\/wp-content\/uploads\/2020\/07\/lechuza1.jpg","contentUrl":"https:\/\/www.lauragallego.com\/wp-content\/uploads\/2020\/07\/lechuza1.jpg","width":1471,"height":1362,"caption":"Laura Gallego - Oficial"},"image":{"@id":"https:\/\/www.lauragallego.com\/#\/schema\/logo\/image\/"},"sameAs":["https:\/\/www.facebook.com\/lauragallegooficial","https:\/\/x.com\/_LauraGallego","https:\/\/www.instagram.com\/lauragallegooficial\/","https:\/\/www.youtube.com\/channel\/UCYTcZ0cTkbbFolGJUp6Wqrw\/feed"]}]}},"_links":{"self":[{"href":"https:\/\/www.lauragallego.com\/en\/wp-json\/wp\/v2\/pages\/22889","targetHints":{"allow":["GET"]}}],"collection":[{"href":"https:\/\/www.lauragallego.com\/en\/wp-json\/wp\/v2\/pages"}],"about":[{"href":"https:\/\/www.lauragallego.com\/en\/wp-json\/wp\/v2\/types\/page"}],"author":[{"embeddable":true,"href":"https:\/\/www.lauragallego.com\/en\/wp-json\/wp\/v2\/users\/2"}],"replies":[{"embeddable":true,"href":"https:\/\/www.lauragallego.com\/en\/wp-json\/wp\/v2\/comments?post=22889"}],"version-history":[{"count":0,"href":"https:\/\/www.lauragallego.com\/en\/wp-json\/wp\/v2\/pages\/22889\/revisions"}],"up":[{"embeddable":true,"href":"https:\/\/www.lauragallego.com\/en\/wp-json\/wp\/v2\/pages\/22726"}],"wp:featuredmedia":[{"embeddable":true,"href":"https:\/\/www.lauragallego.com\/en\/wp-json\/wp\/v2\/media\/25608"}],"wp:attachment":[{"href":"https:\/\/www.lauragallego.com\/en\/wp-json\/wp\/v2\/media?parent=22889"}],"curies":[{"name":"wp","href":"https:\/\/api.w.org\/{rel}","templated":true}]}}