{"id":22890,"date":"2018-06-12T10:21:42","date_gmt":"2018-06-12T08:21:42","guid":{"rendered":"https:\/\/www.lauragallego.com\/?page_id=22890"},"modified":"2019-02-03T20:37:08","modified_gmt":"2019-02-03T18:37:08","slug":"books-in-portuguese","status":"publish","type":"page","link":"https:\/\/www.lauragallego.com\/en\/books\/books-in-other-languages\/books-in-portuguese\/","title":{"rendered":"Books in Portuguese"},"content":{"rendered":"<div class=\"wpb-content-wrapper\">[vc_row][vc_column][vc_column_text el_class=&#8221;nav-books&#8221;]\n<ul>\n<li><a href=\"https:\/\/www.lauragallego.com\/en\/books\/\">BOOKS<\/a><\/li>\n<li><a href=\"https:\/\/www.lauragallego.com\/en\/books\/books-in-english\/\">BOOKS IN ENGLISH<\/a><\/li>\n<li class=\"current\"><a href=\"https:\/\/www.lauragallego.com\/en\/books\/books-in-other-languages\/\">BOOKS IN OTHER LANGUAGES<\/a><\/li>\n<\/ul>\n[\/vc_column_text][\/vc_column][\/vc_row][vc_row el_class=&#8221;row-books margin-bottom-3x&#8221;][vc_column][vc_row_inner][vc_column_inner width=&#8221;1\/2&#8243; offset=&#8221;vc_col-md-3&#8243;][vc_single_image image=&#8221;22132&#8243; img_size=&#8221;full&#8221;][vc_column_text]<strong>Title:<\/strong>\u00a0Onde as \u00e1rvores cantam<br \/>\n<strong>Publisher:<\/strong>\u00a0<a href=\"http:\/\/www.edicoessm.com.br\/\" target=\"_blank\" rel=\"noopener\">SM Brasil<\/a><br \/>\n<strong>Translator:<\/strong>\u00a0Paloma Vidal<br \/>\n<strong>Synopsis:<\/strong><br \/>\nFilha \u00fanica do duque de Rocagris, Viana \u00e9 noiva do jovem R\u00f3bian de Castelmar. Prometidos um ao outro desde a inf\u00e2ncia, eles se casar\u00e3o na pr\u00f3xima primavera. Contudo, um alerta sobre a invas\u00e3o b\u00e1rbara frusta seus planos. Tanto R\u00f3bian como o duque de Rocagris partem a fim de defender o reino de N\u00f3rdia, mas fracassam. Da noite para o dia, o mundo de Viana desmorona. Para salvar o reino, por\u00e9m, ela ter\u00e1 de seguir a pista de antigas lendas sobre o lugar, no cora\u00e7\u00e3o da mata, onde as \u00e1rvores cantam\u2026[\/vc_column_text][\/vc_column_inner][vc_column_inner width=&#8221;1\/2&#8243; offset=&#8221;vc_col-md-3&#8243;][vc_single_image image=&#8221;22231&#8243; img_size=&#8221;full&#8221;][vc_column_text]<strong>Title:<\/strong>\u00a0Finis Mundi<br \/>\n<strong>Publisher:<\/strong>\u00a0<a href=\"http:\/\/www.edicoessm.com.br\/\" target=\"_blank\" rel=\"noopener\">SM Brasil<\/a><br \/>\n<strong>Translator:<\/strong>\u00a0C\u00e9lia Regina Rodrigues de Lima<br \/>\n<strong>Synopsis:<\/strong><br \/>\nReza uma antiga profecia que, na passagem para o ano 1000, o mundo vai acabar. Somente o monge Michel pode impedir essa cat\u00e1strofe com a reuni\u00e3o de tr\u00eas poderosos amuletos: os olhos do Passado, do Presente e do Futuro. Na companhia da jovem L\u00facia e de Matius, um jogral, Michel parte numa jornada para salvar o mundo.[\/vc_column_text][\/vc_column_inner][vc_column_inner width=&#8221;1\/2&#8243; offset=&#8221;vc_col-md-3&#8243;][vc_single_image image=&#8221;22708&#8243; img_size=&#8221;full&#8221;][vc_column_text]<strong>Title:<\/strong>\u00a0O Vale dos Lobos<br \/>\n<strong>Publisher:<\/strong>\u00a0\u00c1mbar<br \/>\n<strong>Translator:<\/strong>\u00a0Margarida Machado<br \/>\n<strong>Synopsis:<br \/>\n<\/strong>Chamam-lhe Dana e cresceu normalmente entre os seus irm\u00e3os e irm\u00e3s. Nunca a tratarm de forma especial e, todavia, todos podiam ver que era diferente. Silenciosa como um gato, falava pouco. A sua vida mudou para sempre no dia em que o Mestre a levou com ele para a Torre, em pleno Vale dos Lobos. Ali ser-lhe-iam desvendados os segredos da magia mais ancestral.[\/vc_column_text][\/vc_column_inner][vc_column_inner width=&#8221;1\/2&#8243; offset=&#8221;vc_col-md-3&#8243;][vc_single_image image=&#8221;22314&#8243; img_size=&#8221;full&#8221;][vc_column_text]<strong>Title:<\/strong>\u00a0A Imperatriz dos Et\u00e9reos<br \/>\n<strong>Publisher:<\/strong>\u00a0Salamandra<br \/>\n<strong>Translator:<\/strong>\u00a0Estevaho Calahani<br \/>\n<strong>Synopsis:<br \/>\n<\/strong>Quem teria coragem de enfrentar grandes perigos para salvar a vida de um amigo? Vivendo num tempo em que nosso mundo se reduziu a uma imensid\u00e3o branca de gelo, Bipa, uma jovem destemida, percorre um longo e gelado caminho em busca do pal\u00e1cio da misteriosa Imperatriz dos Et\u00e9reos. Protegida por seu \u00f3palo e confiante nos poderes da Deusa, faz tudo isso para salvar o sonhador Aer e lev\u00e1-lo de volta \u00e0 seguran\u00e7a do lugar onde habitam, as Cavernas.[\/vc_column_text][\/vc_column_inner][\/vc_row_inner][vc_row_inner][vc_column_inner width=&#8221;1\/2&#8243; offset=&#8221;vc_col-md-3&#8243;][vc_single_image image=&#8221;22446&#8243; img_size=&#8221;full&#8221;][vc_column_text]<strong>Title:<\/strong>\u00a0Sara e as Goleadoras 1. Sara forma a equipa<br \/>\n<strong>Publisher:<\/strong>\u00a0<a href=\"http:\/\/www.planeta.pt\/\" target=\"_blank\" rel=\"noopener\">Planeta<\/a><br \/>\n<strong>Translator:<\/strong>\u00a0Leonor Pinh\u00e3o<br \/>\n<strong>Synopsis:<br \/>\n<\/strong>Sara est\u00e1 muito cansada de ficar sempre de fora da equipa de futebol\u2026 N\u00e3o \u00e9 justo! Furiosa, quer convencer as amigas e outras raparigas da escola para formar uma equipa feminina. Mais do que isso: quer espantar os rapazes e desafi\u00e1-los para uma partida\u2026 A ideia ir\u00e1 para a frente as dificuldades ser\u00e3o maiores do que pensa? Sara e as Goleadoras \u00e9 a hist\u00f3ria de Sara e da sua paix\u00e3o por futebol e como conseguir\u00e1 convencer dez amigas. Todas fazem parte do col\u00e9gio e partilham, amizades, amigos e inimigos\u2026 Provavelmente aprender a jogar, n\u00e3o vai ser o mais dif\u00edcil.[\/vc_column_text][\/vc_column_inner][vc_column_inner width=&#8221;1\/2&#8243; offset=&#8221;vc_col-md-3&#8243;][vc_single_image image=&#8221;22467&#8243; img_size=&#8221;full&#8221;][vc_column_text]<strong>Title:<\/strong>\u00a0Sara e as Goleadoras 2. N\u00f3s somos as guerreiras<br \/>\n<strong>Publisher:<\/strong>\u00a0<a href=\"http:\/\/www.planeta.pt\/\" target=\"_blank\" rel=\"noopener\">Planeta<\/a><br \/>\n<strong>Translator:<\/strong>\u00a0Leonor Pinh\u00e3o<br \/>\n<strong>Synopsis:<br \/>\n<\/strong>A poucos dias do jogo contra aos rapazes, os problemas para Sara e sua equipa crescem como cogumelos! Precisam de treinar, mas n\u00e3o t\u00eam treinador nem espa\u00e7o para faz\u00ea-lo sem ser alvo da chacota dos rapazes! Quando est\u00e3o quase a aceitar a derrota, sem sequer\u2026[\/vc_column_text][\/vc_column_inner][vc_column_inner width=&#8221;1\/2&#8243; offset=&#8221;vc_col-md-3&#8243;][vc_single_image image=&#8221;22467&#8243; img_size=&#8221;full&#8221;][vc_column_text]<strong>Title:<\/strong>\u00a0Sara e as Goleadoras 3. Goleadoras na Liga<br \/>\n<strong>Publisher:<\/strong>\u00a0<a href=\"http:\/\/www.planeta.pt\/\" target=\"_blank\" rel=\"noopener\">Planeta<\/a><br \/>\n<strong>Translator:<\/strong>\u00a0Leonor Pinh\u00e3o<br \/>\n<strong>Synopsis:<br \/>\n<\/strong>Come\u00e7a a Liga e desta vez tamb\u00e9m para as raparigas! Sara e as amigas j\u00e1 se inscreveram, mas ainda h\u00e1 tantas coisas por resolver\u2026 Nem sequer t\u00eam equipamento! Perante tantas dificuldades, surgem discuss\u00f5es e problemas, mas tamb\u00e9m aparecem amizades verdadeiras e aliados desinteressados. Ou nem por isso?[\/vc_column_text][\/vc_column_inner][vc_column_inner width=&#8221;1\/2&#8243; offset=&#8221;vc_col-md-3&#8243;][vc_single_image image=&#8221;22532&#8243; img_size=&#8221;full&#8221;][vc_column_text]<strong>Title:<\/strong>\u00a0Mem\u00f3rias de Idh\u00fan 1. A Resist\u00eancia<br \/>\n<strong>Publisher:<\/strong>\u00a0Edi\u00e7oes Contraponto<br \/>\n<strong>Translator:<\/strong>\u00a0Cristina Vaz<br \/>\n<strong>Synopsis:<br \/>\n<\/strong>Idh\u00fan, o planeta dos tr\u00eas s\u00f3is e das tr\u00eas luas, \u00e9 um local m\u00e1gico, de uma beleza \u00fanica, onde habitam criaturas m\u00edticas e seres fascinantes. No dia em que se d\u00e1 uma rara conjun\u00e7\u00e3o astral, Ashran, o Necromante, com os seus sheks, vence a magia dos drag\u00f5es e unic\u00f3rnios e toma o poder, obrigando ao ex\u00edlio de muitos idhunitas. Mas Idh\u00fan n\u00e3o se pode perder\u2026 Na Terra, um guerreiro e um feiticeiro provenientes do mundo m\u00e1gico criam a Resist\u00eancia e encontram dois aliados: os adolescentes Jack e Victoria. Juntos, procuraram a forma de acabar com o dom\u00ednio das serpentes aladas, mas v\u00e3o ter de se confrontar com Kirtash, um jovem e impiedoso assassino enviado \u00e0 Terra por Ashran.[\/vc_column_text][\/vc_column_inner][\/vc_row_inner][vc_row_inner][vc_column_inner width=&#8221;1\/2&#8243; offset=&#8221;vc_col-md-3&#8243;][vc_single_image image=&#8221;22930&#8243; img_size=&#8221;full&#8221;][vc_column_text]<strong>Title:<\/strong>\u00a0Mem\u00f3rias de Idh\u00fan. A Busca<br \/>\n<strong>Publisher:<\/strong>\u00a0ArtePlural Edi\u00e7oes<br \/>\n<strong>Translator:<\/strong>\u00a0Cristina Vaz<br \/>\n<strong>Synopsis:<br \/>\n<\/strong>Idh\u00fan, o planeta dos tr\u00eas s\u00f3is e das tr\u00eas luas, \u00e9 um local m\u00e1gico, de uma beleza \u00fanica, onde habitam criaturas m\u00edticas e seres fascinantes; um local onde o Bem e o Mal se defrontam. No dia em que se d\u00e1 uma rara conjun\u00e7\u00e3o astral, Ashran, o Necromante, com os seus sheks, vence a magia dos drag\u00f5es e unic\u00f3rnios e toma o poder, obrigando ao ex\u00edlio de muitos idhunitas. Mas Idh\u00fan n\u00e3o se pode perder\u2026[\/vc_column_text][\/vc_column_inner][vc_column_inner width=&#8221;1\/2&#8243; offset=&#8221;vc_col-md-3&#8243;][vc_single_image image=&#8221;22932&#8243; img_size=&#8221;full&#8221;][vc_column_text]<strong>Title:<\/strong>\u00a0Mem\u00f3rias de Idh\u00fan. A Revela\u00e7\u00e3o<br \/>\n<strong>Publisher:<\/strong>\u00a0ArtePlural Edi\u00e7oes<br \/>\n<strong>Translator:<\/strong>\u00a0Cristina Vaz<br \/>\n<strong>Synopsis:<br \/>\n<\/strong>A Resist\u00eancia, que se havia formado na Terra para enfrentar Ashran, volta unir-se. Kirtash continua a ser uma amea\u00e7a, principalmente para Jack e Victoria, mas certos factos e liga\u00e7\u00f5es do passado emergem, influenciando o rumo dos acontecimentos.[\/vc_column_text][\/vc_column_inner][vc_column_inner width=&#8221;1\/2&#8243; offset=&#8221;vc_col-md-3&#8243;][vc_single_image image=&#8221;22934&#8243; img_size=&#8221;full&#8221;][vc_column_text]<strong>Title:<\/strong>\u00a0Mem\u00f3rias de Idh\u00fan. O Despertar<br \/>\n<strong>Publisher:<\/strong>\u00a0ArtePlural Edi\u00e7oes<br \/>\n<strong>Translator:<\/strong>\u00a0Cristina Vaz<br \/>\n<strong>Synopsis:<br \/>\n<\/strong>No mundo m\u00e1gico, entre os idhunitas que resistem a Ashran, espalha-se a not\u00edcia da chegada do drag\u00e3o e do unic\u00f3rnio e renasce a esperan\u00e7a de que a ansiada profecia se concretize e Idh\u00fan seja libertado. Mas como confiar em Jack e Victoria, se estes se fazem acompanhar de Kirtash, filho do Necromante?[\/vc_column_text][\/vc_column_inner][vc_column_inner width=&#8221;1\/2&#8243; offset=&#8221;vc_col-md-3&#8243;][vc_single_image image=&#8221;22936&#8243; img_size=&#8221;full&#8221;][vc_column_text]<strong>Title:<\/strong>\u00a0Mem\u00f3rias de Idh\u00fan. O Destino<br \/>\n<strong>Publisher:<\/strong>\u00a0ArtePlural Edi\u00e7oes<br \/>\n<strong>Translator:<\/strong>\u00a0Cristina Vaz<br \/>\n<strong>Synopsis:<br \/>\n<\/strong>Uma inesperada aliada surge na luta contra o dom\u00ednio das serpentes aladas, e os membros da Resist\u00eancia, que seguem caminhos diferentes, v\u00e3o ter de voltar a unir-se e combinar for\u00e7as com os povos idhunitas que combatem Ahsran, para aquele que se adivinha ser o grande e decisivo confronto.[\/vc_column_text][\/vc_column_inner][\/vc_row_inner][vc_row_inner][vc_column_inner width=&#8221;1\/2&#8243; offset=&#8221;vc_col-md-3&#8243;][vc_single_image image=&#8221;22938&#8243; img_size=&#8221;full&#8221;][vc_column_text]<strong>Title:<\/strong>\u00a0Mem\u00f3rias de Idh\u00fan. A Hecatombe<br \/>\n<strong>Publisher:<\/strong>\u00a0ArtePlural Edi\u00e7oes<br \/>\n<strong>Translator:<\/strong>\u00a0Cristina Vaz<br \/>\n<strong>Synopsis:<br \/>\n<\/strong>A guerra parece ter terminado por fim, mas os habitantes de Idh\u00fan v\u00e3o agora ser confrontados com algo que pode mudar para sempre o destino de dois mundos\u2026 algo que talvez nem os her\u00f3is da profecia estejam preparados para enfrentar.[\/vc_column_text][\/vc_column_inner][vc_column_inner width=&#8221;1\/2&#8243; offset=&#8221;vc_col-md-3&#8243;][vc_single_image image=&#8221;22940&#8243; img_size=&#8221;full&#8221;][vc_column_text]<strong>Title:<\/strong>\u00a0Mem\u00f3rias de Idh\u00fan. A G\u00e9nesis<br \/>\n<strong>Publisher:<\/strong>\u00a0ArtePlural Edi\u00e7oes<br \/>\n<strong>Translator:<\/strong>\u00a0Cristina Vaz<br \/>\n<strong>Synopsis:<br \/>\n<\/strong>Os Seis continuam a manifestar-se em Idh\u00fan, com o intuito de destruir o S\u00e9timo. Os habitantes do planeta m\u00e1gico vivem um impasse\u2026 Depois de Ashran, ser\u00e3o eles afinal a real amea\u00e7a? Qual o papel de Victoria, Jack e Kirtash? Haver\u00e1 um confronto entre os deuses? Ser\u00e1 o fim de Idh\u00fan?[\/vc_column_text][\/vc_column_inner][vc_column_inner width=&#8221;1\/2&#8243; offset=&#8221;vc_col-md-3&#8243;][\/vc_column_inner][vc_column_inner width=&#8221;1\/2&#8243; offset=&#8221;vc_col-md-3&#8243;][\/vc_column_inner][\/vc_row_inner][\/vc_column][\/vc_row]\n<\/div>","protected":false},"excerpt":{"rendered":"<p>[vc_row][vc_column][vc_column_text el_class=&#8221;nav-books&#8221;] BOOKS BOOKS IN ENGLISH BOOKS IN OTHER LANGUAGES [\/vc_column_text][\/vc_column][\/vc_row][vc_row el_class=&#8221;row-books margin-bottom-3x&#8221;][vc_column][vc_row_inner][vc_column_inner width=&#8221;1\/2&#8243; offset=&#8221;vc_col-md-3&#8243;][vc_single_image image=&#8221;22132&#8243; img_size=&#8221;full&#8221;][vc_column_text]Title:\u00a0Onde as \u00e1rvores cantam Publisher:\u00a0SM Brasil Translator:\u00a0Paloma Vidal Synopsis: Filha \u00fanica do duque de Rocagris, Viana \u00e9 noiva do jovem R\u00f3bian de Castelmar. Prometidos um ao outro desde a inf\u00e2ncia, eles se casar\u00e3o na pr\u00f3xima primavera. Contudo, um alerta sobre a invas\u00e3o b\u00e1rbara frusta seus planos. Tanto R\u00f3bian como o duque de Rocagris partem a fim de defender o reino de N\u00f3rdia, mas fracassam&#8230;.<\/p>\n","protected":false},"author":2,"featured_media":0,"parent":22726,"menu_order":0,"comment_status":"closed","ping_status":"closed","template":"","meta":{"_acf_changed":false,"footnotes":""},"class_list":["post-22890","page","type-page","status-publish","hentry"],"acf":[],"yoast_head":"<!-- This site is optimized with the Yoast SEO plugin v27.4 - https:\/\/yoast.com\/product\/yoast-seo-wordpress\/ -->\n<title>Books in Portuguese - Laura Gallego - Oficial<\/title>\n<meta name=\"robots\" content=\"index, follow, max-snippet:-1, max-image-preview:large, max-video-preview:-1\" \/>\n<link rel=\"canonical\" href=\"https:\/\/www.lauragallego.com\/en\/books\/books-in-other-languages\/books-in-portuguese\/\" \/>\n<meta property=\"og:locale\" content=\"en_US\" \/>\n<meta property=\"og:type\" content=\"article\" \/>\n<meta property=\"og:title\" content=\"Books in Portuguese - Laura Gallego - Oficial\" \/>\n<meta property=\"og:description\" content=\"[vc_row][vc_column][vc_column_text el_class=&#8221;nav-books&#8221;] BOOKS BOOKS IN ENGLISH BOOKS IN OTHER LANGUAGES [\/vc_column_text][\/vc_column][\/vc_row][vc_row el_class=&#8221;row-books margin-bottom-3x&#8221;][vc_column][vc_row_inner][vc_column_inner width=&#8221;1\/2&#8243; offset=&#8221;vc_col-md-3&#8243;][vc_single_image image=&#8221;22132&#8243; img_size=&#8221;full&#8221;][vc_column_text]Title:\u00a0Onde as \u00e1rvores cantam Publisher:\u00a0SM Brasil Translator:\u00a0Paloma Vidal Synopsis: Filha \u00fanica do duque de Rocagris, Viana \u00e9 noiva do jovem R\u00f3bian de Castelmar. Prometidos um ao outro desde a inf\u00e2ncia, eles se casar\u00e3o na pr\u00f3xima primavera. Contudo, um alerta sobre a invas\u00e3o b\u00e1rbara frusta seus planos. Tanto R\u00f3bian como o duque de Rocagris partem a fim de defender o reino de N\u00f3rdia, mas fracassam....\" \/>\n<meta property=\"og:url\" content=\"https:\/\/www.lauragallego.com\/en\/books\/books-in-other-languages\/books-in-portuguese\/\" \/>\n<meta property=\"og:site_name\" content=\"Laura Gallego - Oficial\" \/>\n<meta property=\"article:publisher\" content=\"https:\/\/www.facebook.com\/lauragallegooficial\" \/>\n<meta property=\"article:modified_time\" content=\"2019-02-03T18:37:08+00:00\" \/>\n<meta name=\"twitter:card\" content=\"summary_large_image\" \/>\n<meta name=\"twitter:site\" content=\"@_LauraGallego\" \/>\n<meta name=\"twitter:label1\" content=\"Est. reading time\" \/>\n\t<meta name=\"twitter:data1\" content=\"8 minutes\" \/>\n<script type=\"application\/ld+json\" class=\"yoast-schema-graph\">{\"@context\":\"https:\\\/\\\/schema.org\",\"@graph\":[{\"@type\":\"WebPage\",\"@id\":\"https:\\\/\\\/www.lauragallego.com\\\/en\\\/books\\\/books-in-other-languages\\\/books-in-portuguese\\\/\",\"url\":\"https:\\\/\\\/www.lauragallego.com\\\/en\\\/books\\\/books-in-other-languages\\\/books-in-portuguese\\\/\",\"name\":\"Books in Portuguese - Laura Gallego - Oficial\",\"isPartOf\":{\"@id\":\"https:\\\/\\\/www.lauragallego.com\\\/#website\"},\"datePublished\":\"2018-06-12T08:21:42+00:00\",\"dateModified\":\"2019-02-03T18:37:08+00:00\",\"breadcrumb\":{\"@id\":\"https:\\\/\\\/www.lauragallego.com\\\/en\\\/books\\\/books-in-other-languages\\\/books-in-portuguese\\\/#breadcrumb\"},\"inLanguage\":\"en-US\",\"potentialAction\":[{\"@type\":\"ReadAction\",\"target\":[\"https:\\\/\\\/www.lauragallego.com\\\/en\\\/books\\\/books-in-other-languages\\\/books-in-portuguese\\\/\"]}]},{\"@type\":\"BreadcrumbList\",\"@id\":\"https:\\\/\\\/www.lauragallego.com\\\/en\\\/books\\\/books-in-other-languages\\\/books-in-portuguese\\\/#breadcrumb\",\"itemListElement\":[{\"@type\":\"ListItem\",\"position\":1,\"name\":\"Home\",\"item\":\"https:\\\/\\\/www.lauragallego.com\\\/en\\\/\"},{\"@type\":\"ListItem\",\"position\":2,\"name\":\"Books\",\"item\":\"https:\\\/\\\/www.lauragallego.com\\\/en\\\/books\\\/\"},{\"@type\":\"ListItem\",\"position\":3,\"name\":\"Books in other languages\",\"item\":\"https:\\\/\\\/www.lauragallego.com\\\/en\\\/books\\\/books-in-other-languages\\\/\"},{\"@type\":\"ListItem\",\"position\":4,\"name\":\"Books in Portuguese\"}]},{\"@type\":\"WebSite\",\"@id\":\"https:\\\/\\\/www.lauragallego.com\\\/#website\",\"url\":\"https:\\\/\\\/www.lauragallego.com\\\/\",\"name\":\"Laura Gallego - Oficial\",\"description\":\"\",\"publisher\":{\"@id\":\"https:\\\/\\\/www.lauragallego.com\\\/#organization\"},\"potentialAction\":[{\"@type\":\"SearchAction\",\"target\":{\"@type\":\"EntryPoint\",\"urlTemplate\":\"https:\\\/\\\/www.lauragallego.com\\\/?s={search_term_string}\"},\"query-input\":{\"@type\":\"PropertyValueSpecification\",\"valueRequired\":true,\"valueName\":\"search_term_string\"}}],\"inLanguage\":\"en-US\"},{\"@type\":\"Organization\",\"@id\":\"https:\\\/\\\/www.lauragallego.com\\\/#organization\",\"name\":\"Laura Gallego - Oficial\",\"url\":\"https:\\\/\\\/www.lauragallego.com\\\/\",\"logo\":{\"@type\":\"ImageObject\",\"inLanguage\":\"en-US\",\"@id\":\"https:\\\/\\\/www.lauragallego.com\\\/#\\\/schema\\\/logo\\\/image\\\/\",\"url\":\"https:\\\/\\\/www.lauragallego.com\\\/wp-content\\\/uploads\\\/2020\\\/07\\\/lechuza1.jpg\",\"contentUrl\":\"https:\\\/\\\/www.lauragallego.com\\\/wp-content\\\/uploads\\\/2020\\\/07\\\/lechuza1.jpg\",\"width\":1471,\"height\":1362,\"caption\":\"Laura Gallego - Oficial\"},\"image\":{\"@id\":\"https:\\\/\\\/www.lauragallego.com\\\/#\\\/schema\\\/logo\\\/image\\\/\"},\"sameAs\":[\"https:\\\/\\\/www.facebook.com\\\/lauragallegooficial\",\"https:\\\/\\\/x.com\\\/_LauraGallego\",\"https:\\\/\\\/www.instagram.com\\\/lauragallegooficial\\\/\",\"https:\\\/\\\/www.youtube.com\\\/channel\\\/UCYTcZ0cTkbbFolGJUp6Wqrw\\\/feed\"]}]}<\/script>\n<!-- \/ Yoast SEO plugin. -->","yoast_head_json":{"title":"Books in Portuguese - Laura Gallego - Oficial","robots":{"index":"index","follow":"follow","max-snippet":"max-snippet:-1","max-image-preview":"max-image-preview:large","max-video-preview":"max-video-preview:-1"},"canonical":"https:\/\/www.lauragallego.com\/en\/books\/books-in-other-languages\/books-in-portuguese\/","og_locale":"en_US","og_type":"article","og_title":"Books in Portuguese - Laura Gallego - Oficial","og_description":"[vc_row][vc_column][vc_column_text el_class=&#8221;nav-books&#8221;] BOOKS BOOKS IN ENGLISH BOOKS IN OTHER LANGUAGES [\/vc_column_text][\/vc_column][\/vc_row][vc_row el_class=&#8221;row-books margin-bottom-3x&#8221;][vc_column][vc_row_inner][vc_column_inner width=&#8221;1\/2&#8243; offset=&#8221;vc_col-md-3&#8243;][vc_single_image image=&#8221;22132&#8243; img_size=&#8221;full&#8221;][vc_column_text]Title:\u00a0Onde as \u00e1rvores cantam Publisher:\u00a0SM Brasil Translator:\u00a0Paloma Vidal Synopsis: Filha \u00fanica do duque de Rocagris, Viana \u00e9 noiva do jovem R\u00f3bian de Castelmar. Prometidos um ao outro desde a inf\u00e2ncia, eles se casar\u00e3o na pr\u00f3xima primavera. Contudo, um alerta sobre a invas\u00e3o b\u00e1rbara frusta seus planos. Tanto R\u00f3bian como o duque de Rocagris partem a fim de defender o reino de N\u00f3rdia, mas fracassam....","og_url":"https:\/\/www.lauragallego.com\/en\/books\/books-in-other-languages\/books-in-portuguese\/","og_site_name":"Laura Gallego - Oficial","article_publisher":"https:\/\/www.facebook.com\/lauragallegooficial","article_modified_time":"2019-02-03T18:37:08+00:00","twitter_card":"summary_large_image","twitter_site":"@_LauraGallego","twitter_misc":{"Est. reading time":"8 minutes"},"schema":{"@context":"https:\/\/schema.org","@graph":[{"@type":"WebPage","@id":"https:\/\/www.lauragallego.com\/en\/books\/books-in-other-languages\/books-in-portuguese\/","url":"https:\/\/www.lauragallego.com\/en\/books\/books-in-other-languages\/books-in-portuguese\/","name":"Books in Portuguese - Laura Gallego - Oficial","isPartOf":{"@id":"https:\/\/www.lauragallego.com\/#website"},"datePublished":"2018-06-12T08:21:42+00:00","dateModified":"2019-02-03T18:37:08+00:00","breadcrumb":{"@id":"https:\/\/www.lauragallego.com\/en\/books\/books-in-other-languages\/books-in-portuguese\/#breadcrumb"},"inLanguage":"en-US","potentialAction":[{"@type":"ReadAction","target":["https:\/\/www.lauragallego.com\/en\/books\/books-in-other-languages\/books-in-portuguese\/"]}]},{"@type":"BreadcrumbList","@id":"https:\/\/www.lauragallego.com\/en\/books\/books-in-other-languages\/books-in-portuguese\/#breadcrumb","itemListElement":[{"@type":"ListItem","position":1,"name":"Home","item":"https:\/\/www.lauragallego.com\/en\/"},{"@type":"ListItem","position":2,"name":"Books","item":"https:\/\/www.lauragallego.com\/en\/books\/"},{"@type":"ListItem","position":3,"name":"Books in other languages","item":"https:\/\/www.lauragallego.com\/en\/books\/books-in-other-languages\/"},{"@type":"ListItem","position":4,"name":"Books in Portuguese"}]},{"@type":"WebSite","@id":"https:\/\/www.lauragallego.com\/#website","url":"https:\/\/www.lauragallego.com\/","name":"Laura Gallego - Oficial","description":"","publisher":{"@id":"https:\/\/www.lauragallego.com\/#organization"},"potentialAction":[{"@type":"SearchAction","target":{"@type":"EntryPoint","urlTemplate":"https:\/\/www.lauragallego.com\/?s={search_term_string}"},"query-input":{"@type":"PropertyValueSpecification","valueRequired":true,"valueName":"search_term_string"}}],"inLanguage":"en-US"},{"@type":"Organization","@id":"https:\/\/www.lauragallego.com\/#organization","name":"Laura Gallego - Oficial","url":"https:\/\/www.lauragallego.com\/","logo":{"@type":"ImageObject","inLanguage":"en-US","@id":"https:\/\/www.lauragallego.com\/#\/schema\/logo\/image\/","url":"https:\/\/www.lauragallego.com\/wp-content\/uploads\/2020\/07\/lechuza1.jpg","contentUrl":"https:\/\/www.lauragallego.com\/wp-content\/uploads\/2020\/07\/lechuza1.jpg","width":1471,"height":1362,"caption":"Laura Gallego - Oficial"},"image":{"@id":"https:\/\/www.lauragallego.com\/#\/schema\/logo\/image\/"},"sameAs":["https:\/\/www.facebook.com\/lauragallegooficial","https:\/\/x.com\/_LauraGallego","https:\/\/www.instagram.com\/lauragallegooficial\/","https:\/\/www.youtube.com\/channel\/UCYTcZ0cTkbbFolGJUp6Wqrw\/feed"]}]}},"_links":{"self":[{"href":"https:\/\/www.lauragallego.com\/en\/wp-json\/wp\/v2\/pages\/22890","targetHints":{"allow":["GET"]}}],"collection":[{"href":"https:\/\/www.lauragallego.com\/en\/wp-json\/wp\/v2\/pages"}],"about":[{"href":"https:\/\/www.lauragallego.com\/en\/wp-json\/wp\/v2\/types\/page"}],"author":[{"embeddable":true,"href":"https:\/\/www.lauragallego.com\/en\/wp-json\/wp\/v2\/users\/2"}],"replies":[{"embeddable":true,"href":"https:\/\/www.lauragallego.com\/en\/wp-json\/wp\/v2\/comments?post=22890"}],"version-history":[{"count":0,"href":"https:\/\/www.lauragallego.com\/en\/wp-json\/wp\/v2\/pages\/22890\/revisions"}],"up":[{"embeddable":true,"href":"https:\/\/www.lauragallego.com\/en\/wp-json\/wp\/v2\/pages\/22726"}],"wp:attachment":[{"href":"https:\/\/www.lauragallego.com\/en\/wp-json\/wp\/v2\/media?parent=22890"}],"curies":[{"name":"wp","href":"https:\/\/api.w.org\/{rel}","templated":true}]}}