{"id":22897,"date":"2018-06-12T10:22:03","date_gmt":"2018-06-12T08:22:03","guid":{"rendered":"https:\/\/www.lauragallego.com\/?page_id=22897"},"modified":"2019-02-03T20:46:17","modified_gmt":"2019-02-03T18:46:17","slug":"books-in-hungarian","status":"publish","type":"page","link":"https:\/\/www.lauragallego.com\/en\/books\/books-in-other-languages\/books-in-hungarian\/","title":{"rendered":"Books in Hungarian"},"content":{"rendered":"<div class=\"wpb-content-wrapper\">[vc_row][vc_column][vc_column_text el_class=&#8221;nav-books&#8221;]\n<ul>\n<li><a href=\"https:\/\/www.lauragallego.com\/en\/books\/\">BOOKS<\/a><\/li>\n<li><a href=\"https:\/\/www.lauragallego.com\/en\/books\/books-in-english\/\">BOOKS IN ENGLISH<\/a><\/li>\n<li class=\"current\"><a href=\"https:\/\/www.lauragallego.com\/en\/books\/books-in-other-languages\/\">BOOKS IN OTHER LANGUAGES<\/a><\/li>\n<\/ul>\n[\/vc_column_text][\/vc_column][\/vc_row][vc_row el_class=&#8221;row-books margin-bottom-3x&#8221;][vc_column][vc_row_inner][vc_column_inner width=&#8221;1\/2&#8243; offset=&#8221;vc_col-md-3&#8243;][vc_single_image image=&#8221;22538&#8243; img_size=&#8221;full&#8221;][vc_column_text]<strong>Title:<\/strong>\u00a0Idh\u00fan Eml\u00e9kezete I. Az Ellen\u00e1ll\u00e1s (Hardcover)<br \/>\n<strong>Publisher:<\/strong>\u00a0Delta Visi\u00f3n<br \/>\n<strong>Translator:<\/strong>\u00a0Zsuzsanna Ruppl<br \/>\n<strong>Synopsis:<br \/>\n<\/strong>Aznap, amikor Idh\u00fanon bek\u00f6vetkezett a h\u00e1rom nap \u00e9s a h\u00e1rom hold egy\u00fctt\u00e1ll\u00e1sa, Ashran, a fekete m\u00e1gus kaparintotta meg a hatalmat a bolyg\u00f3n. Ezut\u00e1n a mi vil\u00e1gunkban egy Idh\u00fanr\u00f3l menek\u00fclt harcos \u00e9s egy var\u00e1zsl\u00f3 megalak\u00edtotta az Ellen\u00e1ll\u00e1st, ahov\u00e1 Jack \u00e9s Victoria, a k\u00e9t, F\u00f6ld\u00f6n sz\u00fcletett kamasz is tartozik. A csoport c\u00e9lja, hogy v\u00e9gezzenek a sz\u00e1rnyas k\u00edgy\u00f3k birodalm\u00e1val, \u00e1m Ashran a F\u00f6ldre k\u00fcldi Kirtasht, a fiatal \u00e9s kegyetlen gyilkost, aki mindent megtesz, hogy k\u00fcldet\u00e9s\u00fcket megakad\u00e1lyozza. Sokkal t\u00f6bb van benned, mint amirol tudsz.[\/vc_column_text][\/vc_column_inner][vc_column_inner width=&#8221;1\/2&#8243; offset=&#8221;vc_col-md-3&#8243;][vc_single_image image=&#8221;22952&#8243; img_size=&#8221;full&#8221;][vc_column_text]<strong>Title:<\/strong>\u00a0Idh\u00fan Eml\u00e9kezete I. Az Ellen\u00e1ll\u00e1s (Paperback)<br \/>\n<strong>Publisher:<\/strong>\u00a0Delta Visi\u00f3n<br \/>\n<strong>Translator:<\/strong>\u00a0Zsuzsanna Ruppl<br \/>\n<strong>Synopsis:<br \/>\n<\/strong>Aznap, amikor Idh\u00fanon bek\u00f6vetkezett a h\u00e1rom nap \u00e9s a h\u00e1rom hold egy\u00fctt\u00e1ll\u00e1sa, Ashran, a fekete m\u00e1gus kaparintotta meg a hatalmat a bolyg\u00f3n. Ezut\u00e1n a mi vil\u00e1gunkban egy Idh\u00fanr\u00f3l menek\u00fclt harcos \u00e9s egy var\u00e1zsl\u00f3 megalak\u00edtotta az Ellen\u00e1ll\u00e1st, ahov\u00e1 Jack \u00e9s Victoria, a k\u00e9t, F\u00f6ld\u00f6n sz\u00fcletett kamasz is tartozik. A csoport c\u00e9lja, hogy v\u00e9gezzenek a sz\u00e1rnyas k\u00edgy\u00f3k birodalm\u00e1val, \u00e1m Ashran a F\u00f6ldre k\u00fcldi Kirtasht, a fiatal \u00e9s kegyetlen gyilkost, aki mindent megtesz, hogy k\u00fcldet\u00e9s\u00fcket megakad\u00e1lyozza. Sokkal t\u00f6bb van benned, mint amirol tudsz.[\/vc_column_text][\/vc_column_inner][vc_column_inner width=&#8221;1\/2&#8243; offset=&#8221;vc_col-md-3&#8243;][vc_single_image image=&#8221;22954&#8243; img_size=&#8221;full&#8221;][vc_column_text]<strong>Title:<\/strong>\u00a0Idh\u00fan Eml\u00e9kezete II. Tri\u00e1da I (Paperback)<br \/>\n<strong>Publisher:<\/strong>\u00a0Delta Visi\u00f3n<br \/>\n<strong>Translator:<\/strong>\u00a0Zsuzsanna Ruppl<br \/>\n<strong>Synopsis:<\/strong><\/p>\n<div class=\"std\">\n<p>\u201eA S\u00e1rk\u00e1ny \u00e9s az Egyszarv\u00fa meg\u00e9rkezett\u2026 A S\u00e1rk\u00e1ny \u00e9s az Egyszarv\u00fa itt van!\u201d A h\u00edr fut\u00f3t\u0171zk\u00e9nt terjed Ashran, a fekete m\u00e1gus k\u00e9nyuralm\u00e1t ellenz\u0151 idh\u00faniak k\u00f6z\u00f6tt. Egyre n\u0151 a rem\u00e9ny, hogy a v\u00e1rva v\u00e1rt pr\u00f3f\u00e9cia beteljesedik, \u00e9s Idh\u00fan vil\u00e1ga v\u00e9gre felszabadul. A h\u00e1bor\u00fa azonban m\u00e9gis folytat\u00f3dik, az Ellen\u00e1ll\u00e1s tagjai pedig k\u00fcl\u00f6n utakon j\u00e1rnak. Hogyan is hihetn\u00e9nek Jackben \u00e9s Victori\u00e1ban, ha Kirtash, a shek is vel\u00fck van?<\/p>\n<\/div>\n[\/vc_column_text][\/vc_column_inner][vc_column_inner width=&#8221;1\/2&#8243; offset=&#8221;vc_col-md-3&#8243;][vc_single_image image=&#8221;22956&#8243; img_size=&#8221;full&#8221;][vc_column_text]<strong>Title:<\/strong>\u00a0Idh\u00fan Eml\u00e9kezete II. Tri\u00e1da II (Paperback)<br \/>\n<strong>Publisher:<\/strong>\u00a0Delta Visi\u00f3n<br \/>\n<strong>Translator:<\/strong>\u00a0Zsuzsanna Ruppl<br \/>\n<strong>Synopsis:<\/strong><\/p>\n<div class=\"std\">\n<p class=\"NoParagraphStyle\">\u201eA S\u00e1rk\u00e1ny \u00e9s az Egyszarv\u00fa meg\u00e9rkezett\u2026 A S\u00e1rk\u00e1ny \u00e9s az Egyszarv\u00fa itt van!\u201d A h\u00edr fut\u00f3t\u0171zk\u00e9nt terjed Ashran, a fekete m\u00e1gus k\u00e9nyuralm\u00e1t ellenz\u0151 idh\u00faniak k\u00f6z\u00f6tt. Egyre n\u0151 a rem\u00e9ny, hogy a v\u00e1rva v\u00e1rt pr\u00f3f\u00e9cia beteljesedik, \u00e9s Idh\u00fan vil\u00e1ga v\u00e9gre felszabadul. A h\u00e1bor\u00fa azonban m\u00e9gis folytat\u00f3dik, az Ellen\u00e1ll\u00e1s tagjai pedig k\u00fcl\u00f6n utakon j\u00e1rnak. Hogyan is hihetn\u00e9nek Jackben \u00e9s Victori\u00e1ban, ha Kirtash, a shek is vel\u00fck van?<\/p>\n<\/div>\n[\/vc_column_text][\/vc_column_inner][\/vc_row_inner][vc_row_inner][vc_column_inner width=&#8221;1\/2&#8243; offset=&#8221;vc_col-md-3&#8243;][\/vc_column_inner][vc_column_inner width=&#8221;1\/2&#8243; offset=&#8221;vc_col-md-3&#8243;][\/vc_column_inner][vc_column_inner width=&#8221;1\/2&#8243; offset=&#8221;vc_col-md-3&#8243;][\/vc_column_inner][\/vc_row_inner][\/vc_column][\/vc_row]\n<\/div>","protected":false},"excerpt":{"rendered":"<p>[vc_row][vc_column][vc_column_text el_class=&#8221;nav-books&#8221;] BOOKS BOOKS IN ENGLISH BOOKS IN OTHER LANGUAGES [\/vc_column_text][\/vc_column][\/vc_row][vc_row el_class=&#8221;row-books margin-bottom-3x&#8221;][vc_column][vc_row_inner][vc_column_inner width=&#8221;1\/2&#8243; offset=&#8221;vc_col-md-3&#8243;][vc_single_image image=&#8221;22538&#8243; img_size=&#8221;full&#8221;][vc_column_text]Title:\u00a0Idh\u00fan Eml\u00e9kezete I. Az Ellen\u00e1ll\u00e1s (Hardcover) Publisher:\u00a0Delta Visi\u00f3n Translator:\u00a0Zsuzsanna Ruppl Synopsis: Aznap, amikor Idh\u00fanon bek\u00f6vetkezett a h\u00e1rom nap \u00e9s a h\u00e1rom hold egy\u00fctt\u00e1ll\u00e1sa, Ashran, a fekete m\u00e1gus kaparintotta meg a hatalmat a bolyg\u00f3n. Ezut\u00e1n a mi vil\u00e1gunkban egy Idh\u00fanr\u00f3l menek\u00fclt harcos \u00e9s egy var\u00e1zsl\u00f3 megalak\u00edtotta az Ellen\u00e1ll\u00e1st, ahov\u00e1 Jack \u00e9s Victoria, a k\u00e9t, F\u00f6ld\u00f6n sz\u00fcletett kamasz is tartozik. A csoport c\u00e9lja, hogy v\u00e9gezzenek a&#8230;<\/p>\n","protected":false},"author":2,"featured_media":0,"parent":22726,"menu_order":0,"comment_status":"closed","ping_status":"closed","template":"","meta":{"_acf_changed":false,"footnotes":""},"class_list":["post-22897","page","type-page","status-publish","hentry"],"acf":[],"yoast_head":"<!-- This site is optimized with the Yoast SEO plugin v27.4 - https:\/\/yoast.com\/product\/yoast-seo-wordpress\/ -->\n<title>Books in Hungarian - Laura Gallego - Oficial<\/title>\n<meta name=\"robots\" content=\"index, follow, max-snippet:-1, max-image-preview:large, max-video-preview:-1\" \/>\n<link rel=\"canonical\" href=\"https:\/\/www.lauragallego.com\/en\/books\/books-in-other-languages\/books-in-hungarian\/\" \/>\n<meta property=\"og:locale\" content=\"en_US\" \/>\n<meta property=\"og:type\" content=\"article\" \/>\n<meta property=\"og:title\" content=\"Books in Hungarian - Laura Gallego - Oficial\" \/>\n<meta property=\"og:description\" content=\"[vc_row][vc_column][vc_column_text el_class=&#8221;nav-books&#8221;] BOOKS BOOKS IN ENGLISH BOOKS IN OTHER LANGUAGES [\/vc_column_text][\/vc_column][\/vc_row][vc_row el_class=&#8221;row-books margin-bottom-3x&#8221;][vc_column][vc_row_inner][vc_column_inner width=&#8221;1\/2&#8243; offset=&#8221;vc_col-md-3&#8243;][vc_single_image image=&#8221;22538&#8243; img_size=&#8221;full&#8221;][vc_column_text]Title:\u00a0Idh\u00fan Eml\u00e9kezete I. Az Ellen\u00e1ll\u00e1s (Hardcover) Publisher:\u00a0Delta Visi\u00f3n Translator:\u00a0Zsuzsanna Ruppl Synopsis: Aznap, amikor Idh\u00fanon bek\u00f6vetkezett a h\u00e1rom nap \u00e9s a h\u00e1rom hold egy\u00fctt\u00e1ll\u00e1sa, Ashran, a fekete m\u00e1gus kaparintotta meg a hatalmat a bolyg\u00f3n. Ezut\u00e1n a mi vil\u00e1gunkban egy Idh\u00fanr\u00f3l menek\u00fclt harcos \u00e9s egy var\u00e1zsl\u00f3 megalak\u00edtotta az Ellen\u00e1ll\u00e1st, ahov\u00e1 Jack \u00e9s Victoria, a k\u00e9t, F\u00f6ld\u00f6n sz\u00fcletett kamasz is tartozik. A csoport c\u00e9lja, hogy v\u00e9gezzenek a...\" \/>\n<meta property=\"og:url\" content=\"https:\/\/www.lauragallego.com\/en\/books\/books-in-other-languages\/books-in-hungarian\/\" \/>\n<meta property=\"og:site_name\" content=\"Laura Gallego - Oficial\" \/>\n<meta property=\"article:publisher\" content=\"https:\/\/www.facebook.com\/lauragallegooficial\" \/>\n<meta property=\"article:modified_time\" content=\"2019-02-03T18:46:17+00:00\" \/>\n<meta name=\"twitter:card\" content=\"summary_large_image\" \/>\n<meta name=\"twitter:site\" content=\"@_LauraGallego\" \/>\n<meta name=\"twitter:label1\" content=\"Est. reading time\" \/>\n\t<meta name=\"twitter:data1\" content=\"3 minutes\" \/>\n<script type=\"application\/ld+json\" class=\"yoast-schema-graph\">{\"@context\":\"https:\\\/\\\/schema.org\",\"@graph\":[{\"@type\":\"WebPage\",\"@id\":\"https:\\\/\\\/www.lauragallego.com\\\/en\\\/books\\\/books-in-other-languages\\\/books-in-hungarian\\\/\",\"url\":\"https:\\\/\\\/www.lauragallego.com\\\/en\\\/books\\\/books-in-other-languages\\\/books-in-hungarian\\\/\",\"name\":\"Books in Hungarian - Laura Gallego - Oficial\",\"isPartOf\":{\"@id\":\"https:\\\/\\\/www.lauragallego.com\\\/#website\"},\"datePublished\":\"2018-06-12T08:22:03+00:00\",\"dateModified\":\"2019-02-03T18:46:17+00:00\",\"breadcrumb\":{\"@id\":\"https:\\\/\\\/www.lauragallego.com\\\/en\\\/books\\\/books-in-other-languages\\\/books-in-hungarian\\\/#breadcrumb\"},\"inLanguage\":\"en-US\",\"potentialAction\":[{\"@type\":\"ReadAction\",\"target\":[\"https:\\\/\\\/www.lauragallego.com\\\/en\\\/books\\\/books-in-other-languages\\\/books-in-hungarian\\\/\"]}]},{\"@type\":\"BreadcrumbList\",\"@id\":\"https:\\\/\\\/www.lauragallego.com\\\/en\\\/books\\\/books-in-other-languages\\\/books-in-hungarian\\\/#breadcrumb\",\"itemListElement\":[{\"@type\":\"ListItem\",\"position\":1,\"name\":\"Home\",\"item\":\"https:\\\/\\\/www.lauragallego.com\\\/en\\\/\"},{\"@type\":\"ListItem\",\"position\":2,\"name\":\"Books\",\"item\":\"https:\\\/\\\/www.lauragallego.com\\\/en\\\/books\\\/\"},{\"@type\":\"ListItem\",\"position\":3,\"name\":\"Books in other languages\",\"item\":\"https:\\\/\\\/www.lauragallego.com\\\/en\\\/books\\\/books-in-other-languages\\\/\"},{\"@type\":\"ListItem\",\"position\":4,\"name\":\"Books in Hungarian\"}]},{\"@type\":\"WebSite\",\"@id\":\"https:\\\/\\\/www.lauragallego.com\\\/#website\",\"url\":\"https:\\\/\\\/www.lauragallego.com\\\/\",\"name\":\"Laura Gallego - Oficial\",\"description\":\"\",\"publisher\":{\"@id\":\"https:\\\/\\\/www.lauragallego.com\\\/#organization\"},\"potentialAction\":[{\"@type\":\"SearchAction\",\"target\":{\"@type\":\"EntryPoint\",\"urlTemplate\":\"https:\\\/\\\/www.lauragallego.com\\\/?s={search_term_string}\"},\"query-input\":{\"@type\":\"PropertyValueSpecification\",\"valueRequired\":true,\"valueName\":\"search_term_string\"}}],\"inLanguage\":\"en-US\"},{\"@type\":\"Organization\",\"@id\":\"https:\\\/\\\/www.lauragallego.com\\\/#organization\",\"name\":\"Laura Gallego - Oficial\",\"url\":\"https:\\\/\\\/www.lauragallego.com\\\/\",\"logo\":{\"@type\":\"ImageObject\",\"inLanguage\":\"en-US\",\"@id\":\"https:\\\/\\\/www.lauragallego.com\\\/#\\\/schema\\\/logo\\\/image\\\/\",\"url\":\"https:\\\/\\\/www.lauragallego.com\\\/wp-content\\\/uploads\\\/2020\\\/07\\\/lechuza1.jpg\",\"contentUrl\":\"https:\\\/\\\/www.lauragallego.com\\\/wp-content\\\/uploads\\\/2020\\\/07\\\/lechuza1.jpg\",\"width\":1471,\"height\":1362,\"caption\":\"Laura Gallego - Oficial\"},\"image\":{\"@id\":\"https:\\\/\\\/www.lauragallego.com\\\/#\\\/schema\\\/logo\\\/image\\\/\"},\"sameAs\":[\"https:\\\/\\\/www.facebook.com\\\/lauragallegooficial\",\"https:\\\/\\\/x.com\\\/_LauraGallego\",\"https:\\\/\\\/www.instagram.com\\\/lauragallegooficial\\\/\",\"https:\\\/\\\/www.youtube.com\\\/channel\\\/UCYTcZ0cTkbbFolGJUp6Wqrw\\\/feed\"]}]}<\/script>\n<!-- \/ Yoast SEO plugin. -->","yoast_head_json":{"title":"Books in Hungarian - Laura Gallego - Oficial","robots":{"index":"index","follow":"follow","max-snippet":"max-snippet:-1","max-image-preview":"max-image-preview:large","max-video-preview":"max-video-preview:-1"},"canonical":"https:\/\/www.lauragallego.com\/en\/books\/books-in-other-languages\/books-in-hungarian\/","og_locale":"en_US","og_type":"article","og_title":"Books in Hungarian - Laura Gallego - Oficial","og_description":"[vc_row][vc_column][vc_column_text el_class=&#8221;nav-books&#8221;] BOOKS BOOKS IN ENGLISH BOOKS IN OTHER LANGUAGES [\/vc_column_text][\/vc_column][\/vc_row][vc_row el_class=&#8221;row-books margin-bottom-3x&#8221;][vc_column][vc_row_inner][vc_column_inner width=&#8221;1\/2&#8243; offset=&#8221;vc_col-md-3&#8243;][vc_single_image image=&#8221;22538&#8243; img_size=&#8221;full&#8221;][vc_column_text]Title:\u00a0Idh\u00fan Eml\u00e9kezete I. Az Ellen\u00e1ll\u00e1s (Hardcover) Publisher:\u00a0Delta Visi\u00f3n Translator:\u00a0Zsuzsanna Ruppl Synopsis: Aznap, amikor Idh\u00fanon bek\u00f6vetkezett a h\u00e1rom nap \u00e9s a h\u00e1rom hold egy\u00fctt\u00e1ll\u00e1sa, Ashran, a fekete m\u00e1gus kaparintotta meg a hatalmat a bolyg\u00f3n. Ezut\u00e1n a mi vil\u00e1gunkban egy Idh\u00fanr\u00f3l menek\u00fclt harcos \u00e9s egy var\u00e1zsl\u00f3 megalak\u00edtotta az Ellen\u00e1ll\u00e1st, ahov\u00e1 Jack \u00e9s Victoria, a k\u00e9t, F\u00f6ld\u00f6n sz\u00fcletett kamasz is tartozik. A csoport c\u00e9lja, hogy v\u00e9gezzenek a...","og_url":"https:\/\/www.lauragallego.com\/en\/books\/books-in-other-languages\/books-in-hungarian\/","og_site_name":"Laura Gallego - Oficial","article_publisher":"https:\/\/www.facebook.com\/lauragallegooficial","article_modified_time":"2019-02-03T18:46:17+00:00","twitter_card":"summary_large_image","twitter_site":"@_LauraGallego","twitter_misc":{"Est. reading time":"3 minutes"},"schema":{"@context":"https:\/\/schema.org","@graph":[{"@type":"WebPage","@id":"https:\/\/www.lauragallego.com\/en\/books\/books-in-other-languages\/books-in-hungarian\/","url":"https:\/\/www.lauragallego.com\/en\/books\/books-in-other-languages\/books-in-hungarian\/","name":"Books in Hungarian - Laura Gallego - Oficial","isPartOf":{"@id":"https:\/\/www.lauragallego.com\/#website"},"datePublished":"2018-06-12T08:22:03+00:00","dateModified":"2019-02-03T18:46:17+00:00","breadcrumb":{"@id":"https:\/\/www.lauragallego.com\/en\/books\/books-in-other-languages\/books-in-hungarian\/#breadcrumb"},"inLanguage":"en-US","potentialAction":[{"@type":"ReadAction","target":["https:\/\/www.lauragallego.com\/en\/books\/books-in-other-languages\/books-in-hungarian\/"]}]},{"@type":"BreadcrumbList","@id":"https:\/\/www.lauragallego.com\/en\/books\/books-in-other-languages\/books-in-hungarian\/#breadcrumb","itemListElement":[{"@type":"ListItem","position":1,"name":"Home","item":"https:\/\/www.lauragallego.com\/en\/"},{"@type":"ListItem","position":2,"name":"Books","item":"https:\/\/www.lauragallego.com\/en\/books\/"},{"@type":"ListItem","position":3,"name":"Books in other languages","item":"https:\/\/www.lauragallego.com\/en\/books\/books-in-other-languages\/"},{"@type":"ListItem","position":4,"name":"Books in Hungarian"}]},{"@type":"WebSite","@id":"https:\/\/www.lauragallego.com\/#website","url":"https:\/\/www.lauragallego.com\/","name":"Laura Gallego - Oficial","description":"","publisher":{"@id":"https:\/\/www.lauragallego.com\/#organization"},"potentialAction":[{"@type":"SearchAction","target":{"@type":"EntryPoint","urlTemplate":"https:\/\/www.lauragallego.com\/?s={search_term_string}"},"query-input":{"@type":"PropertyValueSpecification","valueRequired":true,"valueName":"search_term_string"}}],"inLanguage":"en-US"},{"@type":"Organization","@id":"https:\/\/www.lauragallego.com\/#organization","name":"Laura Gallego - Oficial","url":"https:\/\/www.lauragallego.com\/","logo":{"@type":"ImageObject","inLanguage":"en-US","@id":"https:\/\/www.lauragallego.com\/#\/schema\/logo\/image\/","url":"https:\/\/www.lauragallego.com\/wp-content\/uploads\/2020\/07\/lechuza1.jpg","contentUrl":"https:\/\/www.lauragallego.com\/wp-content\/uploads\/2020\/07\/lechuza1.jpg","width":1471,"height":1362,"caption":"Laura Gallego - Oficial"},"image":{"@id":"https:\/\/www.lauragallego.com\/#\/schema\/logo\/image\/"},"sameAs":["https:\/\/www.facebook.com\/lauragallegooficial","https:\/\/x.com\/_LauraGallego","https:\/\/www.instagram.com\/lauragallegooficial\/","https:\/\/www.youtube.com\/channel\/UCYTcZ0cTkbbFolGJUp6Wqrw\/feed"]}]}},"_links":{"self":[{"href":"https:\/\/www.lauragallego.com\/en\/wp-json\/wp\/v2\/pages\/22897","targetHints":{"allow":["GET"]}}],"collection":[{"href":"https:\/\/www.lauragallego.com\/en\/wp-json\/wp\/v2\/pages"}],"about":[{"href":"https:\/\/www.lauragallego.com\/en\/wp-json\/wp\/v2\/types\/page"}],"author":[{"embeddable":true,"href":"https:\/\/www.lauragallego.com\/en\/wp-json\/wp\/v2\/users\/2"}],"replies":[{"embeddable":true,"href":"https:\/\/www.lauragallego.com\/en\/wp-json\/wp\/v2\/comments?post=22897"}],"version-history":[{"count":0,"href":"https:\/\/www.lauragallego.com\/en\/wp-json\/wp\/v2\/pages\/22897\/revisions"}],"up":[{"embeddable":true,"href":"https:\/\/www.lauragallego.com\/en\/wp-json\/wp\/v2\/pages\/22726"}],"wp:attachment":[{"href":"https:\/\/www.lauragallego.com\/en\/wp-json\/wp\/v2\/media?parent=22897"}],"curies":[{"name":"wp","href":"https:\/\/api.w.org\/{rel}","templated":true}]}}