{"id":22899,"date":"2018-06-12T10:22:23","date_gmt":"2018-06-12T08:22:23","guid":{"rendered":"https:\/\/www.lauragallego.com\/?page_id=22899"},"modified":"2023-06-21T19:12:55","modified_gmt":"2023-06-21T17:12:55","slug":"books-in-polish","status":"publish","type":"page","link":"https:\/\/www.lauragallego.com\/en\/books\/books-in-other-languages\/books-in-polish\/","title":{"rendered":"Books in Polish"},"content":{"rendered":"<div class=\"wpb-content-wrapper\">[vc_row][vc_column][vc_column_text el_class=&#8221;nav-books&#8221;]\n<ul>\n<li><a href=\"https:\/\/www.lauragallego.com\/en\/books\/\">BOOKS<\/a><\/li>\n<li><a href=\"https:\/\/www.lauragallego.com\/en\/books\/books-in-english\/\">BOOKS IN ENGLISH<\/a><\/li>\n<li class=\"current\"><a href=\"https:\/\/www.lauragallego.com\/en\/books\/books-in-other-languages\/\">BOOKS IN OTHER LANGUAGES<\/a><\/li>\n<\/ul>\n[\/vc_column_text][\/vc_column][\/vc_row][vc_row el_class=&#8221;row-books margin-bottom-3x&#8221;][vc_column][vc_row_inner][vc_column_inner width=&#8221;1\/2&#8243; offset=&#8221;vc_col-md-3&#8243;][vc_single_image image=&#8221;24659&#8243; img_size=&#8221;full&#8221;][vc_column_text]<strong>Title: <\/strong>Ksi\u0119ga Axlin. Stra\u017cnicy Cytadeli<br \/>\n<strong>Publisher:<\/strong> <a href=\"https:\/\/mlodybook.com.pl\/\" target=\"_blank\" rel=\"noopener\">Mlody Book<\/a><br \/>\n<strong>Translator: <\/strong>Karolina Jaszecka<br \/>\n<strong>Synopsis:<\/strong><br \/>\nW \u015bwiecie pe\u0142nym potwor\u00f3w ocalenie mo\u017ce zapewni\u0107 tylko ta ksi\u0119ga!\u015awiat, w kt\u00f3rym \u017cyje Axlin, jest n\u0119kany przez potwory. Niekt\u00f3re atakuj\u0105 podr\u00f3\u017cnych na drogach, inne napadaj\u0105 i niszcz\u0105 wioski, ale s\u0105 te\u017c i takie, kt\u00f3re w\u015blizguj\u0105 si\u0119 do dom\u00f3w, by porwa\u0107 \u015bpi\u0105ce dzieci. Axlin, kt\u00f3ra od najm\u0142odszych lat \u017cyje w strachu, \u017ce w ka\u017cdej chwili mo\u017ce pa\u015b\u0107 ich ofiar\u0105, postanawia dowiedzie\u0107 si\u0119 jak najwi\u0119cej o potworach i spisa\u0107 swoj\u0105 wiedz\u0119 w ksi\u0119dze, kt\u00f3ra stanie si\u0119 swego rodzaju podr\u0119cznikiem i pos\u0142u\u017cy innym ludziom za ochron\u0119.<br \/>\nJednak wkr\u00f3tce okazuje si\u0119, \u017ce je\u015bli dziewczyna naprawd\u0119 chce kogo\u015b uratowa\u0107, b\u0119dzie musia\u0142a opu\u015bci\u0107 rodzinn\u0105 wiosk\u0119 i ruszy\u0107 w podr\u00f3\u017c po wielkim i niebezpiecznym \u015bwiecie.<br \/>\nPodczas w\u0119dr\u00f3wki odkryje rzeczy, kt\u00f3rych wcze\u015bniej nie by\u0142a sobie w stanie nawet wyobrazi\u0107.<\/p>\n<div class=\"col-lg-12 pl-lg-3 px-0\"><\/div>\n[\/vc_column_text][\/vc_column_inner][vc_column_inner width=&#8221;1\/2&#8243; offset=&#8221;vc_col-md-3&#8243;][vc_single_image image=&#8221;25167&#8243; img_size=&#8221;full&#8221;][vc_column_text]<strong>Title: <\/strong>\u00a0<em>Straznicy Cytadeli II: Sekret Xeina<\/em><br \/>\n<strong>Publisher:<\/strong> <a href=\"https:\/\/mlodybook.com.pl\/\" target=\"_blank\" rel=\"noopener\">Mlody Book<\/a><br \/>\n<strong>Translator: <\/strong>Karolina Jaszecka<br \/>\n<strong>Synopsis: <\/strong>Druga cz\u0119\u015b\u0107 ekscytuj\u0105cej trylogii Stra\u017cnicy Cytadeli.<\/p>\n<div class=\"pad-small-top\">\n<div class=\"productview-text\">\n<div class=\"text\">\n<p>Drogi Axlin i\u00a0Xeina zn\u00f3w si\u0119 krzy\u017cuj\u0105, ale oboje wydaj\u0105 si\u0119 oddala\u0107 od siebie bardziej ni\u017c kiedykolwiek. Kronikarka pracuje w\u00a0bibliotece, zbieraj\u0105c informacje potrzebne jej do uko\u0144czenia bestiariusza i\u00a0jednocze\u015bnie pr\u00f3buje rozwik\u0142a\u0107 zagadk\u0119 zaskakuj\u0105cej obecno\u015bci potwor\u00f3w w\u00a0Cytadeli.<br \/>\nW\u00a0mi\u0119dzyczasie pomaga swojemu przyjacielowi Dexowi w\u00a0rozwi\u0105zaniu pewnej osobistej sprawy i\u00a0zostaje uwik\u0142ana w\u00a0konflikt kilku rod\u00f3w ze starego miasta.<\/p>\n<\/div>\n<\/div>\n<\/div>\n[\/vc_column_text][\/vc_column_inner][vc_column_inner width=&#8221;1\/2&#8243; offset=&#8221;vc_col-md-3&#8243;][vc_single_image image=&#8221;25686&#8243; img_size=&#8221;full&#8221;][vc_column_text]<strong>Title: <\/strong>\u00a0<em>Straznicy Cytadeli III: Misja Rox.<\/em><br \/>\n<strong>Publisher:<\/strong> <a href=\"https:\/\/mlodybook.com.pl\/\" target=\"_blank\" rel=\"noopener\">Mlody Book<\/a><br \/>\n<strong>Translator: <\/strong>Karolina Jaszecka<br \/>\n<strong>Synopsis:\u00a0 <\/strong>Trzecia cz\u0119\u015b\u0107 emocjonuj\u0105cej trylogii Stra\u017cnicy Cytadeli.<\/p>\n<div class=\"pad-small-top\">\n<div class=\"productview-text\">\n<div class=\"text\">\n<div id=\"product-description\" class=\"panel-content\">\n<p>Rox wyrusza w podr\u00f3\u017c do ziem zachodnich, \u017ceby odnale\u017a\u0107 wiosk\u0119 zamieszka\u0142\u0105 przez Stra\u017cnik\u00f3w. Tymczasem Cytadel\u0119 zalewa fala uchod\u017ac\u00f3w szukaj\u0105cych bezpiecznego schronienia przed coraz okrutniejszymi atakami potwor\u00f3w. W mie\u015bcie przybywa te\u017c wyznawc\u00f3w \u015acie\u017cki \u0179r\u00f3d\u0142a, kt\u00f3rej przyw\u00f3dca og\u0142asza koniec dotychczas znanego \u015bwiata, co mo\u017ce mie\u0107 zar\u00f3wno dobre, jak i z\u0142e konsekwencje&#8230;<\/p>\n<p>Kiedy wi\u0119c dow\u00f3dcy stra\u017cy wysy\u0142aj\u0105 Xeina za kar\u0119 do s\u0142u\u017cby na Ostatniej Granicy, sk\u0105d ma\u0142o kto wraca \u017cywy, Axlin postanawia zrobi\u0107 wszystko, by go ocali\u0107. Losy tych dwojga znowu si\u0119 splataj\u0105, jednak \u0142\u0105cz\u0105ca ich wi\u0119\u017a przejdzie kolejn\u0105 pr\u00f3b\u0119 z powodu przera\u017caj\u0105cych odkry\u0107, kt\u00f3re wydaj\u0105 si\u0119 kluczem do ocalenia.<\/p>\n<\/div>\n<\/div>\n<\/div>\n<\/div>\n[\/vc_column_text][\/vc_column_inner][vc_column_inner width=&#8221;1\/2&#8243; offset=&#8221;vc_col-md-3&#8243;][vc_single_image image=&#8221;25775&#8243; img_size=&#8221;full&#8221;][vc_column_text]<strong>Title: <\/strong><em><span id=\"productTitle\" class=\"a-size-extra-large\">Cykl Wiecznego Cesarza<\/span><\/em><br \/>\n<strong>Publisher:<\/strong> <a href=\"https:\/\/mlodybook.com.pl\/\" target=\"_blank\" rel=\"noopener\">Mlody Book<\/a><br \/>\n<strong>Translator:<\/strong>\u00a0Karolina Jaszecka<br \/>\n<strong>Synopsis:<\/strong><\/p>\n<div id=\"book-description\" class=\"js-book-collapse partial-collapse pr-0 pl-0 pl-lg-3 collapse show\" aria-expanded=\"false\" data-maxheight=\"67.71700000000004\" data-height=\"67.71700000000004\" data-autoheight=\"1\">\n<div class=\"collapse-content\">\n<p>Wieczny Cesarz rz\u0105dzi pa\u0144stwem przez tysi\u0105c lat, po czym umiera, \u017ceby narodzi\u0107 si\u0119 ponownie. Po \u015bmierci jego ostatniego wcielenia kilku cz\u0142onk\u00f3w Rady Cesarskiej trafia do ma\u0142ej wioski w poszukiwaniu noworodka, kt\u00f3ry nosi w sobie dusz\u0119 Jego Bosko\u015bci i w zwi\u0105zku z tym zasi\u0105dzie w przysz\u0142o\u015bci na tronie.<\/p>\n<p>To historia Vintanelalandali, siedemnastego wcielenia Wiecznego Cesarza, wychowywanej od dziecka do obj\u0119cia rz\u0105d\u00f3w w cesarstwie, gdy tylko obudz\u0105 si\u0119 w niej moce. Lecz to tak\u017ce historia Kelana, ch\u0142opca pochodz\u0105cego z odleg\u0142ego zak\u0105tka Akidawii. Gdy losy obojga si\u0119 skrzy\u017cuj\u0105, sprawy cesarstwa przybior\u0105 nieoczekiwany obr\u00f3t&#8230;<\/p>\n<\/div>\n<\/div>\n<div class=\"col-lg-12 pl-lg-3 px-0\"><\/div>\n<p><strong>\u00a0<\/strong>[\/vc_column_text][\/vc_column_inner][\/vc_row_inner][vc_row_inner][vc_column_inner width=&#8221;1\/4&#8243;][vc_single_image image=&#8221;22176&#8243; img_size=&#8221;full&#8221;][vc_column_text]<strong>Title:<\/strong>\u00a0Ksi\u0119ga Portali<br \/>\n<strong>Publisher:<\/strong>\u00a0<a href=\"http:\/\/dreamswydawnictwo.pl\/\" target=\"_blank\" rel=\"noopener\">Dreams Wydawnictwo<\/a><br \/>\n<strong>Translator:<\/strong>\u00a0Karolina Jaszecka<br \/>\n<strong>Synopsis:<br \/>\n<\/strong>Mistrzowie Akademii Portali jako jedyni potrafi\u0105 malowa\u0107 niezwyk\u0142e portale s\u0142u\u017c\u0105ce do podr\u00f3\u017cowania z miejsca na miejsce i stanowi\u0105ce wielk\u0105 sie\u0107 komunikacyjn\u0105 i transportow\u0105 w pa\u0144stwie Daruzji.<\/p>\n<div>Dzi\u0119ki stosowaniu si\u0119 do sztywnych zasad i swojemu doskona\u0142emu wykszta\u0142ceniu, malarze ci s\u0105 prawdziwymi profesjonalistami gwarantuj\u0105cymi najwy\u017csz\u0105 jako\u015b\u0107 techniczn\u0105 wykonywanych przez siebie malowide\u0142.<\/div>\n<div>Kiedy Tabit, student ostatniego roku akademii, dostaje zlecenie na namalowanie portalu dla pewnego biednego wie\u015bniaka, nawet nie przypuszcza, \u017ce zostanie przez to uwik\u0142any w r\u00f3\u017cnorodne intrygi i odkryje tajemnice, kt\u00f3re zagro\u017c\u0105 istnieniu Akademii.<\/div>\n<p><em>\u201eNie istniej\u0105 granice dla tych, kt\u00f3rzy nie boj\u0105 si\u0119 ich przekracza\u0107\u201d<\/em><\/p>\n<div>Mistrz Belban z Vanicji<\/div>\n[\/vc_column_text][\/vc_column_inner][vc_column_inner width=&#8221;1\/4&#8243;][vc_single_image image=&#8221;22134&#8243; img_size=&#8221;full&#8221;][vc_column_text]<strong>Title:<\/strong>\u00a0Tam gdzie spiewaja drzewa<br \/>\n<strong>Publisher:<\/strong>\u00a0<a href=\"http:\/\/dreamswydawnictwo.pl\/\" target=\"_blank\" rel=\"noopener\">Dreams Wydawnictwo<\/a><br \/>\n<strong>Translator:<\/strong>\u00a0Karolina Jaszecka<br \/>\n<strong>Synopsis:<br \/>\n<\/strong>Viana, jedyna c\u00f3rka ksiecia z Rocagr\u00eds zostala przyrzeczona mlodemu Robianowi z Castelmar, gdy byli jeszcze dziecmi.<br \/>\nOboje kochaja sie, a ich slub ma sie odbyc wiosna. Jednakze podczas obchod\u00f3w swieta zimowego przesilenia pewien ponury czlowiek g\u00f3r przybywa, zeby przestrzec kr\u00f3la Nortii i jego rycerzy o niebezpieczenstwie czyhajacym ze strony stepowych barbarzync\u00f3w\u2026<br \/>\nZar\u00f3wno Robian jak i ksiaze, musza wyruszyc na wojne.<br \/>\nW takiej sytuacji, mlodej damie jak Viana pozostaje jedynie czekac na ich powr\u00f3t\u2026 i byc moze sluchac legend opowiadanych o Wielkim Lesie \u2013 miejscu, w kt\u00f3rym drzewa spiewaja.[\/vc_column_text][\/vc_column_inner][vc_column_inner width=&#8221;1\/4&#8243;][vc_single_image image=&#8221;22536&#8243; img_size=&#8221;full&#8221;][vc_column_text]<strong>Title:<\/strong> Kroniki Idhunu 1. Buntownicy<br \/>\n<strong>Publisher:<\/strong> Ksiaznica<br \/>\n<strong>Translator:<\/strong> Andrzej Nowak, Zofia Siewak-Sojka<br \/>\n<strong>Synopsis:<\/strong><br \/>\nGdy tylko Idhun \u2013 przenikniety magia swiat, zamieszkany przez smoki i jednorozce \u2013 znalazl sie w konstelacji Trzech Slonc i Trzech Ksiezyc\u00f3w, w tym samym dniu Ashran Nekromanta wraz z armia Skrzydlatych Wezy zawladnal planeta. Tylko niewielu jego mieszkancom udalo sie wyrwac spod jego wladzy ucieczka na nasza planete. Do zorganizowanego przez ocalalych Idhunczyk\u00f3w ruchu oporu dolaczaja Jack i Victoria, dwoje nastolatk\u00f3w urodzonych na Ziemi. Wykorzystujac swe niezwykle umiejetnosci, rozpoczynaja poszukiwania ostatniego jednorozca i ostatniego smoka, bowiem tylko polaczenie energii obu tych istot daje mozliwosc pozbawienia Ashrana jego mocy.[\/vc_column_text][\/vc_column_inner][vc_column_inner width=&#8221;1\/4&#8243;][\/vc_column_inner][\/vc_row_inner][\/vc_column][\/vc_row]\n<\/div>","protected":false},"excerpt":{"rendered":"<p>[vc_row][vc_column][vc_column_text el_class=&#8221;nav-books&#8221;] BOOKS BOOKS IN ENGLISH BOOKS IN OTHER LANGUAGES [\/vc_column_text][\/vc_column][\/vc_row][vc_row el_class=&#8221;row-books margin-bottom-3x&#8221;][vc_column][vc_row_inner][vc_column_inner width=&#8221;1\/2&#8243; offset=&#8221;vc_col-md-3&#8243;][vc_single_image image=&#8221;24659&#8243; img_size=&#8221;full&#8221;][vc_column_text]Title: Ksi\u0119ga Axlin. Stra\u017cnicy Cytadeli Publisher: Mlody Book Translator: Karolina Jaszecka Synopsis: W \u015bwiecie pe\u0142nym potwor\u00f3w ocalenie mo\u017ce zapewni\u0107 tylko ta ksi\u0119ga!\u015awiat, w kt\u00f3rym \u017cyje Axlin, jest n\u0119kany przez potwory. Niekt\u00f3re atakuj\u0105 podr\u00f3\u017cnych na drogach, inne napadaj\u0105 i niszcz\u0105 wioski, ale s\u0105 te\u017c i takie, kt\u00f3re w\u015blizguj\u0105 si\u0119 do dom\u00f3w, by porwa\u0107 \u015bpi\u0105ce dzieci. Axlin, kt\u00f3ra od najm\u0142odszych lat \u017cyje w strachu, \u017ce w&#8230;<\/p>\n","protected":false},"author":2,"featured_media":25775,"parent":22726,"menu_order":0,"comment_status":"closed","ping_status":"closed","template":"","meta":{"_acf_changed":false,"footnotes":""},"class_list":["post-22899","page","type-page","status-publish","hentry"],"acf":[],"yoast_head":"<!-- This site is optimized with the Yoast SEO plugin v27.4 - https:\/\/yoast.com\/product\/yoast-seo-wordpress\/ -->\n<title>Books in Polish - Laura Gallego - Oficial<\/title>\n<meta name=\"robots\" content=\"index, follow, max-snippet:-1, max-image-preview:large, max-video-preview:-1\" \/>\n<link rel=\"canonical\" href=\"https:\/\/www.lauragallego.com\/en\/books\/books-in-other-languages\/books-in-polish\/\" \/>\n<meta property=\"og:locale\" content=\"en_US\" \/>\n<meta property=\"og:type\" content=\"article\" \/>\n<meta property=\"og:title\" content=\"Books in Polish - Laura Gallego - Oficial\" \/>\n<meta property=\"og:description\" content=\"[vc_row][vc_column][vc_column_text el_class=&#8221;nav-books&#8221;] BOOKS BOOKS IN ENGLISH BOOKS IN OTHER LANGUAGES [\/vc_column_text][\/vc_column][\/vc_row][vc_row el_class=&#8221;row-books margin-bottom-3x&#8221;][vc_column][vc_row_inner][vc_column_inner width=&#8221;1\/2&#8243; offset=&#8221;vc_col-md-3&#8243;][vc_single_image image=&#8221;24659&#8243; img_size=&#8221;full&#8221;][vc_column_text]Title: Ksi\u0119ga Axlin. Stra\u017cnicy Cytadeli Publisher: Mlody Book Translator: Karolina Jaszecka Synopsis: W \u015bwiecie pe\u0142nym potwor\u00f3w ocalenie mo\u017ce zapewni\u0107 tylko ta ksi\u0119ga!\u015awiat, w kt\u00f3rym \u017cyje Axlin, jest n\u0119kany przez potwory. Niekt\u00f3re atakuj\u0105 podr\u00f3\u017cnych na drogach, inne napadaj\u0105 i niszcz\u0105 wioski, ale s\u0105 te\u017c i takie, kt\u00f3re w\u015blizguj\u0105 si\u0119 do dom\u00f3w, by porwa\u0107 \u015bpi\u0105ce dzieci. Axlin, kt\u00f3ra od najm\u0142odszych lat \u017cyje w strachu, \u017ce w...\" \/>\n<meta property=\"og:url\" content=\"https:\/\/www.lauragallego.com\/en\/books\/books-in-other-languages\/books-in-polish\/\" \/>\n<meta property=\"og:site_name\" content=\"Laura Gallego - Oficial\" \/>\n<meta property=\"article:publisher\" content=\"https:\/\/www.facebook.com\/lauragallegooficial\" \/>\n<meta property=\"article:modified_time\" content=\"2023-06-21T17:12:55+00:00\" \/>\n<meta property=\"og:image\" content=\"https:\/\/www.lauragallego.com\/wp-content\/uploads\/2021\/09\/EternoEmp_polaco_p.jpg\" \/>\n\t<meta property=\"og:image:width\" content=\"200\" \/>\n\t<meta property=\"og:image:height\" content=\"285\" \/>\n\t<meta property=\"og:image:type\" content=\"image\/jpeg\" \/>\n<meta name=\"twitter:card\" content=\"summary_large_image\" \/>\n<meta name=\"twitter:site\" content=\"@_LauraGallego\" \/>\n<meta name=\"twitter:label1\" content=\"Est. reading time\" \/>\n\t<meta name=\"twitter:data1\" content=\"4 minutes\" \/>\n<script type=\"application\/ld+json\" class=\"yoast-schema-graph\">{\"@context\":\"https:\\\/\\\/schema.org\",\"@graph\":[{\"@type\":\"WebPage\",\"@id\":\"https:\\\/\\\/www.lauragallego.com\\\/en\\\/books\\\/books-in-other-languages\\\/books-in-polish\\\/\",\"url\":\"https:\\\/\\\/www.lauragallego.com\\\/en\\\/books\\\/books-in-other-languages\\\/books-in-polish\\\/\",\"name\":\"Books in Polish - Laura Gallego - Oficial\",\"isPartOf\":{\"@id\":\"https:\\\/\\\/www.lauragallego.com\\\/#website\"},\"primaryImageOfPage\":{\"@id\":\"https:\\\/\\\/www.lauragallego.com\\\/en\\\/books\\\/books-in-other-languages\\\/books-in-polish\\\/#primaryimage\"},\"image\":{\"@id\":\"https:\\\/\\\/www.lauragallego.com\\\/en\\\/books\\\/books-in-other-languages\\\/books-in-polish\\\/#primaryimage\"},\"thumbnailUrl\":\"https:\\\/\\\/www.lauragallego.com\\\/wp-content\\\/uploads\\\/2021\\\/09\\\/EternoEmp_polaco_p.jpg\",\"datePublished\":\"2018-06-12T08:22:23+00:00\",\"dateModified\":\"2023-06-21T17:12:55+00:00\",\"breadcrumb\":{\"@id\":\"https:\\\/\\\/www.lauragallego.com\\\/en\\\/books\\\/books-in-other-languages\\\/books-in-polish\\\/#breadcrumb\"},\"inLanguage\":\"en-US\",\"potentialAction\":[{\"@type\":\"ReadAction\",\"target\":[\"https:\\\/\\\/www.lauragallego.com\\\/en\\\/books\\\/books-in-other-languages\\\/books-in-polish\\\/\"]}]},{\"@type\":\"ImageObject\",\"inLanguage\":\"en-US\",\"@id\":\"https:\\\/\\\/www.lauragallego.com\\\/en\\\/books\\\/books-in-other-languages\\\/books-in-polish\\\/#primaryimage\",\"url\":\"https:\\\/\\\/www.lauragallego.com\\\/wp-content\\\/uploads\\\/2021\\\/09\\\/EternoEmp_polaco_p.jpg\",\"contentUrl\":\"https:\\\/\\\/www.lauragallego.com\\\/wp-content\\\/uploads\\\/2021\\\/09\\\/EternoEmp_polaco_p.jpg\",\"width\":200,\"height\":285},{\"@type\":\"BreadcrumbList\",\"@id\":\"https:\\\/\\\/www.lauragallego.com\\\/en\\\/books\\\/books-in-other-languages\\\/books-in-polish\\\/#breadcrumb\",\"itemListElement\":[{\"@type\":\"ListItem\",\"position\":1,\"name\":\"Home\",\"item\":\"https:\\\/\\\/www.lauragallego.com\\\/en\\\/\"},{\"@type\":\"ListItem\",\"position\":2,\"name\":\"Books\",\"item\":\"https:\\\/\\\/www.lauragallego.com\\\/en\\\/books\\\/\"},{\"@type\":\"ListItem\",\"position\":3,\"name\":\"Books in other languages\",\"item\":\"https:\\\/\\\/www.lauragallego.com\\\/en\\\/books\\\/books-in-other-languages\\\/\"},{\"@type\":\"ListItem\",\"position\":4,\"name\":\"Books in Polish\"}]},{\"@type\":\"WebSite\",\"@id\":\"https:\\\/\\\/www.lauragallego.com\\\/#website\",\"url\":\"https:\\\/\\\/www.lauragallego.com\\\/\",\"name\":\"Laura Gallego - Oficial\",\"description\":\"\",\"publisher\":{\"@id\":\"https:\\\/\\\/www.lauragallego.com\\\/#organization\"},\"potentialAction\":[{\"@type\":\"SearchAction\",\"target\":{\"@type\":\"EntryPoint\",\"urlTemplate\":\"https:\\\/\\\/www.lauragallego.com\\\/?s={search_term_string}\"},\"query-input\":{\"@type\":\"PropertyValueSpecification\",\"valueRequired\":true,\"valueName\":\"search_term_string\"}}],\"inLanguage\":\"en-US\"},{\"@type\":\"Organization\",\"@id\":\"https:\\\/\\\/www.lauragallego.com\\\/#organization\",\"name\":\"Laura Gallego - Oficial\",\"url\":\"https:\\\/\\\/www.lauragallego.com\\\/\",\"logo\":{\"@type\":\"ImageObject\",\"inLanguage\":\"en-US\",\"@id\":\"https:\\\/\\\/www.lauragallego.com\\\/#\\\/schema\\\/logo\\\/image\\\/\",\"url\":\"https:\\\/\\\/www.lauragallego.com\\\/wp-content\\\/uploads\\\/2020\\\/07\\\/lechuza1.jpg\",\"contentUrl\":\"https:\\\/\\\/www.lauragallego.com\\\/wp-content\\\/uploads\\\/2020\\\/07\\\/lechuza1.jpg\",\"width\":1471,\"height\":1362,\"caption\":\"Laura Gallego - Oficial\"},\"image\":{\"@id\":\"https:\\\/\\\/www.lauragallego.com\\\/#\\\/schema\\\/logo\\\/image\\\/\"},\"sameAs\":[\"https:\\\/\\\/www.facebook.com\\\/lauragallegooficial\",\"https:\\\/\\\/x.com\\\/_LauraGallego\",\"https:\\\/\\\/www.instagram.com\\\/lauragallegooficial\\\/\",\"https:\\\/\\\/www.youtube.com\\\/channel\\\/UCYTcZ0cTkbbFolGJUp6Wqrw\\\/feed\"]}]}<\/script>\n<!-- \/ Yoast SEO plugin. -->","yoast_head_json":{"title":"Books in Polish - Laura Gallego - Oficial","robots":{"index":"index","follow":"follow","max-snippet":"max-snippet:-1","max-image-preview":"max-image-preview:large","max-video-preview":"max-video-preview:-1"},"canonical":"https:\/\/www.lauragallego.com\/en\/books\/books-in-other-languages\/books-in-polish\/","og_locale":"en_US","og_type":"article","og_title":"Books in Polish - Laura Gallego - Oficial","og_description":"[vc_row][vc_column][vc_column_text el_class=&#8221;nav-books&#8221;] BOOKS BOOKS IN ENGLISH BOOKS IN OTHER LANGUAGES [\/vc_column_text][\/vc_column][\/vc_row][vc_row el_class=&#8221;row-books margin-bottom-3x&#8221;][vc_column][vc_row_inner][vc_column_inner width=&#8221;1\/2&#8243; offset=&#8221;vc_col-md-3&#8243;][vc_single_image image=&#8221;24659&#8243; img_size=&#8221;full&#8221;][vc_column_text]Title: Ksi\u0119ga Axlin. Stra\u017cnicy Cytadeli Publisher: Mlody Book Translator: Karolina Jaszecka Synopsis: W \u015bwiecie pe\u0142nym potwor\u00f3w ocalenie mo\u017ce zapewni\u0107 tylko ta ksi\u0119ga!\u015awiat, w kt\u00f3rym \u017cyje Axlin, jest n\u0119kany przez potwory. Niekt\u00f3re atakuj\u0105 podr\u00f3\u017cnych na drogach, inne napadaj\u0105 i niszcz\u0105 wioski, ale s\u0105 te\u017c i takie, kt\u00f3re w\u015blizguj\u0105 si\u0119 do dom\u00f3w, by porwa\u0107 \u015bpi\u0105ce dzieci. Axlin, kt\u00f3ra od najm\u0142odszych lat \u017cyje w strachu, \u017ce w...","og_url":"https:\/\/www.lauragallego.com\/en\/books\/books-in-other-languages\/books-in-polish\/","og_site_name":"Laura Gallego - Oficial","article_publisher":"https:\/\/www.facebook.com\/lauragallegooficial","article_modified_time":"2023-06-21T17:12:55+00:00","og_image":[{"width":200,"height":285,"url":"https:\/\/www.lauragallego.com\/wp-content\/uploads\/2021\/09\/EternoEmp_polaco_p.jpg","type":"image\/jpeg"}],"twitter_card":"summary_large_image","twitter_site":"@_LauraGallego","twitter_misc":{"Est. reading time":"4 minutes"},"schema":{"@context":"https:\/\/schema.org","@graph":[{"@type":"WebPage","@id":"https:\/\/www.lauragallego.com\/en\/books\/books-in-other-languages\/books-in-polish\/","url":"https:\/\/www.lauragallego.com\/en\/books\/books-in-other-languages\/books-in-polish\/","name":"Books in Polish - Laura Gallego - Oficial","isPartOf":{"@id":"https:\/\/www.lauragallego.com\/#website"},"primaryImageOfPage":{"@id":"https:\/\/www.lauragallego.com\/en\/books\/books-in-other-languages\/books-in-polish\/#primaryimage"},"image":{"@id":"https:\/\/www.lauragallego.com\/en\/books\/books-in-other-languages\/books-in-polish\/#primaryimage"},"thumbnailUrl":"https:\/\/www.lauragallego.com\/wp-content\/uploads\/2021\/09\/EternoEmp_polaco_p.jpg","datePublished":"2018-06-12T08:22:23+00:00","dateModified":"2023-06-21T17:12:55+00:00","breadcrumb":{"@id":"https:\/\/www.lauragallego.com\/en\/books\/books-in-other-languages\/books-in-polish\/#breadcrumb"},"inLanguage":"en-US","potentialAction":[{"@type":"ReadAction","target":["https:\/\/www.lauragallego.com\/en\/books\/books-in-other-languages\/books-in-polish\/"]}]},{"@type":"ImageObject","inLanguage":"en-US","@id":"https:\/\/www.lauragallego.com\/en\/books\/books-in-other-languages\/books-in-polish\/#primaryimage","url":"https:\/\/www.lauragallego.com\/wp-content\/uploads\/2021\/09\/EternoEmp_polaco_p.jpg","contentUrl":"https:\/\/www.lauragallego.com\/wp-content\/uploads\/2021\/09\/EternoEmp_polaco_p.jpg","width":200,"height":285},{"@type":"BreadcrumbList","@id":"https:\/\/www.lauragallego.com\/en\/books\/books-in-other-languages\/books-in-polish\/#breadcrumb","itemListElement":[{"@type":"ListItem","position":1,"name":"Home","item":"https:\/\/www.lauragallego.com\/en\/"},{"@type":"ListItem","position":2,"name":"Books","item":"https:\/\/www.lauragallego.com\/en\/books\/"},{"@type":"ListItem","position":3,"name":"Books in other languages","item":"https:\/\/www.lauragallego.com\/en\/books\/books-in-other-languages\/"},{"@type":"ListItem","position":4,"name":"Books in Polish"}]},{"@type":"WebSite","@id":"https:\/\/www.lauragallego.com\/#website","url":"https:\/\/www.lauragallego.com\/","name":"Laura Gallego - Oficial","description":"","publisher":{"@id":"https:\/\/www.lauragallego.com\/#organization"},"potentialAction":[{"@type":"SearchAction","target":{"@type":"EntryPoint","urlTemplate":"https:\/\/www.lauragallego.com\/?s={search_term_string}"},"query-input":{"@type":"PropertyValueSpecification","valueRequired":true,"valueName":"search_term_string"}}],"inLanguage":"en-US"},{"@type":"Organization","@id":"https:\/\/www.lauragallego.com\/#organization","name":"Laura Gallego - Oficial","url":"https:\/\/www.lauragallego.com\/","logo":{"@type":"ImageObject","inLanguage":"en-US","@id":"https:\/\/www.lauragallego.com\/#\/schema\/logo\/image\/","url":"https:\/\/www.lauragallego.com\/wp-content\/uploads\/2020\/07\/lechuza1.jpg","contentUrl":"https:\/\/www.lauragallego.com\/wp-content\/uploads\/2020\/07\/lechuza1.jpg","width":1471,"height":1362,"caption":"Laura Gallego - Oficial"},"image":{"@id":"https:\/\/www.lauragallego.com\/#\/schema\/logo\/image\/"},"sameAs":["https:\/\/www.facebook.com\/lauragallegooficial","https:\/\/x.com\/_LauraGallego","https:\/\/www.instagram.com\/lauragallegooficial\/","https:\/\/www.youtube.com\/channel\/UCYTcZ0cTkbbFolGJUp6Wqrw\/feed"]}]}},"_links":{"self":[{"href":"https:\/\/www.lauragallego.com\/en\/wp-json\/wp\/v2\/pages\/22899","targetHints":{"allow":["GET"]}}],"collection":[{"href":"https:\/\/www.lauragallego.com\/en\/wp-json\/wp\/v2\/pages"}],"about":[{"href":"https:\/\/www.lauragallego.com\/en\/wp-json\/wp\/v2\/types\/page"}],"author":[{"embeddable":true,"href":"https:\/\/www.lauragallego.com\/en\/wp-json\/wp\/v2\/users\/2"}],"replies":[{"embeddable":true,"href":"https:\/\/www.lauragallego.com\/en\/wp-json\/wp\/v2\/comments?post=22899"}],"version-history":[{"count":0,"href":"https:\/\/www.lauragallego.com\/en\/wp-json\/wp\/v2\/pages\/22899\/revisions"}],"up":[{"embeddable":true,"href":"https:\/\/www.lauragallego.com\/en\/wp-json\/wp\/v2\/pages\/22726"}],"wp:featuredmedia":[{"embeddable":true,"href":"https:\/\/www.lauragallego.com\/en\/wp-json\/wp\/v2\/media\/25775"}],"wp:attachment":[{"href":"https:\/\/www.lauragallego.com\/en\/wp-json\/wp\/v2\/media?parent=22899"}],"curies":[{"name":"wp","href":"https:\/\/api.w.org\/{rel}","templated":true}]}}