{"id":22905,"date":"2018-06-12T10:22:51","date_gmt":"2018-06-12T08:22:51","guid":{"rendered":"https:\/\/www.lauragallego.com\/?page_id=22905"},"modified":"2019-02-03T19:21:48","modified_gmt":"2019-02-03T17:21:48","slug":"books-in-greek","status":"publish","type":"page","link":"https:\/\/www.lauragallego.com\/en\/books\/books-in-other-languages\/books-in-greek\/","title":{"rendered":"Books in Greek"},"content":{"rendered":"<div class=\"wpb-content-wrapper\">[vc_row][vc_column][vc_column_text el_class=&#8221;nav-books&#8221;]\n<ul>\n<li><a href=\"\/lauragweb?page_id=22683\">BOOKS<\/a><\/li>\n<li><a href=\"\/lauragweb?page_id=22724\">BOOKS IN ENGLISH<\/a><\/li>\n<li class=\"current\"><a href=\"https:\/\/www.lauragallego.com\/en\/books\/books-in-other-languages\/\">BOOKS IN OTHER LANGUAGES<\/a><\/li>\n<\/ul>\n[\/vc_column_text][\/vc_column][\/vc_row][vc_row el_class=&#8221;row-books margin-bottom-3x&#8221;][vc_column][vc_row_inner][vc_column_inner width=&#8221;1\/2&#8243; offset=&#8221;vc_col-md-3&#8243;][vc_single_image image=&#8221;20898&#8243; img_size=&#8221;full&#8221;][vc_column_text]<strong>Title:<\/strong>\u00a0To thr\u00fdlos tou vasili\u00e1 Peipl\u00e1nisi<br \/>\n<strong>Publisher:<\/strong>\u00a0<a href=\"http:\/\/www.operabooks.gr\/\">Opera Editions<\/a><br \/>\n<strong>Translator:<\/strong>\u00a0Maria Bezantakou<br \/>\n<strong>Synopsis:<\/strong><\/p>\n<p>\u039f \u03c4\u03b1\u03c0\u03b5\u03b9\u03bd\u03cc\u03c2 \u03c4\u03b1\u03c0\u03b7\u03c4\u03bf\u03c5\u03c1\u03b3\u03cc\u03c2, \u03b1\u03bb\u03bb\u03ac \u03b1\u03be\u03b5\u03c0\u03ad\u03c1\u03b1\u03c3\u03c4\u03bf\u03c2 \u03c0\u03bf\u03b9\u03b7\u03c4\u03ae\u03c2, \u03a7\u03b1\u03bc\u03ac\u03bd\u03c4 \u03b4\u03b7\u03bc\u03b9\u03bf\u03c5\u03c1\u03b3\u03b5\u03af \u03c4\u03bf \u03c0\u03b9\u03bf \u03b5\u03c0\u03b9\u03ba\u03af\u03bd\u03b4\u03c5\u03bd\u03bf \u03bc\u03b1\u03b3\u03b9\u03ba\u03cc \u03b1\u03bd\u03c4\u03b9\u03ba\u03b5\u03af\u03bc\u03b5\u03bd\u03bf \u03c3\u03b5 \u03cc\u03bb\u03b7 \u03c4\u03b7\u03bd \u03c0\u03b1\u03b3\u03ba\u03cc\u03c3\u03bc\u03b9\u03b1 \u03b9\u03c3\u03c4\u03bf\u03c1\u03af\u03b1. \u039a\u03c1\u03c5\u03bc\u03bc\u03ad\u03bd\u03bf \u03c3\u03c4\u03bf \u03c0\u03b1\u03bb\u03ac\u03c4\u03b9 \u03c4\u03bf\u03c5 \u03ac\u03c1\u03b1\u03b2\u03b1 \u03c0\u03c1\u03af\u03b3\u03ba\u03b9\u03c0\u03b1 \u039f\u03c5\u03b1\u03bb\u03af\u03bd\u03c4, \u03ba\u03ac\u03c0\u03bf\u03c5 \u03c3\u03c4\u03b7\u03bd \u0391\u03c1\u03b1\u03b2\u03b9\u03ba\u03ae \u03a7\u03b5\u03c1\u03c3\u03cc\u03bd\u03b7\u03c3\u03bf, \u03c4\u03bf \u03bc\u03b1\u03b3\u03b9\u03ba\u03cc \u03b1\u03bd\u03c4\u03b9\u03ba\u03b5\u03af\u03bc\u03b5\u03bd\u03bf \u03be\u03ad\u03c1\u03b5\u03b9 \u03c4\u03bf \u03cc\u03bd\u03bf\u03bc\u03ac \u03c3\u03bf\u03c5, \u03c4\u03bf \u03c3\u03c0\u03af\u03c4\u03b9 \u03c3\u03bf\u03c5, \u03c4\u03b7\u03bd \u03c0\u03b1\u03c4\u03c1\u03af\u03b4\u03b1 \u03ba\u03b1\u03b9 \u03c4\u03b7\u03bd \u03b9\u03c3\u03c4\u03bf\u03c1\u03af\u03b1 \u03c3\u03bf\u03c5. \u039e\u03ad\u03c1\u03b5\u03b9 \u03c4\u03bf \u03c0\u03b1\u03c1\u03b5\u03bb\u03b8\u03cc\u03bd, \u03c4\u03bf \u03c0\u03b1\u03c1\u03cc\u03bd \u03ba\u03b1\u03b9 \u03c4\u03bf \u03bc\u03ad\u03bb\u03bb\u03bf\u03bd \u2014 \u03c4\u03cc\u03c3\u03bf \u03c4\u03bf \u03b4\u03b9\u03ba\u03cc \u03c3\u03bf\u03c5 \u03cc\u03c3\u03bf \u03ba\u03b1\u03b9\u00a0 \u03bf\u03bb\u03cc\u03ba\u03bb\u03b7\u03c1\u03b7\u03c2\u00a0 \u03c4\u03b7\u03c2\u00a0 \u03b1\u03bd\u03b8\u03c1\u03c9\u03c0\u03cc\u03c4\u03b7\u03c4\u03b1\u03c2.<\/p>\n<p>\u03a0\u03c1\u03cc\u03ba\u03b5\u03b9\u03c4\u03b1\u03b9 \u03b3\u03b9\u03b1 \u03ad\u03bd\u03b1 \u03b5\u03ba\u03b8\u03b1\u03bc\u03b2\u03c9\u03c4\u03b9\u03ba\u03cc \u03c7\u03b1\u03bb\u03af \u03c0\u03bf\u03c5 \u03bc\u03c0\u03bf\u03c1\u03b5\u03af \u03bd\u03b1 \u03bf\u03b4\u03b7\u03b3\u03ae\u03c3\u03b5\u03b9 \u03c3\u03c4\u03b7\u03bd \u03c4\u03c1\u03ad\u03bb\u03b1 \u03cc\u03c0\u03bf\u03b9\u03bf\u03bd \u03c4\u03bf \u03ba\u03bf\u03b9\u03c4\u03ac\u03be\u03b5\u03b9 \u03b3\u03b9\u03b1 \u03bb\u03af\u03b3\u03b1 \u03bc\u03cc\u03bd\u03bf \u03b4\u03b5\u03c5\u03c4\u03b5\u03c1\u03cc\u03bb\u03b5\u03c0\u03c4\u03b1. \u03a0\u03bf\u03bb\u03bb\u03bf\u03af \u03b5\u03af\u03bd\u03b1\u03b9 \u03b1\u03c5\u03c4\u03bf\u03af \u03c0\u03bf\u03c5 \u03b8\u03b1 \u03c1\u03b9\u03c8\u03bf\u03ba\u03b9\u03bd\u03b4\u03c5\u03bd\u03b5\u03cd\u03c3\u03bf\u03c5\u03bd \u03c4\u03b7 \u03b6\u03c9\u03ae \u03c4\u03bf\u03c5\u03c2 \u03b3\u03b9\u03b1 \u03bd\u03b1 \u03c4\u03bf \u03b1\u03c0\u03bf\u03ba\u03c4\u03ae\u03c3\u03bf\u03c5\u03bd\u00a0 \u03ba\u03b1\u03b9\u00a0 \u03bd\u03b1\u00a0 \u03bc\u03c0\u03bf\u03c1\u03ad\u03c3\u03bf\u03c5\u03bd\u00a0 \u03bd\u03b1\u00a0 \u03b1\u03bd\u03b1\u03ba\u03b1\u03bb\u03cd\u03c8\u03bf\u03c5\u03bd\u00a0 \u03c4\u03b7\u00a0 \u03bc\u03bf\u03af\u03c1\u03b1\u00a0 \u03c4\u03bf\u03c5\u03c2&#8230;<\/p>\n<p>\u038c\u03c4\u03b1\u03bd \u03c4\u03bf \u03c7\u03b1\u03bb\u03af \u03b5\u03be\u03b1\u03c6\u03b1\u03bd\u03af\u03b6\u03b5\u03c4\u03b1\u03b9, \u03bf \u03c0\u03c1\u03af\u03b3\u03ba\u03b9\u03c0\u03b1\u03c2 \u039f\u03c5\u03b1\u03bb\u03af\u03bd\u03c4, \u03c0\u03bf\u03c5 \u03b2\u03b1\u03c1\u03cd\u03bd\u03b5\u03c4\u03b1\u03b9 \u03bc\u03b5 \u03ad\u03bd\u03b1 \u03c4\u03c1\u03bf\u03bc\u03b1\u03ba\u03c4\u03b9\u03ba\u03cc \u03ad\u03b3\u03ba\u03bb\u03b7\u03bc\u03b1 \u03ba\u03b1\u03b9 \u03b6\u03b5\u03b9 \u03c4\u03b7 \u03b6\u03c9\u03ae \u03c4\u03bf\u03c5 \u03b3\u03b5\u03bc\u03ac\u03c4\u03bf\u03c2 \u03c4\u03cd\u03c8\u03b5\u03b9\u03c2, \u03b5\u03b3\u03ba\u03b1\u03c4\u03b1\u03bb\u03b5\u03af\u03c0\u03b5\u03b9 \u03c4\u03b1 \u03c0\u03ac\u03bd\u03c4\u03b1 \u03ba\u03b1\u03b9 \u03c1\u03af\u03c7\u03bd\u03b5\u03c4\u03b1\u03b9 \u03c3\u03c4\u03b7\u03bd \u03b1\u03bd\u03b1\u03b6\u03ae\u03c4\u03b7\u03c3\u03b7 \u03c4\u03bf\u03c5 \u03bc\u03bf\u03bd\u03b1\u03b4\u03b9\u03ba\u03bf\u03cd \u03b1\u03bd\u03c4\u03b9\u03ba\u03b5\u03b9\u03bc\u03ad\u03bd\u03bf\u03c5, \u03b1\u03c8\u03b7\u03c6\u03ce\u03bd\u03c4\u03b1\u03c2 \u03c4\u03bf\u03c5\u03c2 \u03ba\u03b9\u03bd\u03b4\u03cd\u03bd\u03bf\u03c5\u03c2 \u03ba\u03b1\u03b9 \u03b1\u03b4\u03b9\u03b1\u03c6\u03bf\u03c1\u03ce\u03bd\u03c4\u03b1\u03c2 \u03b1\u03ba\u03cc\u03bc\u03b7 \u03ba\u03b1\u03b9\u00a0 \u03b3\u03b9\u03b1\u00a0 \u03c4\u03b7\u03bd \u00a0\u03af\u03b4\u03b9\u03b1\u00a0 \u03c4\u03bf\u03c5\u00a0 \u03c4\u03b7\u00a0 \u03b6\u03c9\u03ae.<\/p>\n<p><a href=\"http:\/\/www.operabooks.gr\/contents\/books.php?books_id=154\" target=\"_blank\" rel=\"noopener\"><strong>More info<\/strong><\/a>[\/vc_column_text][\/vc_column_inner][vc_column_inner width=&#8221;1\/2&#8243; offset=&#8221;vc_col-md-3&#8243;][\/vc_column_inner][vc_column_inner width=&#8221;1\/2&#8243; offset=&#8221;vc_col-md-3&#8243;][\/vc_column_inner][\/vc_row_inner][\/vc_column][\/vc_row]\n<\/div>","protected":false},"excerpt":{"rendered":"<p>[vc_row][vc_column][vc_column_text el_class=&#8221;nav-books&#8221;] BOOKS BOOKS IN ENGLISH BOOKS IN OTHER LANGUAGES [\/vc_column_text][\/vc_column][\/vc_row][vc_row el_class=&#8221;row-books margin-bottom-3x&#8221;][vc_column][vc_row_inner][vc_column_inner width=&#8221;1\/2&#8243; offset=&#8221;vc_col-md-3&#8243;][vc_single_image image=&#8221;20898&#8243; img_size=&#8221;full&#8221;][vc_column_text]Title:\u00a0To thr\u00fdlos tou vasili\u00e1 Peipl\u00e1nisi Publisher:\u00a0Opera Editions Translator:\u00a0Maria Bezantakou Synopsis: \u039f \u03c4\u03b1\u03c0\u03b5\u03b9\u03bd\u03cc\u03c2 \u03c4\u03b1\u03c0\u03b7\u03c4\u03bf\u03c5\u03c1\u03b3\u03cc\u03c2, \u03b1\u03bb\u03bb\u03ac \u03b1\u03be\u03b5\u03c0\u03ad\u03c1\u03b1\u03c3\u03c4\u03bf\u03c2 \u03c0\u03bf\u03b9\u03b7\u03c4\u03ae\u03c2, \u03a7\u03b1\u03bc\u03ac\u03bd\u03c4 \u03b4\u03b7\u03bc\u03b9\u03bf\u03c5\u03c1\u03b3\u03b5\u03af \u03c4\u03bf \u03c0\u03b9\u03bf \u03b5\u03c0\u03b9\u03ba\u03af\u03bd\u03b4\u03c5\u03bd\u03bf \u03bc\u03b1\u03b3\u03b9\u03ba\u03cc \u03b1\u03bd\u03c4\u03b9\u03ba\u03b5\u03af\u03bc\u03b5\u03bd\u03bf \u03c3\u03b5 \u03cc\u03bb\u03b7 \u03c4\u03b7\u03bd \u03c0\u03b1\u03b3\u03ba\u03cc\u03c3\u03bc\u03b9\u03b1 \u03b9\u03c3\u03c4\u03bf\u03c1\u03af\u03b1. \u039a\u03c1\u03c5\u03bc\u03bc\u03ad\u03bd\u03bf \u03c3\u03c4\u03bf \u03c0\u03b1\u03bb\u03ac\u03c4\u03b9 \u03c4\u03bf\u03c5 \u03ac\u03c1\u03b1\u03b2\u03b1 \u03c0\u03c1\u03af\u03b3\u03ba\u03b9\u03c0\u03b1 \u039f\u03c5\u03b1\u03bb\u03af\u03bd\u03c4, \u03ba\u03ac\u03c0\u03bf\u03c5 \u03c3\u03c4\u03b7\u03bd \u0391\u03c1\u03b1\u03b2\u03b9\u03ba\u03ae \u03a7\u03b5\u03c1\u03c3\u03cc\u03bd\u03b7\u03c3\u03bf, \u03c4\u03bf \u03bc\u03b1\u03b3\u03b9\u03ba\u03cc \u03b1\u03bd\u03c4\u03b9\u03ba\u03b5\u03af\u03bc\u03b5\u03bd\u03bf \u03be\u03ad\u03c1\u03b5\u03b9 \u03c4\u03bf \u03cc\u03bd\u03bf\u03bc\u03ac \u03c3\u03bf\u03c5, \u03c4\u03bf \u03c3\u03c0\u03af\u03c4\u03b9 \u03c3\u03bf\u03c5, \u03c4\u03b7\u03bd \u03c0\u03b1\u03c4\u03c1\u03af\u03b4\u03b1 \u03ba\u03b1\u03b9 \u03c4\u03b7\u03bd \u03b9\u03c3\u03c4\u03bf\u03c1\u03af\u03b1 \u03c3\u03bf\u03c5. \u039e\u03ad\u03c1\u03b5\u03b9 \u03c4\u03bf \u03c0\u03b1\u03c1\u03b5\u03bb\u03b8\u03cc\u03bd, \u03c4\u03bf \u03c0\u03b1\u03c1\u03cc\u03bd \u03ba\u03b1\u03b9 \u03c4\u03bf \u03bc\u03ad\u03bb\u03bb\u03bf\u03bd \u2014&#8230;<\/p>\n","protected":false},"author":2,"featured_media":0,"parent":22726,"menu_order":0,"comment_status":"closed","ping_status":"closed","template":"","meta":{"_acf_changed":false,"footnotes":""},"class_list":["post-22905","page","type-page","status-publish","hentry"],"acf":[],"yoast_head":"<!-- This site is optimized with the Yoast SEO plugin v27.4 - https:\/\/yoast.com\/product\/yoast-seo-wordpress\/ -->\n<title>Books in Greek - Laura Gallego - Oficial<\/title>\n<meta name=\"robots\" content=\"index, follow, max-snippet:-1, max-image-preview:large, max-video-preview:-1\" \/>\n<link rel=\"canonical\" href=\"https:\/\/www.lauragallego.com\/en\/books\/books-in-other-languages\/books-in-greek\/\" \/>\n<meta property=\"og:locale\" content=\"en_US\" \/>\n<meta property=\"og:type\" content=\"article\" \/>\n<meta property=\"og:title\" content=\"Books in Greek - Laura Gallego - Oficial\" \/>\n<meta property=\"og:description\" content=\"[vc_row][vc_column][vc_column_text el_class=&#8221;nav-books&#8221;] BOOKS BOOKS IN ENGLISH BOOKS IN OTHER LANGUAGES [\/vc_column_text][\/vc_column][\/vc_row][vc_row el_class=&#8221;row-books margin-bottom-3x&#8221;][vc_column][vc_row_inner][vc_column_inner width=&#8221;1\/2&#8243; offset=&#8221;vc_col-md-3&#8243;][vc_single_image image=&#8221;20898&#8243; img_size=&#8221;full&#8221;][vc_column_text]Title:\u00a0To thr\u00fdlos tou vasili\u00e1 Peipl\u00e1nisi Publisher:\u00a0Opera Editions Translator:\u00a0Maria Bezantakou Synopsis: \u039f \u03c4\u03b1\u03c0\u03b5\u03b9\u03bd\u03cc\u03c2 \u03c4\u03b1\u03c0\u03b7\u03c4\u03bf\u03c5\u03c1\u03b3\u03cc\u03c2, \u03b1\u03bb\u03bb\u03ac \u03b1\u03be\u03b5\u03c0\u03ad\u03c1\u03b1\u03c3\u03c4\u03bf\u03c2 \u03c0\u03bf\u03b9\u03b7\u03c4\u03ae\u03c2, \u03a7\u03b1\u03bc\u03ac\u03bd\u03c4 \u03b4\u03b7\u03bc\u03b9\u03bf\u03c5\u03c1\u03b3\u03b5\u03af \u03c4\u03bf \u03c0\u03b9\u03bf \u03b5\u03c0\u03b9\u03ba\u03af\u03bd\u03b4\u03c5\u03bd\u03bf \u03bc\u03b1\u03b3\u03b9\u03ba\u03cc \u03b1\u03bd\u03c4\u03b9\u03ba\u03b5\u03af\u03bc\u03b5\u03bd\u03bf \u03c3\u03b5 \u03cc\u03bb\u03b7 \u03c4\u03b7\u03bd \u03c0\u03b1\u03b3\u03ba\u03cc\u03c3\u03bc\u03b9\u03b1 \u03b9\u03c3\u03c4\u03bf\u03c1\u03af\u03b1. \u039a\u03c1\u03c5\u03bc\u03bc\u03ad\u03bd\u03bf \u03c3\u03c4\u03bf \u03c0\u03b1\u03bb\u03ac\u03c4\u03b9 \u03c4\u03bf\u03c5 \u03ac\u03c1\u03b1\u03b2\u03b1 \u03c0\u03c1\u03af\u03b3\u03ba\u03b9\u03c0\u03b1 \u039f\u03c5\u03b1\u03bb\u03af\u03bd\u03c4, \u03ba\u03ac\u03c0\u03bf\u03c5 \u03c3\u03c4\u03b7\u03bd \u0391\u03c1\u03b1\u03b2\u03b9\u03ba\u03ae \u03a7\u03b5\u03c1\u03c3\u03cc\u03bd\u03b7\u03c3\u03bf, \u03c4\u03bf \u03bc\u03b1\u03b3\u03b9\u03ba\u03cc \u03b1\u03bd\u03c4\u03b9\u03ba\u03b5\u03af\u03bc\u03b5\u03bd\u03bf \u03be\u03ad\u03c1\u03b5\u03b9 \u03c4\u03bf \u03cc\u03bd\u03bf\u03bc\u03ac \u03c3\u03bf\u03c5, \u03c4\u03bf \u03c3\u03c0\u03af\u03c4\u03b9 \u03c3\u03bf\u03c5, \u03c4\u03b7\u03bd \u03c0\u03b1\u03c4\u03c1\u03af\u03b4\u03b1 \u03ba\u03b1\u03b9 \u03c4\u03b7\u03bd \u03b9\u03c3\u03c4\u03bf\u03c1\u03af\u03b1 \u03c3\u03bf\u03c5. \u039e\u03ad\u03c1\u03b5\u03b9 \u03c4\u03bf \u03c0\u03b1\u03c1\u03b5\u03bb\u03b8\u03cc\u03bd, \u03c4\u03bf \u03c0\u03b1\u03c1\u03cc\u03bd \u03ba\u03b1\u03b9 \u03c4\u03bf \u03bc\u03ad\u03bb\u03bb\u03bf\u03bd \u2014...\" \/>\n<meta property=\"og:url\" content=\"https:\/\/www.lauragallego.com\/en\/books\/books-in-other-languages\/books-in-greek\/\" \/>\n<meta property=\"og:site_name\" content=\"Laura Gallego - Oficial\" \/>\n<meta property=\"article:publisher\" content=\"https:\/\/www.facebook.com\/lauragallegooficial\" \/>\n<meta property=\"article:modified_time\" content=\"2019-02-03T17:21:48+00:00\" \/>\n<meta name=\"twitter:card\" content=\"summary_large_image\" \/>\n<meta name=\"twitter:site\" content=\"@_LauraGallego\" \/>\n<meta name=\"twitter:label1\" content=\"Est. reading time\" \/>\n\t<meta name=\"twitter:data1\" content=\"1 minute\" \/>\n<script type=\"application\/ld+json\" class=\"yoast-schema-graph\">{\"@context\":\"https:\\\/\\\/schema.org\",\"@graph\":[{\"@type\":\"WebPage\",\"@id\":\"https:\\\/\\\/www.lauragallego.com\\\/en\\\/books\\\/books-in-other-languages\\\/books-in-greek\\\/\",\"url\":\"https:\\\/\\\/www.lauragallego.com\\\/en\\\/books\\\/books-in-other-languages\\\/books-in-greek\\\/\",\"name\":\"Books in Greek - Laura Gallego - Oficial\",\"isPartOf\":{\"@id\":\"https:\\\/\\\/www.lauragallego.com\\\/#website\"},\"datePublished\":\"2018-06-12T08:22:51+00:00\",\"dateModified\":\"2019-02-03T17:21:48+00:00\",\"breadcrumb\":{\"@id\":\"https:\\\/\\\/www.lauragallego.com\\\/en\\\/books\\\/books-in-other-languages\\\/books-in-greek\\\/#breadcrumb\"},\"inLanguage\":\"en-US\",\"potentialAction\":[{\"@type\":\"ReadAction\",\"target\":[\"https:\\\/\\\/www.lauragallego.com\\\/en\\\/books\\\/books-in-other-languages\\\/books-in-greek\\\/\"]}]},{\"@type\":\"BreadcrumbList\",\"@id\":\"https:\\\/\\\/www.lauragallego.com\\\/en\\\/books\\\/books-in-other-languages\\\/books-in-greek\\\/#breadcrumb\",\"itemListElement\":[{\"@type\":\"ListItem\",\"position\":1,\"name\":\"Home\",\"item\":\"https:\\\/\\\/www.lauragallego.com\\\/en\\\/\"},{\"@type\":\"ListItem\",\"position\":2,\"name\":\"Books\",\"item\":\"https:\\\/\\\/www.lauragallego.com\\\/en\\\/books\\\/\"},{\"@type\":\"ListItem\",\"position\":3,\"name\":\"Books in other languages\",\"item\":\"https:\\\/\\\/www.lauragallego.com\\\/en\\\/books\\\/books-in-other-languages\\\/\"},{\"@type\":\"ListItem\",\"position\":4,\"name\":\"Books in Greek\"}]},{\"@type\":\"WebSite\",\"@id\":\"https:\\\/\\\/www.lauragallego.com\\\/#website\",\"url\":\"https:\\\/\\\/www.lauragallego.com\\\/\",\"name\":\"Laura Gallego - Oficial\",\"description\":\"\",\"publisher\":{\"@id\":\"https:\\\/\\\/www.lauragallego.com\\\/#organization\"},\"potentialAction\":[{\"@type\":\"SearchAction\",\"target\":{\"@type\":\"EntryPoint\",\"urlTemplate\":\"https:\\\/\\\/www.lauragallego.com\\\/?s={search_term_string}\"},\"query-input\":{\"@type\":\"PropertyValueSpecification\",\"valueRequired\":true,\"valueName\":\"search_term_string\"}}],\"inLanguage\":\"en-US\"},{\"@type\":\"Organization\",\"@id\":\"https:\\\/\\\/www.lauragallego.com\\\/#organization\",\"name\":\"Laura Gallego - Oficial\",\"url\":\"https:\\\/\\\/www.lauragallego.com\\\/\",\"logo\":{\"@type\":\"ImageObject\",\"inLanguage\":\"en-US\",\"@id\":\"https:\\\/\\\/www.lauragallego.com\\\/#\\\/schema\\\/logo\\\/image\\\/\",\"url\":\"https:\\\/\\\/www.lauragallego.com\\\/wp-content\\\/uploads\\\/2020\\\/07\\\/lechuza1.jpg\",\"contentUrl\":\"https:\\\/\\\/www.lauragallego.com\\\/wp-content\\\/uploads\\\/2020\\\/07\\\/lechuza1.jpg\",\"width\":1471,\"height\":1362,\"caption\":\"Laura Gallego - Oficial\"},\"image\":{\"@id\":\"https:\\\/\\\/www.lauragallego.com\\\/#\\\/schema\\\/logo\\\/image\\\/\"},\"sameAs\":[\"https:\\\/\\\/www.facebook.com\\\/lauragallegooficial\",\"https:\\\/\\\/x.com\\\/_LauraGallego\",\"https:\\\/\\\/www.instagram.com\\\/lauragallegooficial\\\/\",\"https:\\\/\\\/www.youtube.com\\\/channel\\\/UCYTcZ0cTkbbFolGJUp6Wqrw\\\/feed\"]}]}<\/script>\n<!-- \/ Yoast SEO plugin. -->","yoast_head_json":{"title":"Books in Greek - Laura Gallego - Oficial","robots":{"index":"index","follow":"follow","max-snippet":"max-snippet:-1","max-image-preview":"max-image-preview:large","max-video-preview":"max-video-preview:-1"},"canonical":"https:\/\/www.lauragallego.com\/en\/books\/books-in-other-languages\/books-in-greek\/","og_locale":"en_US","og_type":"article","og_title":"Books in Greek - Laura Gallego - Oficial","og_description":"[vc_row][vc_column][vc_column_text el_class=&#8221;nav-books&#8221;] BOOKS BOOKS IN ENGLISH BOOKS IN OTHER LANGUAGES [\/vc_column_text][\/vc_column][\/vc_row][vc_row el_class=&#8221;row-books margin-bottom-3x&#8221;][vc_column][vc_row_inner][vc_column_inner width=&#8221;1\/2&#8243; offset=&#8221;vc_col-md-3&#8243;][vc_single_image image=&#8221;20898&#8243; img_size=&#8221;full&#8221;][vc_column_text]Title:\u00a0To thr\u00fdlos tou vasili\u00e1 Peipl\u00e1nisi Publisher:\u00a0Opera Editions Translator:\u00a0Maria Bezantakou Synopsis: \u039f \u03c4\u03b1\u03c0\u03b5\u03b9\u03bd\u03cc\u03c2 \u03c4\u03b1\u03c0\u03b7\u03c4\u03bf\u03c5\u03c1\u03b3\u03cc\u03c2, \u03b1\u03bb\u03bb\u03ac \u03b1\u03be\u03b5\u03c0\u03ad\u03c1\u03b1\u03c3\u03c4\u03bf\u03c2 \u03c0\u03bf\u03b9\u03b7\u03c4\u03ae\u03c2, \u03a7\u03b1\u03bc\u03ac\u03bd\u03c4 \u03b4\u03b7\u03bc\u03b9\u03bf\u03c5\u03c1\u03b3\u03b5\u03af \u03c4\u03bf \u03c0\u03b9\u03bf \u03b5\u03c0\u03b9\u03ba\u03af\u03bd\u03b4\u03c5\u03bd\u03bf \u03bc\u03b1\u03b3\u03b9\u03ba\u03cc \u03b1\u03bd\u03c4\u03b9\u03ba\u03b5\u03af\u03bc\u03b5\u03bd\u03bf \u03c3\u03b5 \u03cc\u03bb\u03b7 \u03c4\u03b7\u03bd \u03c0\u03b1\u03b3\u03ba\u03cc\u03c3\u03bc\u03b9\u03b1 \u03b9\u03c3\u03c4\u03bf\u03c1\u03af\u03b1. \u039a\u03c1\u03c5\u03bc\u03bc\u03ad\u03bd\u03bf \u03c3\u03c4\u03bf \u03c0\u03b1\u03bb\u03ac\u03c4\u03b9 \u03c4\u03bf\u03c5 \u03ac\u03c1\u03b1\u03b2\u03b1 \u03c0\u03c1\u03af\u03b3\u03ba\u03b9\u03c0\u03b1 \u039f\u03c5\u03b1\u03bb\u03af\u03bd\u03c4, \u03ba\u03ac\u03c0\u03bf\u03c5 \u03c3\u03c4\u03b7\u03bd \u0391\u03c1\u03b1\u03b2\u03b9\u03ba\u03ae \u03a7\u03b5\u03c1\u03c3\u03cc\u03bd\u03b7\u03c3\u03bf, \u03c4\u03bf \u03bc\u03b1\u03b3\u03b9\u03ba\u03cc \u03b1\u03bd\u03c4\u03b9\u03ba\u03b5\u03af\u03bc\u03b5\u03bd\u03bf \u03be\u03ad\u03c1\u03b5\u03b9 \u03c4\u03bf \u03cc\u03bd\u03bf\u03bc\u03ac \u03c3\u03bf\u03c5, \u03c4\u03bf \u03c3\u03c0\u03af\u03c4\u03b9 \u03c3\u03bf\u03c5, \u03c4\u03b7\u03bd \u03c0\u03b1\u03c4\u03c1\u03af\u03b4\u03b1 \u03ba\u03b1\u03b9 \u03c4\u03b7\u03bd \u03b9\u03c3\u03c4\u03bf\u03c1\u03af\u03b1 \u03c3\u03bf\u03c5. \u039e\u03ad\u03c1\u03b5\u03b9 \u03c4\u03bf \u03c0\u03b1\u03c1\u03b5\u03bb\u03b8\u03cc\u03bd, \u03c4\u03bf \u03c0\u03b1\u03c1\u03cc\u03bd \u03ba\u03b1\u03b9 \u03c4\u03bf \u03bc\u03ad\u03bb\u03bb\u03bf\u03bd \u2014...","og_url":"https:\/\/www.lauragallego.com\/en\/books\/books-in-other-languages\/books-in-greek\/","og_site_name":"Laura Gallego - Oficial","article_publisher":"https:\/\/www.facebook.com\/lauragallegooficial","article_modified_time":"2019-02-03T17:21:48+00:00","twitter_card":"summary_large_image","twitter_site":"@_LauraGallego","twitter_misc":{"Est. reading time":"1 minute"},"schema":{"@context":"https:\/\/schema.org","@graph":[{"@type":"WebPage","@id":"https:\/\/www.lauragallego.com\/en\/books\/books-in-other-languages\/books-in-greek\/","url":"https:\/\/www.lauragallego.com\/en\/books\/books-in-other-languages\/books-in-greek\/","name":"Books in Greek - Laura Gallego - Oficial","isPartOf":{"@id":"https:\/\/www.lauragallego.com\/#website"},"datePublished":"2018-06-12T08:22:51+00:00","dateModified":"2019-02-03T17:21:48+00:00","breadcrumb":{"@id":"https:\/\/www.lauragallego.com\/en\/books\/books-in-other-languages\/books-in-greek\/#breadcrumb"},"inLanguage":"en-US","potentialAction":[{"@type":"ReadAction","target":["https:\/\/www.lauragallego.com\/en\/books\/books-in-other-languages\/books-in-greek\/"]}]},{"@type":"BreadcrumbList","@id":"https:\/\/www.lauragallego.com\/en\/books\/books-in-other-languages\/books-in-greek\/#breadcrumb","itemListElement":[{"@type":"ListItem","position":1,"name":"Home","item":"https:\/\/www.lauragallego.com\/en\/"},{"@type":"ListItem","position":2,"name":"Books","item":"https:\/\/www.lauragallego.com\/en\/books\/"},{"@type":"ListItem","position":3,"name":"Books in other languages","item":"https:\/\/www.lauragallego.com\/en\/books\/books-in-other-languages\/"},{"@type":"ListItem","position":4,"name":"Books in Greek"}]},{"@type":"WebSite","@id":"https:\/\/www.lauragallego.com\/#website","url":"https:\/\/www.lauragallego.com\/","name":"Laura Gallego - Oficial","description":"","publisher":{"@id":"https:\/\/www.lauragallego.com\/#organization"},"potentialAction":[{"@type":"SearchAction","target":{"@type":"EntryPoint","urlTemplate":"https:\/\/www.lauragallego.com\/?s={search_term_string}"},"query-input":{"@type":"PropertyValueSpecification","valueRequired":true,"valueName":"search_term_string"}}],"inLanguage":"en-US"},{"@type":"Organization","@id":"https:\/\/www.lauragallego.com\/#organization","name":"Laura Gallego - Oficial","url":"https:\/\/www.lauragallego.com\/","logo":{"@type":"ImageObject","inLanguage":"en-US","@id":"https:\/\/www.lauragallego.com\/#\/schema\/logo\/image\/","url":"https:\/\/www.lauragallego.com\/wp-content\/uploads\/2020\/07\/lechuza1.jpg","contentUrl":"https:\/\/www.lauragallego.com\/wp-content\/uploads\/2020\/07\/lechuza1.jpg","width":1471,"height":1362,"caption":"Laura Gallego - Oficial"},"image":{"@id":"https:\/\/www.lauragallego.com\/#\/schema\/logo\/image\/"},"sameAs":["https:\/\/www.facebook.com\/lauragallegooficial","https:\/\/x.com\/_LauraGallego","https:\/\/www.instagram.com\/lauragallegooficial\/","https:\/\/www.youtube.com\/channel\/UCYTcZ0cTkbbFolGJUp6Wqrw\/feed"]}]}},"_links":{"self":[{"href":"https:\/\/www.lauragallego.com\/en\/wp-json\/wp\/v2\/pages\/22905","targetHints":{"allow":["GET"]}}],"collection":[{"href":"https:\/\/www.lauragallego.com\/en\/wp-json\/wp\/v2\/pages"}],"about":[{"href":"https:\/\/www.lauragallego.com\/en\/wp-json\/wp\/v2\/types\/page"}],"author":[{"embeddable":true,"href":"https:\/\/www.lauragallego.com\/en\/wp-json\/wp\/v2\/users\/2"}],"replies":[{"embeddable":true,"href":"https:\/\/www.lauragallego.com\/en\/wp-json\/wp\/v2\/comments?post=22905"}],"version-history":[{"count":0,"href":"https:\/\/www.lauragallego.com\/en\/wp-json\/wp\/v2\/pages\/22905\/revisions"}],"up":[{"embeddable":true,"href":"https:\/\/www.lauragallego.com\/en\/wp-json\/wp\/v2\/pages\/22726"}],"wp:attachment":[{"href":"https:\/\/www.lauragallego.com\/en\/wp-json\/wp\/v2\/media?parent=22905"}],"curies":[{"name":"wp","href":"https:\/\/api.w.org\/{rel}","templated":true}]}}