{"id":22914,"date":"2018-06-12T10:23:52","date_gmt":"2018-06-12T08:23:52","guid":{"rendered":"https:\/\/www.lauragallego.com\/?page_id=22914"},"modified":"2019-02-03T20:18:10","modified_gmt":"2019-02-03T18:18:10","slug":"books-in-swedish","status":"publish","type":"page","link":"https:\/\/www.lauragallego.com\/en\/books\/books-in-other-languages\/books-in-swedish\/","title":{"rendered":"Books in Swedish"},"content":{"rendered":"<div class=\"wpb-content-wrapper\">[vc_row][vc_column][vc_column_text el_class=&#8221;nav-books&#8221;]\n<ul>\n<li><a href=\"https:\/\/www.lauragallego.com\/en\/books\/\">BOOKS<\/a><\/li>\n<li><a href=\"https:\/\/www.lauragallego.com\/en\/books\/books-in-english\/\">BOOKS IN ENGLISH<\/a><\/li>\n<li class=\"current\"><a href=\"https:\/\/www.lauragallego.com\/en\/books\/books-in-other-languages\/\">BOOKS IN OTHER LANGUAGES<\/a><\/li>\n<\/ul>\n[\/vc_column_text][\/vc_column][\/vc_row][vc_row el_class=&#8221;row-books margin-bottom-3x&#8221;][vc_column][vc_row_inner][vc_column_inner width=&#8221;1\/2&#8243; offset=&#8221;vc_col-md-3&#8243;][vc_single_image image=&#8221;22540&#8243; img_size=&#8221;full&#8221;][vc_column_text]\n<strong>Title:<\/strong>\u00a0Minnen av Idhun. Motst\u00e5ndsr\u00f6relsen.<br \/>\n<strong>Publisher:<\/strong>\u00a0<a href=\"http:\/\/www.bazarforlag.se\/\" target=\"_blank\" rel=\"noopener\">Bazar Forlag<\/a><br \/>\n<strong>Translator:<\/strong>\u00a0Johanna Hedenberg<br \/>\n<strong>Synopsis:<br \/>\n<\/strong><em>Minnen av Idhun: Motst\u00e5ndsr\u00f6relsen<\/em>\u00e4r f\u00f6rsta boken i en trilogi av fantasyromaner. Huvudpersonerna i boken \u00e4r Jack, Victoria och Kirtash, och de \u00e4r tretton, tolv och femton n\u00e4r historien b\u00f6rjar.<br \/>\nJack bor i Danmark med sin mamma och pappa. En kv\u00e4ll kommer han hem och hittar sina f\u00f6r\u00e4ldrar d\u00f6da. Tv\u00e5 personer befinner sig i huset, en trollkarl och en yngling med iskall blick, och han f\u00f6rst\u00e5r att de \u00e4r ute efter honom ocks\u00e5. I sista stunden lyckas han fly till Limbhad, en s\u00e4ker plats som ligger n\u00e5gonstans mellan Jorden och Idhun. Idhun har \u00f6vertagits av onda makter som utrotat alla enh\u00f6rningar och drakar, alla utom tv\u00e5 ungdjur som r\u00e4ddades och skickades till Jorden. Enligt profetian \u00e4r det endast enh\u00f6rningen och draken som kan besegra de onda makterna. Massor av fantastiska varelser som ormm\u00e4nniskor, flygande ormar och drakar k\u00e4mpar mot varandra. Stridsscenerna f\u00f6r tankarna till Sagan om ringen. I Limbhad tr\u00e4ffar Jack Victoria. Hon \u00e4r en halvh\u00e4xa som kan f\u00f6rflytta sig mellan de olika v\u00e4rldarna. Varken hon eller Jack f\u00f6rst\u00e5r vad de har f\u00f6r koppling till Idhun, men efter hand frig\u00f6rs deras krafter och man f\u00f6rst\u00e5r att ungdomarna \u00e4r dem alla letar efter: draken och enh\u00f6rningen.[\/vc_column_text][\/vc_column_inner][vc_column_inner width=&#8221;1\/2&#8243; offset=&#8221;vc_col-md-3&#8243;][\/vc_column_inner][vc_column_inner width=&#8221;1\/2&#8243; offset=&#8221;vc_col-md-3&#8243;][\/vc_column_inner][vc_column_inner width=&#8221;1\/2&#8243; offset=&#8221;vc_col-md-3&#8243;][\/vc_column_inner][\/vc_row_inner][\/vc_column][\/vc_row]\n<\/div>","protected":false},"excerpt":{"rendered":"<p>[vc_row][vc_column][vc_column_text el_class=&#8221;nav-books&#8221;] BOOKS BOOKS IN ENGLISH BOOKS IN OTHER LANGUAGES [\/vc_column_text][\/vc_column][\/vc_row][vc_row el_class=&#8221;row-books margin-bottom-3x&#8221;][vc_column][vc_row_inner][vc_column_inner width=&#8221;1\/2&#8243; offset=&#8221;vc_col-md-3&#8243;][vc_single_image image=&#8221;22540&#8243; img_size=&#8221;full&#8221;][vc_column_text] Title:\u00a0Minnen av Idhun. Motst\u00e5ndsr\u00f6relsen. Publisher:\u00a0Bazar Forlag Translator:\u00a0Johanna Hedenberg Synopsis: Minnen av Idhun: Motst\u00e5ndsr\u00f6relsen\u00e4r f\u00f6rsta boken i en trilogi av fantasyromaner. Huvudpersonerna i boken \u00e4r Jack, Victoria och Kirtash, och de \u00e4r tretton, tolv och femton n\u00e4r historien b\u00f6rjar. Jack bor i Danmark med sin mamma och pappa. En kv\u00e4ll kommer han hem och hittar sina f\u00f6r\u00e4ldrar d\u00f6da. Tv\u00e5 personer befinner sig i huset,&#8230;<\/p>\n","protected":false},"author":2,"featured_media":0,"parent":22726,"menu_order":0,"comment_status":"closed","ping_status":"closed","template":"","meta":{"_acf_changed":false,"footnotes":""},"class_list":["post-22914","page","type-page","status-publish","hentry"],"acf":[],"yoast_head":"<!-- This site is optimized with the Yoast SEO plugin v27.4 - https:\/\/yoast.com\/product\/yoast-seo-wordpress\/ -->\n<title>Books in Swedish - Laura Gallego - Oficial<\/title>\n<meta name=\"robots\" content=\"index, follow, max-snippet:-1, max-image-preview:large, max-video-preview:-1\" \/>\n<link rel=\"canonical\" href=\"https:\/\/www.lauragallego.com\/en\/books\/books-in-other-languages\/books-in-swedish\/\" \/>\n<meta property=\"og:locale\" content=\"en_US\" \/>\n<meta property=\"og:type\" content=\"article\" \/>\n<meta property=\"og:title\" content=\"Books in Swedish - Laura Gallego - Oficial\" \/>\n<meta property=\"og:description\" content=\"[vc_row][vc_column][vc_column_text el_class=&#8221;nav-books&#8221;] BOOKS BOOKS IN ENGLISH BOOKS IN OTHER LANGUAGES [\/vc_column_text][\/vc_column][\/vc_row][vc_row el_class=&#8221;row-books margin-bottom-3x&#8221;][vc_column][vc_row_inner][vc_column_inner width=&#8221;1\/2&#8243; offset=&#8221;vc_col-md-3&#8243;][vc_single_image image=&#8221;22540&#8243; img_size=&#8221;full&#8221;][vc_column_text] Title:\u00a0Minnen av Idhun. Motst\u00e5ndsr\u00f6relsen. Publisher:\u00a0Bazar Forlag Translator:\u00a0Johanna Hedenberg Synopsis: Minnen av Idhun: Motst\u00e5ndsr\u00f6relsen\u00e4r f\u00f6rsta boken i en trilogi av fantasyromaner. Huvudpersonerna i boken \u00e4r Jack, Victoria och Kirtash, och de \u00e4r tretton, tolv och femton n\u00e4r historien b\u00f6rjar. Jack bor i Danmark med sin mamma och pappa. En kv\u00e4ll kommer han hem och hittar sina f\u00f6r\u00e4ldrar d\u00f6da. Tv\u00e5 personer befinner sig i huset,...\" \/>\n<meta property=\"og:url\" content=\"https:\/\/www.lauragallego.com\/en\/books\/books-in-other-languages\/books-in-swedish\/\" \/>\n<meta property=\"og:site_name\" content=\"Laura Gallego - Oficial\" \/>\n<meta property=\"article:publisher\" content=\"https:\/\/www.facebook.com\/lauragallegooficial\" \/>\n<meta property=\"article:modified_time\" content=\"2019-02-03T18:18:10+00:00\" \/>\n<meta name=\"twitter:card\" content=\"summary_large_image\" \/>\n<meta name=\"twitter:site\" content=\"@_LauraGallego\" \/>\n<meta name=\"twitter:label1\" content=\"Est. reading time\" \/>\n\t<meta name=\"twitter:data1\" content=\"2 minutes\" \/>\n<script type=\"application\/ld+json\" class=\"yoast-schema-graph\">{\"@context\":\"https:\\\/\\\/schema.org\",\"@graph\":[{\"@type\":\"WebPage\",\"@id\":\"https:\\\/\\\/www.lauragallego.com\\\/en\\\/books\\\/books-in-other-languages\\\/books-in-swedish\\\/\",\"url\":\"https:\\\/\\\/www.lauragallego.com\\\/en\\\/books\\\/books-in-other-languages\\\/books-in-swedish\\\/\",\"name\":\"Books in Swedish - Laura Gallego - Oficial\",\"isPartOf\":{\"@id\":\"https:\\\/\\\/www.lauragallego.com\\\/#website\"},\"datePublished\":\"2018-06-12T08:23:52+00:00\",\"dateModified\":\"2019-02-03T18:18:10+00:00\",\"breadcrumb\":{\"@id\":\"https:\\\/\\\/www.lauragallego.com\\\/en\\\/books\\\/books-in-other-languages\\\/books-in-swedish\\\/#breadcrumb\"},\"inLanguage\":\"en-US\",\"potentialAction\":[{\"@type\":\"ReadAction\",\"target\":[\"https:\\\/\\\/www.lauragallego.com\\\/en\\\/books\\\/books-in-other-languages\\\/books-in-swedish\\\/\"]}]},{\"@type\":\"BreadcrumbList\",\"@id\":\"https:\\\/\\\/www.lauragallego.com\\\/en\\\/books\\\/books-in-other-languages\\\/books-in-swedish\\\/#breadcrumb\",\"itemListElement\":[{\"@type\":\"ListItem\",\"position\":1,\"name\":\"Home\",\"item\":\"https:\\\/\\\/www.lauragallego.com\\\/en\\\/\"},{\"@type\":\"ListItem\",\"position\":2,\"name\":\"Books\",\"item\":\"https:\\\/\\\/www.lauragallego.com\\\/en\\\/books\\\/\"},{\"@type\":\"ListItem\",\"position\":3,\"name\":\"Books in other languages\",\"item\":\"https:\\\/\\\/www.lauragallego.com\\\/en\\\/books\\\/books-in-other-languages\\\/\"},{\"@type\":\"ListItem\",\"position\":4,\"name\":\"Books in Swedish\"}]},{\"@type\":\"WebSite\",\"@id\":\"https:\\\/\\\/www.lauragallego.com\\\/#website\",\"url\":\"https:\\\/\\\/www.lauragallego.com\\\/\",\"name\":\"Laura Gallego - Oficial\",\"description\":\"\",\"publisher\":{\"@id\":\"https:\\\/\\\/www.lauragallego.com\\\/#organization\"},\"potentialAction\":[{\"@type\":\"SearchAction\",\"target\":{\"@type\":\"EntryPoint\",\"urlTemplate\":\"https:\\\/\\\/www.lauragallego.com\\\/?s={search_term_string}\"},\"query-input\":{\"@type\":\"PropertyValueSpecification\",\"valueRequired\":true,\"valueName\":\"search_term_string\"}}],\"inLanguage\":\"en-US\"},{\"@type\":\"Organization\",\"@id\":\"https:\\\/\\\/www.lauragallego.com\\\/#organization\",\"name\":\"Laura Gallego - Oficial\",\"url\":\"https:\\\/\\\/www.lauragallego.com\\\/\",\"logo\":{\"@type\":\"ImageObject\",\"inLanguage\":\"en-US\",\"@id\":\"https:\\\/\\\/www.lauragallego.com\\\/#\\\/schema\\\/logo\\\/image\\\/\",\"url\":\"https:\\\/\\\/www.lauragallego.com\\\/wp-content\\\/uploads\\\/2020\\\/07\\\/lechuza1.jpg\",\"contentUrl\":\"https:\\\/\\\/www.lauragallego.com\\\/wp-content\\\/uploads\\\/2020\\\/07\\\/lechuza1.jpg\",\"width\":1471,\"height\":1362,\"caption\":\"Laura Gallego - Oficial\"},\"image\":{\"@id\":\"https:\\\/\\\/www.lauragallego.com\\\/#\\\/schema\\\/logo\\\/image\\\/\"},\"sameAs\":[\"https:\\\/\\\/www.facebook.com\\\/lauragallegooficial\",\"https:\\\/\\\/x.com\\\/_LauraGallego\",\"https:\\\/\\\/www.instagram.com\\\/lauragallegooficial\\\/\",\"https:\\\/\\\/www.youtube.com\\\/channel\\\/UCYTcZ0cTkbbFolGJUp6Wqrw\\\/feed\"]}]}<\/script>\n<!-- \/ Yoast SEO plugin. -->","yoast_head_json":{"title":"Books in Swedish - Laura Gallego - Oficial","robots":{"index":"index","follow":"follow","max-snippet":"max-snippet:-1","max-image-preview":"max-image-preview:large","max-video-preview":"max-video-preview:-1"},"canonical":"https:\/\/www.lauragallego.com\/en\/books\/books-in-other-languages\/books-in-swedish\/","og_locale":"en_US","og_type":"article","og_title":"Books in Swedish - Laura Gallego - Oficial","og_description":"[vc_row][vc_column][vc_column_text el_class=&#8221;nav-books&#8221;] BOOKS BOOKS IN ENGLISH BOOKS IN OTHER LANGUAGES [\/vc_column_text][\/vc_column][\/vc_row][vc_row el_class=&#8221;row-books margin-bottom-3x&#8221;][vc_column][vc_row_inner][vc_column_inner width=&#8221;1\/2&#8243; offset=&#8221;vc_col-md-3&#8243;][vc_single_image image=&#8221;22540&#8243; img_size=&#8221;full&#8221;][vc_column_text] Title:\u00a0Minnen av Idhun. Motst\u00e5ndsr\u00f6relsen. Publisher:\u00a0Bazar Forlag Translator:\u00a0Johanna Hedenberg Synopsis: Minnen av Idhun: Motst\u00e5ndsr\u00f6relsen\u00e4r f\u00f6rsta boken i en trilogi av fantasyromaner. Huvudpersonerna i boken \u00e4r Jack, Victoria och Kirtash, och de \u00e4r tretton, tolv och femton n\u00e4r historien b\u00f6rjar. Jack bor i Danmark med sin mamma och pappa. En kv\u00e4ll kommer han hem och hittar sina f\u00f6r\u00e4ldrar d\u00f6da. Tv\u00e5 personer befinner sig i huset,...","og_url":"https:\/\/www.lauragallego.com\/en\/books\/books-in-other-languages\/books-in-swedish\/","og_site_name":"Laura Gallego - Oficial","article_publisher":"https:\/\/www.facebook.com\/lauragallegooficial","article_modified_time":"2019-02-03T18:18:10+00:00","twitter_card":"summary_large_image","twitter_site":"@_LauraGallego","twitter_misc":{"Est. reading time":"2 minutes"},"schema":{"@context":"https:\/\/schema.org","@graph":[{"@type":"WebPage","@id":"https:\/\/www.lauragallego.com\/en\/books\/books-in-other-languages\/books-in-swedish\/","url":"https:\/\/www.lauragallego.com\/en\/books\/books-in-other-languages\/books-in-swedish\/","name":"Books in Swedish - Laura Gallego - Oficial","isPartOf":{"@id":"https:\/\/www.lauragallego.com\/#website"},"datePublished":"2018-06-12T08:23:52+00:00","dateModified":"2019-02-03T18:18:10+00:00","breadcrumb":{"@id":"https:\/\/www.lauragallego.com\/en\/books\/books-in-other-languages\/books-in-swedish\/#breadcrumb"},"inLanguage":"en-US","potentialAction":[{"@type":"ReadAction","target":["https:\/\/www.lauragallego.com\/en\/books\/books-in-other-languages\/books-in-swedish\/"]}]},{"@type":"BreadcrumbList","@id":"https:\/\/www.lauragallego.com\/en\/books\/books-in-other-languages\/books-in-swedish\/#breadcrumb","itemListElement":[{"@type":"ListItem","position":1,"name":"Home","item":"https:\/\/www.lauragallego.com\/en\/"},{"@type":"ListItem","position":2,"name":"Books","item":"https:\/\/www.lauragallego.com\/en\/books\/"},{"@type":"ListItem","position":3,"name":"Books in other languages","item":"https:\/\/www.lauragallego.com\/en\/books\/books-in-other-languages\/"},{"@type":"ListItem","position":4,"name":"Books in Swedish"}]},{"@type":"WebSite","@id":"https:\/\/www.lauragallego.com\/#website","url":"https:\/\/www.lauragallego.com\/","name":"Laura Gallego - Oficial","description":"","publisher":{"@id":"https:\/\/www.lauragallego.com\/#organization"},"potentialAction":[{"@type":"SearchAction","target":{"@type":"EntryPoint","urlTemplate":"https:\/\/www.lauragallego.com\/?s={search_term_string}"},"query-input":{"@type":"PropertyValueSpecification","valueRequired":true,"valueName":"search_term_string"}}],"inLanguage":"en-US"},{"@type":"Organization","@id":"https:\/\/www.lauragallego.com\/#organization","name":"Laura Gallego - Oficial","url":"https:\/\/www.lauragallego.com\/","logo":{"@type":"ImageObject","inLanguage":"en-US","@id":"https:\/\/www.lauragallego.com\/#\/schema\/logo\/image\/","url":"https:\/\/www.lauragallego.com\/wp-content\/uploads\/2020\/07\/lechuza1.jpg","contentUrl":"https:\/\/www.lauragallego.com\/wp-content\/uploads\/2020\/07\/lechuza1.jpg","width":1471,"height":1362,"caption":"Laura Gallego - Oficial"},"image":{"@id":"https:\/\/www.lauragallego.com\/#\/schema\/logo\/image\/"},"sameAs":["https:\/\/www.facebook.com\/lauragallegooficial","https:\/\/x.com\/_LauraGallego","https:\/\/www.instagram.com\/lauragallegooficial\/","https:\/\/www.youtube.com\/channel\/UCYTcZ0cTkbbFolGJUp6Wqrw\/feed"]}]}},"_links":{"self":[{"href":"https:\/\/www.lauragallego.com\/en\/wp-json\/wp\/v2\/pages\/22914","targetHints":{"allow":["GET"]}}],"collection":[{"href":"https:\/\/www.lauragallego.com\/en\/wp-json\/wp\/v2\/pages"}],"about":[{"href":"https:\/\/www.lauragallego.com\/en\/wp-json\/wp\/v2\/types\/page"}],"author":[{"embeddable":true,"href":"https:\/\/www.lauragallego.com\/en\/wp-json\/wp\/v2\/users\/2"}],"replies":[{"embeddable":true,"href":"https:\/\/www.lauragallego.com\/en\/wp-json\/wp\/v2\/comments?post=22914"}],"version-history":[{"count":0,"href":"https:\/\/www.lauragallego.com\/en\/wp-json\/wp\/v2\/pages\/22914\/revisions"}],"up":[{"embeddable":true,"href":"https:\/\/www.lauragallego.com\/en\/wp-json\/wp\/v2\/pages\/22726"}],"wp:attachment":[{"href":"https:\/\/www.lauragallego.com\/en\/wp-json\/wp\/v2\/media?parent=22914"}],"curies":[{"name":"wp","href":"https:\/\/api.w.org\/{rel}","templated":true}]}}