{"id":22916,"date":"2018-06-12T10:24:06","date_gmt":"2018-06-12T08:24:06","guid":{"rendered":"https:\/\/www.lauragallego.com\/?page_id=22916"},"modified":"2022-12-12T13:08:48","modified_gmt":"2022-12-12T12:08:48","slug":"books-in-turkish","status":"publish","type":"page","link":"https:\/\/www.lauragallego.com\/en\/books\/books-in-other-languages\/books-in-turkish\/","title":{"rendered":"Books in Turkish"},"content":{"rendered":"<div class=\"wpb-content-wrapper\">[vc_row][vc_column][vc_column_text el_class=&#8221;nav-books&#8221;]\n<ul>\n<li><a href=\"https:\/\/www.lauragallego.com\/en\/books\/\">BOOKS<\/a><\/li>\n<li><a href=\"https:\/\/www.lauragallego.com\/en\/books\/books-in-english\/\">BOOKS IN ENGLISH<\/a><\/li>\n<li class=\"current\"><a href=\"https:\/\/www.lauragallego.com\/en\/books\/books-in-other-languages\/\">BOOKS IN OTHER LANGUAGES<\/a><\/li>\n<\/ul>\n[\/vc_column_text][\/vc_column][\/vc_row][vc_row el_class=&#8221;row-books margin-bottom-3x&#8221;][vc_column][vc_row_inner][vc_column_inner width=&#8221;1\/2&#8243; offset=&#8221;vc_col-md-3&#8243;][vc_single_image image=&#8221;22546&#8243; img_size=&#8221;full&#8221;][vc_column_text]<strong>Title:<\/strong>\u00a0Idhun G\u00fcnl\u00fckleri I. Direnis.<br \/>\n<strong>Publisher:<\/strong>\u00a0<a href=\"http:\/\/www.pegasusyayinlari.com\/\" target=\"_blank\" rel=\"noopener\">Pegasus Yayinlary<\/a><br \/>\n<strong>Translator:<\/strong>\u00a0P\u0131nar G\u00f6kpar<br \/>\n<strong>Synopsis:\u00a0<\/strong>\u00dc\u00e7 ay ve \u00fc\u00e7 g\u00fcnesin diyari Idhun\u2019da, karanlik b\u00fcy\u00fcc\u00fc ashran h\u00e2kimiyeti ele ge\u00e7irir.<br \/>\nYasadiklari d\u00fcnyadan ka\u00e7an bir savas\u00e7i ile b\u00fcy\u00fcc\u00fc, yery\u00fcz\u00fcnde yasayan Jack ve Victoria\u2019yi da aralarina alarak direnis\u2019i kurar.<br \/>\nAma\u00e7lari kanatli yilanlarin h\u00e2kimiyetini sona erdirmektir ama Ashran\u2019in bu is i\u00e7in \u00f6zel olarak g\u00f6revlendirdigi gen\u00e7 ve acimasiz katil Kirtash buna izin vermemeye kararlidir.[\/vc_column_text][\/vc_column_inner][vc_column_inner width=&#8221;1\/2&#8243; offset=&#8221;vc_col-md-3&#8243;][vc_single_image image=&#8221;25677&#8243; img_size=&#8221;full&#8221;][vc_column_text]<strong>Title:<\/strong> Kule G\u00fcnl\u00fckleri 1 \u2013 Kurtlarla Sava\u015f<br \/>\n<strong>Publisher:<\/strong> <a href=\"https:\/\/www.istanbook.com.tr\/\" target=\"_blank\" rel=\"noopener\">Beyaz Balina<\/a><br \/>\n<strong>Translator:<\/strong> \u0130rem Gen\u00e7<br \/>\n<strong>Synopsis: <\/strong>Dena bir \u00e7iftlikte, ailesiyle normal bir hayat s\u00fcrerken Kai\u2019nin ortaya \u00e7\u0131kmas\u0131yla gariplikler ba\u015flad\u0131. \u00c7iftli\u011fin yak\u0131nlar\u0131nda Kule\u2019nin Efendisi Suren ile kar\u015f\u0131la\u015fan Dena, usta b\u00fcy\u00fcc\u00fc taraf\u0131ndan e\u011fitilmek \u00fczere Kule\u2019ye g\u00f6t\u00fcr\u00fcld\u00fc. Gen\u00e7 k\u0131z, bu labirent gibi yap\u0131ya girdi\u011finde ge\u00e7mi\u015fin s\u0131rlar\u0131yla ve do\u011fa\u00fcst\u00fc varl\u0131klarla kar\u015f\u0131la\u015faca\u011f\u0131n\u0131 bilmiyordu. Kule\u2019nin Efendisi asl\u0131nda Dena\u2019y\u0131, bir ama\u00e7 i\u00e7in e\u011fitiyordu&#8230;[\/vc_column_text][\/vc_column_inner][\/vc_row_inner][\/vc_column][\/vc_row]\n<\/div>","protected":false},"excerpt":{"rendered":"<p>[vc_row][vc_column][vc_column_text el_class=&#8221;nav-books&#8221;] BOOKS BOOKS IN ENGLISH BOOKS IN OTHER LANGUAGES [\/vc_column_text][\/vc_column][\/vc_row][vc_row el_class=&#8221;row-books margin-bottom-3x&#8221;][vc_column][vc_row_inner][vc_column_inner width=&#8221;1\/2&#8243; offset=&#8221;vc_col-md-3&#8243;][vc_single_image image=&#8221;22546&#8243; img_size=&#8221;full&#8221;][vc_column_text]Title:\u00a0Idhun G\u00fcnl\u00fckleri I. Direnis. Publisher:\u00a0Pegasus Yayinlary Translator:\u00a0P\u0131nar G\u00f6kpar Synopsis:\u00a0\u00dc\u00e7 ay ve \u00fc\u00e7 g\u00fcnesin diyari Idhun\u2019da, karanlik b\u00fcy\u00fcc\u00fc ashran h\u00e2kimiyeti ele ge\u00e7irir. Yasadiklari d\u00fcnyadan ka\u00e7an bir savas\u00e7i ile b\u00fcy\u00fcc\u00fc, yery\u00fcz\u00fcnde yasayan Jack ve Victoria\u2019yi da aralarina alarak direnis\u2019i kurar. Ama\u00e7lari kanatli yilanlarin h\u00e2kimiyetini sona erdirmektir ama Ashran\u2019in bu is i\u00e7in \u00f6zel olarak g\u00f6revlendirdigi gen\u00e7 ve acimasiz katil Kirtash buna izin vermemeye kararlidir.[\/vc_column_text][\/vc_column_inner][vc_column_inner width=&#8221;1\/2&#8243; offset=&#8221;vc_col-md-3&#8243;][vc_single_image image=&#8221;25677&#8243;&#8230;<\/p>\n","protected":false},"author":2,"featured_media":25677,"parent":22726,"menu_order":0,"comment_status":"closed","ping_status":"closed","template":"","meta":{"_acf_changed":false,"footnotes":""},"class_list":["post-22916","page","type-page","status-publish","hentry"],"acf":[],"yoast_head":"<!-- This site is optimized with the Yoast SEO plugin v27.4 - https:\/\/yoast.com\/product\/yoast-seo-wordpress\/ -->\n<title>Books in Turkish - Laura Gallego - Oficial<\/title>\n<meta name=\"robots\" content=\"index, follow, max-snippet:-1, max-image-preview:large, max-video-preview:-1\" \/>\n<link rel=\"canonical\" href=\"https:\/\/www.lauragallego.com\/en\/books\/books-in-other-languages\/books-in-turkish\/\" \/>\n<meta property=\"og:locale\" content=\"en_US\" \/>\n<meta property=\"og:type\" content=\"article\" \/>\n<meta property=\"og:title\" content=\"Books in Turkish - Laura Gallego - Oficial\" \/>\n<meta property=\"og:description\" content=\"[vc_row][vc_column][vc_column_text el_class=&#8221;nav-books&#8221;] BOOKS BOOKS IN ENGLISH BOOKS IN OTHER LANGUAGES [\/vc_column_text][\/vc_column][\/vc_row][vc_row el_class=&#8221;row-books margin-bottom-3x&#8221;][vc_column][vc_row_inner][vc_column_inner width=&#8221;1\/2&#8243; offset=&#8221;vc_col-md-3&#8243;][vc_single_image image=&#8221;22546&#8243; img_size=&#8221;full&#8221;][vc_column_text]Title:\u00a0Idhun G\u00fcnl\u00fckleri I. Direnis. Publisher:\u00a0Pegasus Yayinlary Translator:\u00a0P\u0131nar G\u00f6kpar Synopsis:\u00a0\u00dc\u00e7 ay ve \u00fc\u00e7 g\u00fcnesin diyari Idhun\u2019da, karanlik b\u00fcy\u00fcc\u00fc ashran h\u00e2kimiyeti ele ge\u00e7irir. Yasadiklari d\u00fcnyadan ka\u00e7an bir savas\u00e7i ile b\u00fcy\u00fcc\u00fc, yery\u00fcz\u00fcnde yasayan Jack ve Victoria\u2019yi da aralarina alarak direnis\u2019i kurar. Ama\u00e7lari kanatli yilanlarin h\u00e2kimiyetini sona erdirmektir ama Ashran\u2019in bu is i\u00e7in \u00f6zel olarak g\u00f6revlendirdigi gen\u00e7 ve acimasiz katil Kirtash buna izin vermemeye kararlidir.[\/vc_column_text][\/vc_column_inner][vc_column_inner width=&#8221;1\/2&#8243; offset=&#8221;vc_col-md-3&#8243;][vc_single_image image=&#8221;25677&#8243;...\" \/>\n<meta property=\"og:url\" content=\"https:\/\/www.lauragallego.com\/en\/books\/books-in-other-languages\/books-in-turkish\/\" \/>\n<meta property=\"og:site_name\" content=\"Laura Gallego - Oficial\" \/>\n<meta property=\"article:publisher\" content=\"https:\/\/www.facebook.com\/lauragallegooficial\" \/>\n<meta property=\"article:modified_time\" content=\"2022-12-12T12:08:48+00:00\" \/>\n<meta property=\"og:image\" content=\"https:\/\/www.lauragallego.com\/wp-content\/uploads\/2022\/12\/valle_tur_p.jpg\" \/>\n\t<meta property=\"og:image:width\" content=\"200\" \/>\n\t<meta property=\"og:image:height\" content=\"289\" \/>\n\t<meta property=\"og:image:type\" content=\"image\/jpeg\" \/>\n<meta name=\"twitter:card\" content=\"summary_large_image\" \/>\n<meta name=\"twitter:site\" content=\"@_LauraGallego\" \/>\n<meta name=\"twitter:label1\" content=\"Est. reading time\" \/>\n\t<meta name=\"twitter:data1\" content=\"1 minute\" \/>\n<script type=\"application\/ld+json\" class=\"yoast-schema-graph\">{\"@context\":\"https:\\\/\\\/schema.org\",\"@graph\":[{\"@type\":\"WebPage\",\"@id\":\"https:\\\/\\\/www.lauragallego.com\\\/en\\\/books\\\/books-in-other-languages\\\/books-in-turkish\\\/\",\"url\":\"https:\\\/\\\/www.lauragallego.com\\\/en\\\/books\\\/books-in-other-languages\\\/books-in-turkish\\\/\",\"name\":\"Books in Turkish - Laura Gallego - Oficial\",\"isPartOf\":{\"@id\":\"https:\\\/\\\/www.lauragallego.com\\\/#website\"},\"primaryImageOfPage\":{\"@id\":\"https:\\\/\\\/www.lauragallego.com\\\/en\\\/books\\\/books-in-other-languages\\\/books-in-turkish\\\/#primaryimage\"},\"image\":{\"@id\":\"https:\\\/\\\/www.lauragallego.com\\\/en\\\/books\\\/books-in-other-languages\\\/books-in-turkish\\\/#primaryimage\"},\"thumbnailUrl\":\"https:\\\/\\\/www.lauragallego.com\\\/wp-content\\\/uploads\\\/2022\\\/12\\\/valle_tur_p.jpg\",\"datePublished\":\"2018-06-12T08:24:06+00:00\",\"dateModified\":\"2022-12-12T12:08:48+00:00\",\"breadcrumb\":{\"@id\":\"https:\\\/\\\/www.lauragallego.com\\\/en\\\/books\\\/books-in-other-languages\\\/books-in-turkish\\\/#breadcrumb\"},\"inLanguage\":\"en-US\",\"potentialAction\":[{\"@type\":\"ReadAction\",\"target\":[\"https:\\\/\\\/www.lauragallego.com\\\/en\\\/books\\\/books-in-other-languages\\\/books-in-turkish\\\/\"]}]},{\"@type\":\"ImageObject\",\"inLanguage\":\"en-US\",\"@id\":\"https:\\\/\\\/www.lauragallego.com\\\/en\\\/books\\\/books-in-other-languages\\\/books-in-turkish\\\/#primaryimage\",\"url\":\"https:\\\/\\\/www.lauragallego.com\\\/wp-content\\\/uploads\\\/2022\\\/12\\\/valle_tur_p.jpg\",\"contentUrl\":\"https:\\\/\\\/www.lauragallego.com\\\/wp-content\\\/uploads\\\/2022\\\/12\\\/valle_tur_p.jpg\",\"width\":200,\"height\":289},{\"@type\":\"BreadcrumbList\",\"@id\":\"https:\\\/\\\/www.lauragallego.com\\\/en\\\/books\\\/books-in-other-languages\\\/books-in-turkish\\\/#breadcrumb\",\"itemListElement\":[{\"@type\":\"ListItem\",\"position\":1,\"name\":\"Home\",\"item\":\"https:\\\/\\\/www.lauragallego.com\\\/en\\\/\"},{\"@type\":\"ListItem\",\"position\":2,\"name\":\"Books\",\"item\":\"https:\\\/\\\/www.lauragallego.com\\\/en\\\/books\\\/\"},{\"@type\":\"ListItem\",\"position\":3,\"name\":\"Books in other languages\",\"item\":\"https:\\\/\\\/www.lauragallego.com\\\/en\\\/books\\\/books-in-other-languages\\\/\"},{\"@type\":\"ListItem\",\"position\":4,\"name\":\"Books in Turkish\"}]},{\"@type\":\"WebSite\",\"@id\":\"https:\\\/\\\/www.lauragallego.com\\\/#website\",\"url\":\"https:\\\/\\\/www.lauragallego.com\\\/\",\"name\":\"Laura Gallego - Oficial\",\"description\":\"\",\"publisher\":{\"@id\":\"https:\\\/\\\/www.lauragallego.com\\\/#organization\"},\"potentialAction\":[{\"@type\":\"SearchAction\",\"target\":{\"@type\":\"EntryPoint\",\"urlTemplate\":\"https:\\\/\\\/www.lauragallego.com\\\/?s={search_term_string}\"},\"query-input\":{\"@type\":\"PropertyValueSpecification\",\"valueRequired\":true,\"valueName\":\"search_term_string\"}}],\"inLanguage\":\"en-US\"},{\"@type\":\"Organization\",\"@id\":\"https:\\\/\\\/www.lauragallego.com\\\/#organization\",\"name\":\"Laura Gallego - Oficial\",\"url\":\"https:\\\/\\\/www.lauragallego.com\\\/\",\"logo\":{\"@type\":\"ImageObject\",\"inLanguage\":\"en-US\",\"@id\":\"https:\\\/\\\/www.lauragallego.com\\\/#\\\/schema\\\/logo\\\/image\\\/\",\"url\":\"https:\\\/\\\/www.lauragallego.com\\\/wp-content\\\/uploads\\\/2020\\\/07\\\/lechuza1.jpg\",\"contentUrl\":\"https:\\\/\\\/www.lauragallego.com\\\/wp-content\\\/uploads\\\/2020\\\/07\\\/lechuza1.jpg\",\"width\":1471,\"height\":1362,\"caption\":\"Laura Gallego - Oficial\"},\"image\":{\"@id\":\"https:\\\/\\\/www.lauragallego.com\\\/#\\\/schema\\\/logo\\\/image\\\/\"},\"sameAs\":[\"https:\\\/\\\/www.facebook.com\\\/lauragallegooficial\",\"https:\\\/\\\/x.com\\\/_LauraGallego\",\"https:\\\/\\\/www.instagram.com\\\/lauragallegooficial\\\/\",\"https:\\\/\\\/www.youtube.com\\\/channel\\\/UCYTcZ0cTkbbFolGJUp6Wqrw\\\/feed\"]}]}<\/script>\n<!-- \/ Yoast SEO plugin. -->","yoast_head_json":{"title":"Books in Turkish - Laura Gallego - Oficial","robots":{"index":"index","follow":"follow","max-snippet":"max-snippet:-1","max-image-preview":"max-image-preview:large","max-video-preview":"max-video-preview:-1"},"canonical":"https:\/\/www.lauragallego.com\/en\/books\/books-in-other-languages\/books-in-turkish\/","og_locale":"en_US","og_type":"article","og_title":"Books in Turkish - Laura Gallego - Oficial","og_description":"[vc_row][vc_column][vc_column_text el_class=&#8221;nav-books&#8221;] BOOKS BOOKS IN ENGLISH BOOKS IN OTHER LANGUAGES [\/vc_column_text][\/vc_column][\/vc_row][vc_row el_class=&#8221;row-books margin-bottom-3x&#8221;][vc_column][vc_row_inner][vc_column_inner width=&#8221;1\/2&#8243; offset=&#8221;vc_col-md-3&#8243;][vc_single_image image=&#8221;22546&#8243; img_size=&#8221;full&#8221;][vc_column_text]Title:\u00a0Idhun G\u00fcnl\u00fckleri I. Direnis. Publisher:\u00a0Pegasus Yayinlary Translator:\u00a0P\u0131nar G\u00f6kpar Synopsis:\u00a0\u00dc\u00e7 ay ve \u00fc\u00e7 g\u00fcnesin diyari Idhun\u2019da, karanlik b\u00fcy\u00fcc\u00fc ashran h\u00e2kimiyeti ele ge\u00e7irir. Yasadiklari d\u00fcnyadan ka\u00e7an bir savas\u00e7i ile b\u00fcy\u00fcc\u00fc, yery\u00fcz\u00fcnde yasayan Jack ve Victoria\u2019yi da aralarina alarak direnis\u2019i kurar. Ama\u00e7lari kanatli yilanlarin h\u00e2kimiyetini sona erdirmektir ama Ashran\u2019in bu is i\u00e7in \u00f6zel olarak g\u00f6revlendirdigi gen\u00e7 ve acimasiz katil Kirtash buna izin vermemeye kararlidir.[\/vc_column_text][\/vc_column_inner][vc_column_inner width=&#8221;1\/2&#8243; offset=&#8221;vc_col-md-3&#8243;][vc_single_image image=&#8221;25677&#8243;...","og_url":"https:\/\/www.lauragallego.com\/en\/books\/books-in-other-languages\/books-in-turkish\/","og_site_name":"Laura Gallego - Oficial","article_publisher":"https:\/\/www.facebook.com\/lauragallegooficial","article_modified_time":"2022-12-12T12:08:48+00:00","og_image":[{"width":200,"height":289,"url":"https:\/\/www.lauragallego.com\/wp-content\/uploads\/2022\/12\/valle_tur_p.jpg","type":"image\/jpeg"}],"twitter_card":"summary_large_image","twitter_site":"@_LauraGallego","twitter_misc":{"Est. reading time":"1 minute"},"schema":{"@context":"https:\/\/schema.org","@graph":[{"@type":"WebPage","@id":"https:\/\/www.lauragallego.com\/en\/books\/books-in-other-languages\/books-in-turkish\/","url":"https:\/\/www.lauragallego.com\/en\/books\/books-in-other-languages\/books-in-turkish\/","name":"Books in Turkish - Laura Gallego - Oficial","isPartOf":{"@id":"https:\/\/www.lauragallego.com\/#website"},"primaryImageOfPage":{"@id":"https:\/\/www.lauragallego.com\/en\/books\/books-in-other-languages\/books-in-turkish\/#primaryimage"},"image":{"@id":"https:\/\/www.lauragallego.com\/en\/books\/books-in-other-languages\/books-in-turkish\/#primaryimage"},"thumbnailUrl":"https:\/\/www.lauragallego.com\/wp-content\/uploads\/2022\/12\/valle_tur_p.jpg","datePublished":"2018-06-12T08:24:06+00:00","dateModified":"2022-12-12T12:08:48+00:00","breadcrumb":{"@id":"https:\/\/www.lauragallego.com\/en\/books\/books-in-other-languages\/books-in-turkish\/#breadcrumb"},"inLanguage":"en-US","potentialAction":[{"@type":"ReadAction","target":["https:\/\/www.lauragallego.com\/en\/books\/books-in-other-languages\/books-in-turkish\/"]}]},{"@type":"ImageObject","inLanguage":"en-US","@id":"https:\/\/www.lauragallego.com\/en\/books\/books-in-other-languages\/books-in-turkish\/#primaryimage","url":"https:\/\/www.lauragallego.com\/wp-content\/uploads\/2022\/12\/valle_tur_p.jpg","contentUrl":"https:\/\/www.lauragallego.com\/wp-content\/uploads\/2022\/12\/valle_tur_p.jpg","width":200,"height":289},{"@type":"BreadcrumbList","@id":"https:\/\/www.lauragallego.com\/en\/books\/books-in-other-languages\/books-in-turkish\/#breadcrumb","itemListElement":[{"@type":"ListItem","position":1,"name":"Home","item":"https:\/\/www.lauragallego.com\/en\/"},{"@type":"ListItem","position":2,"name":"Books","item":"https:\/\/www.lauragallego.com\/en\/books\/"},{"@type":"ListItem","position":3,"name":"Books in other languages","item":"https:\/\/www.lauragallego.com\/en\/books\/books-in-other-languages\/"},{"@type":"ListItem","position":4,"name":"Books in Turkish"}]},{"@type":"WebSite","@id":"https:\/\/www.lauragallego.com\/#website","url":"https:\/\/www.lauragallego.com\/","name":"Laura Gallego - Oficial","description":"","publisher":{"@id":"https:\/\/www.lauragallego.com\/#organization"},"potentialAction":[{"@type":"SearchAction","target":{"@type":"EntryPoint","urlTemplate":"https:\/\/www.lauragallego.com\/?s={search_term_string}"},"query-input":{"@type":"PropertyValueSpecification","valueRequired":true,"valueName":"search_term_string"}}],"inLanguage":"en-US"},{"@type":"Organization","@id":"https:\/\/www.lauragallego.com\/#organization","name":"Laura Gallego - Oficial","url":"https:\/\/www.lauragallego.com\/","logo":{"@type":"ImageObject","inLanguage":"en-US","@id":"https:\/\/www.lauragallego.com\/#\/schema\/logo\/image\/","url":"https:\/\/www.lauragallego.com\/wp-content\/uploads\/2020\/07\/lechuza1.jpg","contentUrl":"https:\/\/www.lauragallego.com\/wp-content\/uploads\/2020\/07\/lechuza1.jpg","width":1471,"height":1362,"caption":"Laura Gallego - Oficial"},"image":{"@id":"https:\/\/www.lauragallego.com\/#\/schema\/logo\/image\/"},"sameAs":["https:\/\/www.facebook.com\/lauragallegooficial","https:\/\/x.com\/_LauraGallego","https:\/\/www.instagram.com\/lauragallegooficial\/","https:\/\/www.youtube.com\/channel\/UCYTcZ0cTkbbFolGJUp6Wqrw\/feed"]}]}},"_links":{"self":[{"href":"https:\/\/www.lauragallego.com\/en\/wp-json\/wp\/v2\/pages\/22916","targetHints":{"allow":["GET"]}}],"collection":[{"href":"https:\/\/www.lauragallego.com\/en\/wp-json\/wp\/v2\/pages"}],"about":[{"href":"https:\/\/www.lauragallego.com\/en\/wp-json\/wp\/v2\/types\/page"}],"author":[{"embeddable":true,"href":"https:\/\/www.lauragallego.com\/en\/wp-json\/wp\/v2\/users\/2"}],"replies":[{"embeddable":true,"href":"https:\/\/www.lauragallego.com\/en\/wp-json\/wp\/v2\/comments?post=22916"}],"version-history":[{"count":0,"href":"https:\/\/www.lauragallego.com\/en\/wp-json\/wp\/v2\/pages\/22916\/revisions"}],"up":[{"embeddable":true,"href":"https:\/\/www.lauragallego.com\/en\/wp-json\/wp\/v2\/pages\/22726"}],"wp:featuredmedia":[{"embeddable":true,"href":"https:\/\/www.lauragallego.com\/en\/wp-json\/wp\/v2\/media\/25677"}],"wp:attachment":[{"href":"https:\/\/www.lauragallego.com\/en\/wp-json\/wp\/v2\/media?parent=22916"}],"curies":[{"name":"wp","href":"https:\/\/api.w.org\/{rel}","templated":true}]}}